{"id":250429,"date":"2026-01-10T18:07:20","date_gmt":"2026-01-10T15:07:20","guid":{"rendered":"https:\/\/baldumarket.lt\/product\/szafka-rtv-pok-po-11-grafit-buk-szary-bialy\/"},"modified":"2026-02-11T18:32:03","modified_gmt":"2026-02-11T15:32:03","slug":"szafka-rtv-pok-po-11-grafit-buk-szary-bialy","status":"publish","type":"product","link":"https:\/\/baldumarket.lt\/lt\/product\/szafka-rtv-pok-po-11-grafit-buk-szary-bialy\/","title":{"rendered":"TV spintel\u0117 POK PO-11 grafito\/buko\/pilkos\/baltos spalvos"},"content":{"rendered":"<p>Modelis: PO-11 Spalva: grafito \/ ibseno buko \/ \u0161viesiai pilka \/ balta Matmenys: Plotis: 100 cm Auk\u0161tis: 41 cm Gylis: 50 cm Pagrindin\u0117 informacija: korpuso pavadinimas: PO-11 kolekcijos pavadinimas: POK korpuso indeksas: PO11GBS spalva: grafito \/ ibseno buko \/ \u0161viesiai pilka \/ balta bald\u0173 tipas: TV spintel\u0117 korpuso charakteristikos: 1D1S plotis: 100 cm auk\u0161tis: 41 cm gylis: 50 cm korpuso svoris: 31 kg surinkimas: reikalingas surinkimas kolekcijos stilius: modernus interjero tipas 1: jaunimo kambarys \u012franga: 1x lentyna stal\u010di\u0173 skai\u010dius: 1 dureli\u0173 skai\u010dius: 1 furnit\u016bra: vyris: pasl\u0117ptas standartinis rankena: plastikin\u0117 stal\u010diaus b\u0117gel\u0117: ritinin\u0117 b\u0117gel\u0117 p\u0117del\u0117 \/ koja: b\u0117gelis su vinimi Med\u017eiaga: korpusas: laminuota med\u017eio dro\u017eli\u0173 plok\u0161t\u0117: 16 mm korpuso kra\u0161to apdaila: A 0,45 mm spalva korpusas: grafito \/ ibseno buko vir\u0161us: laminuota med\u017eio dro\u017eli\u0173 plok\u0161t\u0117; 16 mm vir\u0161utinio kra\u0161to apdaila: A 0,45 mm klijuot\u0173 vir\u0161utini\u0173 kra\u0161t\u0173 skai\u010dius: 4 vir\u0161utin\u0117 spalva: grafitas galin\u0117 sienel\u0117: HDF plok\u0161t\u0117; 3 mm matomos galin\u0117s sienel\u0117s dalies apdaila: laminatas nematomos galin\u0117s sienel\u0117s dalies apdaila: laminatas galin\u0117s sienos tvirtinimas: \u201eNuta\u201c galin\u0117s sienel\u0117s spalva: grafitas lentyna: laminuota med\u017eio dro\u017eli\u0173 plok\u0161t\u0117; 16 mm lentynos kra\u0161to apdaila A 0,45 mm klijuot\u0173 lentynos kra\u0161t\u0173 skai\u010dius: 1 leistina lentynos apkrova: 5 kg lentynos spalva: ibsen bukas lentyn\u0173 skai\u010dius: 1 priekis: laminuota med\u017eio dro\u017eli\u0173 plok\u0161t\u0117; 16 mm priekin\u0117s kra\u0161to apdaila: S 1,70 mm priekin\u0117s spalvos: \u0161viesiai pilka \/ balta stal\u010diaus vidin\u0117 apdaila: balta juostel\u0117 stal\u010diaus apa\u010dia: HDF plok\u0161t\u0117; 3 mm Svarbu: Spintel\u0117 gaminama pagal individual\u0173 kliento u\u017esakym\u0105. U\u017esakymo negalima at\u0161aukti pra\u0117jus 48 valandoms nuo u\u017esakymo datos. Pra\u0161ome apsipirkti atid\u017eiai.<\/p>","protected":false},"excerpt":{"rendered":"<p>Model: PO-11 Color: graphite \/ ibsen beech \/ light grey \/ white Dimensions: Width: 100cm Height: 41cm Depth: 50cm Basic information: name of the body: PO-11 name of the collection: POK index of the body: PO11GBS color: graphite \/ ibsen beech \/ light grey \/ white furniture type: TV cabinet body characteristics: 1D1S width: 100 [&hellip;]<\/p>","protected":false},"featured_media":250430,"comment_status":"open","ping_status":"open","template":"","meta":[],"product_brand":[],"product_cat":[9260,2454,1175],"product_tag":[],"class_list":{"0":"post-250429","1":"product","2":"type-product","3":"status-publish","4":"has-post-thumbnail","6":"product_cat-furniture-system-pok-lenart","7":"product_cat-lenart","8":"product_cat-tv-stands","10":"first","11":"instock","12":"purchasable","13":"product-type-simple"},"_links":{"self":[{"href":"https:\/\/baldumarket.lt\/lt\/wp-json\/wp\/v2\/product\/250429","targetHints":{"allow":["GET"]}}],"collection":[{"href":"https:\/\/baldumarket.lt\/lt\/wp-json\/wp\/v2\/product"}],"about":[{"href":"https:\/\/baldumarket.lt\/lt\/wp-json\/wp\/v2\/types\/product"}],"replies":[{"embeddable":true,"href":"https:\/\/baldumarket.lt\/lt\/wp-json\/wp\/v2\/comments?post=250429"}],"wp:featuredmedia":[{"embeddable":true,"href":"https:\/\/baldumarket.lt\/lt\/wp-json\/wp\/v2\/media\/250430"}],"wp:attachment":[{"href":"https:\/\/baldumarket.lt\/lt\/wp-json\/wp\/v2\/media?parent=250429"}],"wp:term":[{"taxonomy":"product_brand","embeddable":true,"href":"https:\/\/baldumarket.lt\/lt\/wp-json\/wp\/v2\/product_brand?post=250429"},{"taxonomy":"product_cat","embeddable":true,"href":"https:\/\/baldumarket.lt\/lt\/wp-json\/wp\/v2\/product_cat?post=250429"},{"taxonomy":"product_tag","embeddable":true,"href":"https:\/\/baldumarket.lt\/lt\/wp-json\/wp\/v2\/product_tag?post=250429"}],"curies":[{"name":"wp","href":"https:\/\/api.w.org\/{rel}","templated":true}]}}