{"id":250421,"date":"2026-01-10T18:07:17","date_gmt":"2026-01-10T15:07:17","guid":{"rendered":"https:\/\/baldumarket.lt\/product\/polka-pok-po-12-grafit-buk-szary-bialy\/"},"modified":"2026-02-11T18:32:03","modified_gmt":"2026-02-11T15:32:03","slug":"polka-pok-po-12-grafit-buk-szary-bialy","status":"publish","type":"product","link":"https:\/\/baldumarket.lt\/lt\/product\/polka-pok-po-12-grafit-buk-szary-bialy\/","title":{"rendered":"Lentyna POK PO-12 grafito\/buko\/pilkos\/baltos spalvos"},"content":{"rendered":"<p>Modelis: PO-12 Spalva: Grafito \/ Ibseno buko \/ \u0160viesiai pilka \/ Balta Matmenys: Plotis: 90 cm Auk\u0161tis: 20 cm Gylis: 22 cm Pagrindin\u0117 informacija: Modelio pavadinimas: PO-12 Kolekcijos pavadinimas: POK Modelio indeksas: P12GBS Spalva: Grafito \/ Ibseno buko \/ \u0160viesiai pilka \/ Balta Bald\u0173 tipas: Lentyna Plotis: 90 cm Auk\u0161tis: 60 cm Gylis: 22 cm Modelio svoris: 4 kg Surinkimas: Reikalingas surinkimas Kolekcijos stilius: Modernus Interjero tipas 1: Paaugli\u0173 kambarys Med\u017eiaga: R\u0117mas: Laminuota med\u017eio dro\u017eli\u0173 plok\u0161t\u0117: 16 mm R\u0117mo kra\u0161to apdaila: A 0,45 mm Lentynos kra\u0161to apdaila: 3 Leistina lentynos apkrova: 5 kg Lentynos spalva: Grafito Lentyn\u0173 skai\u010dius: 1 Svarbu: \u0160i lentyna gaminama pagal individual\u0173 kliento u\u017esakym\u0105. At\u0161aukti negalima pra\u0117jus 48 valandoms nuo u\u017esakymo pateikimo. Pra\u0161ome apsipirkti atid\u017eiai.<\/p>","protected":false},"excerpt":{"rendered":"<p>Modelis: PO-12 Spalva: Grafito \/ Ibseno buko \/ \u0160viesiai pilka \/ Balta Matmenys: Plotis: 90 cm Auk\u0161tis: 20 cm Gylis: 22 cm Pagrindin\u0117 informacija: Modelio pavadinimas: PO-12 Kolekcijos pavadinimas: POK Modelio indeksas: P12GBS Spalva: Grafito \/ Ibseno buko \/ \u0160viesiai pilka \/ Balta Baldo tipas: Lentyna Plotis: 90 cm Auk\u0161tis: 60 cm Gylis: 22 cm Modelio svoris: 4 [\u2026]<\/p>","protected":false},"featured_media":250422,"comment_status":"open","ping_status":"open","template":"","meta":[],"product_brand":[],"product_cat":[9260,1174,2454],"product_tag":[],"class_list":{"0":"post-250421","1":"product","2":"type-product","3":"status-publish","4":"has-post-thumbnail","6":"product_cat-furniture-system-pok-lenart","7":"product_cat-hanging-shelves","8":"product_cat-lenart","10":"first","11":"instock","12":"purchasable","13":"product-type-simple"},"_links":{"self":[{"href":"https:\/\/baldumarket.lt\/lt\/wp-json\/wp\/v2\/product\/250421","targetHints":{"allow":["GET"]}}],"collection":[{"href":"https:\/\/baldumarket.lt\/lt\/wp-json\/wp\/v2\/product"}],"about":[{"href":"https:\/\/baldumarket.lt\/lt\/wp-json\/wp\/v2\/types\/product"}],"replies":[{"embeddable":true,"href":"https:\/\/baldumarket.lt\/lt\/wp-json\/wp\/v2\/comments?post=250421"}],"wp:featuredmedia":[{"embeddable":true,"href":"https:\/\/baldumarket.lt\/lt\/wp-json\/wp\/v2\/media\/250422"}],"wp:attachment":[{"href":"https:\/\/baldumarket.lt\/lt\/wp-json\/wp\/v2\/media?parent=250421"}],"wp:term":[{"taxonomy":"product_brand","embeddable":true,"href":"https:\/\/baldumarket.lt\/lt\/wp-json\/wp\/v2\/product_brand?post=250421"},{"taxonomy":"product_cat","embeddable":true,"href":"https:\/\/baldumarket.lt\/lt\/wp-json\/wp\/v2\/product_cat?post=250421"},{"taxonomy":"product_tag","embeddable":true,"href":"https:\/\/baldumarket.lt\/lt\/wp-json\/wp\/v2\/product_tag?post=250421"}],"curies":[{"name":"wp","href":"https:\/\/api.w.org\/{rel}","templated":true}]}}