{"id":250397,"date":"2026-01-10T18:07:06","date_gmt":"2026-01-10T15:07:06","guid":{"rendered":"https:\/\/baldumarket.lt\/product\/regal-pok-po-06-grafit-buk-szary-bialy\/"},"modified":"2026-02-11T18:32:03","modified_gmt":"2026-02-11T15:32:03","slug":"regal-pok-po-06-grafit-buk-szary-bialy","status":"publish","type":"product","link":"https:\/\/baldumarket.lt\/lt\/product\/regal-pok-po-06-grafit-buk-szary-bialy\/","title":{"rendered":"POK PO-06 knyg\u0173 lentyna grafito\/buko\/pilkos\/baltos spalvos"},"content":{"rendered":"<p>Modelis: PO-06 Spalva: grafito \/ ibseno buko \/ \u0161viesiai pilka \/ balta Matmenys: Plotis: 90 cm Auk\u0161tis: 130 cm Gylis: 40 cm Pagrindin\u0117 informacija: korpuso pavadinimas: PO-06 kolekcijos pavadinimas: POK korpuso indeksas: PO6GBS spalvos: grafito \/ ibseno buko \/ \u0161viesiai pilka \/ balta bald\u0173 tipas: knyg\u0173 lentyna korpuso charakteristikos: 2D plotis: 90 cm auk\u0161tis: 130 cm gylis: 40 cm korpuso svoris: 47 kg surinkimas: reikalingas surinkimas kolekcijos stilius: modernus interjero tipas 1: jaunimo kambarys \u012franga: 4x lentynos dureli\u0173 skai\u010dius: 2 furnit\u016bra: vyris: pasl\u0117ptas standartinis rankena: plastikin\u0117 koja \/ kojel\u0117: b\u0117gelis su vinimi Med\u017eiaga: korpusas: laminuota med\u017eio dro\u017eli\u0173 plok\u0161t\u0117: 16 mm korpuso kra\u0161to apdaila: A 0,45 mm korpuso spalva: grafito \/ ibseno buko vir\u0161us: laminuota med\u017eio dro\u017eli\u0173 plok\u0161t\u0117; 16 mm vir\u0161utin\u0117s kra\u0161to apdaila: A 0,45 mm kra\u0161t\u0173 juosteli\u0173 skai\u010dius: 4 vir\u0161utin\u0117s spalvos: grafito galin\u0117 sienel\u0117: HDF plok\u0161t\u0117; 3 mm matomos galin\u0117s sienel\u0117s apdaila: laminatas nematomos galin\u0117s sienel\u0117s apdaila: laminatas galin\u0117s sienel\u0117s tvirtinimas: \u201enuta\u201c galin\u0117s sienel\u0117s spalva: grafitas lentyna: laminuota med\u017eio dro\u017eli\u0173 plok\u0161t\u0117; 16 mm lentynos kra\u0161to apdaila: A 0,45 mm kra\u0161t\u0173 juosteli\u0173 skai\u010dius: 1 lentynos keliamoji galia: 5 kg lentynos spalva: grafitas \/ Ibseno bukas lentyn\u0173 skai\u010dius: 4 priekin\u0117 dalis: laminuota med\u017eio dro\u017eli\u0173 plok\u0161t\u0117; 16 mm priekin\u0117s kra\u0161to apdaila: S 1,70 mm priekin\u0117s dalies spalva: \u0161viesiai pilka \/ balta Svarbu: \u0161i lentyna gaminama pagal u\u017esakym\u0105. U\u017esakymo at\u0161aukti negalima pra\u0117jus 48 valandoms nuo u\u017esakymo pateikimo. Pra\u0161ome apsipirkti atid\u017eiai.<\/p>","protected":false},"excerpt":{"rendered":"<p>Modelis: PO-06 Spalva: grafitas \/ ibsen bukas \/ \u0161viesiai pilka \/ balta Matmenys: Plotis: 90 cm Auk\u0161tis: 130 cm Gylis: 40 cm Pagrindin\u0117 informacija: korpuso pavadinimas: PO-06 kolekcijos pavadinimas: POK korpuso indeksas: PO6GBS spalvos: grafitas \/ ibsen bukas \/ \u0161viesiai pilka \/ balta bald\u0173 tipas: knyg\u0173 lentyna korpuso charakteristikos: 2D plotis: 90 cm [\u2026]<\/p>","protected":false},"featured_media":250398,"comment_status":"open","ping_status":"open","template":"","meta":[],"product_brand":[],"product_cat":[9260,2454,1177],"product_tag":[],"class_list":{"0":"post-250397","1":"product","2":"type-product","3":"status-publish","4":"has-post-thumbnail","6":"product_cat-furniture-system-pok-lenart","7":"product_cat-lenart","8":"product_cat-wardrobes","10":"first","11":"instock","12":"purchasable","13":"product-type-simple"},"_links":{"self":[{"href":"https:\/\/baldumarket.lt\/lt\/wp-json\/wp\/v2\/product\/250397","targetHints":{"allow":["GET"]}}],"collection":[{"href":"https:\/\/baldumarket.lt\/lt\/wp-json\/wp\/v2\/product"}],"about":[{"href":"https:\/\/baldumarket.lt\/lt\/wp-json\/wp\/v2\/types\/product"}],"replies":[{"embeddable":true,"href":"https:\/\/baldumarket.lt\/lt\/wp-json\/wp\/v2\/comments?post=250397"}],"wp:featuredmedia":[{"embeddable":true,"href":"https:\/\/baldumarket.lt\/lt\/wp-json\/wp\/v2\/media\/250398"}],"wp:attachment":[{"href":"https:\/\/baldumarket.lt\/lt\/wp-json\/wp\/v2\/media?parent=250397"}],"wp:term":[{"taxonomy":"product_brand","embeddable":true,"href":"https:\/\/baldumarket.lt\/lt\/wp-json\/wp\/v2\/product_brand?post=250397"},{"taxonomy":"product_cat","embeddable":true,"href":"https:\/\/baldumarket.lt\/lt\/wp-json\/wp\/v2\/product_cat?post=250397"},{"taxonomy":"product_tag","embeddable":true,"href":"https:\/\/baldumarket.lt\/lt\/wp-json\/wp\/v2\/product_tag?post=250397"}],"curies":[{"name":"wp","href":"https:\/\/api.w.org\/{rel}","templated":true}]}}