{"id":250333,"date":"2026-01-10T18:06:40","date_gmt":"2026-01-10T15:06:40","guid":{"rendered":"https:\/\/baldumarket.lt\/product\/komoda-z-oswietleniem-2d1w-visso-vi-01-dab-linearny\/"},"modified":"2026-02-11T18:32:03","modified_gmt":"2026-02-11T15:32:03","slug":"komoda-z-oswietleniem-2d1w-visso-vi-01-dab-linearny","status":"publish","type":"product","link":"https:\/\/baldumarket.lt\/lt\/product\/komoda-z-oswietleniem-2d1w-visso-vi-01-dab-linearny\/","title":{"rendered":"Komoda su ap\u0161vietimu 2d1w VISSO VI-01 | \u0104\u017euolas linijinis"},"content":{"rendered":"<p>Kolekcija: VISSO<br \/>\nModelis: VI-01<br \/>\nSpalva: linijinis \u0105\u017euolas<br \/>\nMatmenys: Auk\u0161tis: 158 cm<br \/>\nPlotis: 91 cm<br \/>\nGylis (ilgis): 34 cm<br \/>\nTolerancija: \u00b12%<br \/>\nMed\u017eiaga: Korpusas pagamintas i\u0161 laminuotos med\u017eio dro\u017eli\u0173 plok\u0161t\u0117s<br \/>\nStalvir\u0161is pagamintas i\u0161 laminuotos med\u017eio dro\u017eli\u0173 plok\u0161t\u0117s<br \/>\nGalin\u0117 siena pagaminta i\u0161 laminuotos med\u017eio dro\u017eli\u0173 plok\u0161t\u0117s<br \/>\n4 mm stiklin\u0117 lentyna<br \/>\nLentynos pagamintos i\u0161 laminuotos med\u017eio dro\u017eli\u0173 plok\u0161t\u0117s<br \/>\n\u012emontuotas LED ap\u0161vietimas<br \/>\nPagaminta Lenkijoje<\/p>","protected":false},"excerpt":{"rendered":"<p>Collection: VISSO Model: VI-01 Color: Linear Oak Dimensions: Height: 158 cm Width: 91 cm Depth (length): 34 cm Tolerance: \u00b12% Material: Body made of laminated particle board Tabletop made of laminated particle board Back wall made of laminated particle board 4 mm glass shelf Shelves made of laminated particle board Built-in LED lighting Made in [&hellip;]<\/p>","protected":false},"featured_media":250334,"comment_status":"open","ping_status":"open","template":"","meta":[],"product_brand":[],"product_cat":[9264,1173,2454],"product_tag":[],"class_list":{"0":"post-250333","1":"product","2":"type-product","3":"status-publish","4":"has-post-thumbnail","6":"product_cat-furniture-system-visso-lenart","7":"product_cat-chests-of-drawers","8":"product_cat-lenart","10":"first","11":"instock","12":"purchasable","13":"product-type-simple"},"_links":{"self":[{"href":"https:\/\/baldumarket.lt\/lt\/wp-json\/wp\/v2\/product\/250333","targetHints":{"allow":["GET"]}}],"collection":[{"href":"https:\/\/baldumarket.lt\/lt\/wp-json\/wp\/v2\/product"}],"about":[{"href":"https:\/\/baldumarket.lt\/lt\/wp-json\/wp\/v2\/types\/product"}],"replies":[{"embeddable":true,"href":"https:\/\/baldumarket.lt\/lt\/wp-json\/wp\/v2\/comments?post=250333"}],"wp:featuredmedia":[{"embeddable":true,"href":"https:\/\/baldumarket.lt\/lt\/wp-json\/wp\/v2\/media\/250334"}],"wp:attachment":[{"href":"https:\/\/baldumarket.lt\/lt\/wp-json\/wp\/v2\/media?parent=250333"}],"wp:term":[{"taxonomy":"product_brand","embeddable":true,"href":"https:\/\/baldumarket.lt\/lt\/wp-json\/wp\/v2\/product_brand?post=250333"},{"taxonomy":"product_cat","embeddable":true,"href":"https:\/\/baldumarket.lt\/lt\/wp-json\/wp\/v2\/product_cat?post=250333"},{"taxonomy":"product_tag","embeddable":true,"href":"https:\/\/baldumarket.lt\/lt\/wp-json\/wp\/v2\/product_tag?post=250333"}],"curies":[{"name":"wp","href":"https:\/\/api.w.org\/{rel}","templated":true}]}}