{"id":250318,"date":"2026-01-10T18:06:34","date_gmt":"2026-01-10T15:06:34","guid":{"rendered":"https:\/\/baldumarket.lt\/product\/komoda-z-oswietleniem-1d1w2s-visso-vi-05-dab-linearny\/"},"modified":"2026-02-11T18:32:04","modified_gmt":"2026-02-11T15:32:04","slug":"komoda-z-oswietleniem-1d1w2s-visso-vi-05-dab-linearny","status":"publish","type":"product","link":"https:\/\/baldumarket.lt\/lt\/product\/komoda-z-oswietleniem-1d1w2s-visso-vi-05-dab-linearny\/","title":{"rendered":"Komoda su ap\u0161vietimu 1d1w2s VISSO VI-05 | Linijinis \u0105\u017euolas"},"content":{"rendered":"<p>Kolekcija: VISSO<br \/>\nModelis: VI-05<br \/>\nSpalva: linijinis \u0105\u017euolas<br \/>\n\u00a0<br \/>\nMatmenys: Auk\u0161tis: 85 cm<br \/>\nPlotis: 167 cm<br \/>\nGylis (ilgis): 41 cm<br \/>\nTolerancija: \u00b1 2%<br \/>\n\u00a0<br \/>\nMed\u017eiaga: laminuotos med\u017eio dro\u017eli\u0173 plok\u0161t\u0117s korpusas<br \/>\nLaminuotos med\u017eio dro\u017eli\u0173 plok\u0161t\u0117s vir\u0161us<br \/>\nHDF galin\u0117 panel\u0117<br \/>\nLaminuotos med\u017eio dro\u017eli\u0173 plok\u0161t\u0117s priekis<br \/>\nHDF stal\u010diaus dugnas<br \/>\nLED ap\u0161vietimas<br \/>\nPagaminta Lenkijoje<\/p>","protected":false},"excerpt":{"rendered":"<p>Kolekcija: VISSO Modelis: VI-05 Spalva: Linijinis \u0105\u017euolas Matmenys: Auk\u0161tis: 85 cm Plotis: 167 cm Gylis (ilgis): 41 cm Tolerancija: \u00b1 2% Med\u017eiaga: Laminuotos med\u017eio dro\u017eli\u0173 plok\u0161t\u0117s korpusas Laminuotos med\u017eio dro\u017eli\u0173 plok\u0161t\u0117s vir\u0161us HDF galin\u0117 panel\u0117 Laminuotos med\u017eio dro\u017eli\u0173 plok\u0161t\u0117s priekis HDF stal\u010diaus apa\u010dia LED ap\u0161vietimas Pagaminta Lenkijoje<\/p>","protected":false},"featured_media":250319,"comment_status":"open","ping_status":"open","template":"","meta":[],"product_brand":[],"product_cat":[9264,1173,2454],"product_tag":[],"class_list":{"0":"post-250318","1":"product","2":"type-product","3":"status-publish","4":"has-post-thumbnail","6":"product_cat-furniture-system-visso-lenart","7":"product_cat-chests-of-drawers","8":"product_cat-lenart","10":"first","11":"instock","12":"purchasable","13":"product-type-simple"},"_links":{"self":[{"href":"https:\/\/baldumarket.lt\/lt\/wp-json\/wp\/v2\/product\/250318","targetHints":{"allow":["GET"]}}],"collection":[{"href":"https:\/\/baldumarket.lt\/lt\/wp-json\/wp\/v2\/product"}],"about":[{"href":"https:\/\/baldumarket.lt\/lt\/wp-json\/wp\/v2\/types\/product"}],"replies":[{"embeddable":true,"href":"https:\/\/baldumarket.lt\/lt\/wp-json\/wp\/v2\/comments?post=250318"}],"wp:featuredmedia":[{"embeddable":true,"href":"https:\/\/baldumarket.lt\/lt\/wp-json\/wp\/v2\/media\/250319"}],"wp:attachment":[{"href":"https:\/\/baldumarket.lt\/lt\/wp-json\/wp\/v2\/media?parent=250318"}],"wp:term":[{"taxonomy":"product_brand","embeddable":true,"href":"https:\/\/baldumarket.lt\/lt\/wp-json\/wp\/v2\/product_brand?post=250318"},{"taxonomy":"product_cat","embeddable":true,"href":"https:\/\/baldumarket.lt\/lt\/wp-json\/wp\/v2\/product_cat?post=250318"},{"taxonomy":"product_tag","embeddable":true,"href":"https:\/\/baldumarket.lt\/lt\/wp-json\/wp\/v2\/product_tag?post=250318"}],"curies":[{"name":"wp","href":"https:\/\/api.w.org\/{rel}","templated":true}]}}