{"id":250311,"date":"2026-01-10T18:06:31","date_gmt":"2026-01-10T15:06:31","guid":{"rendered":"https:\/\/baldumarket.lt\/product\/komoda-2d2s-visso-vi-04-dab-linearny\/"},"modified":"2026-02-11T18:32:04","modified_gmt":"2026-02-11T15:32:04","slug":"komoda-2d2s-visso-vi-04-dab-linearny","status":"publish","type":"product","link":"https:\/\/baldumarket.lt\/lt\/product\/komoda-2d2s-visso-vi-04-dab-linearny\/","title":{"rendered":"VISSO VI-04 komoda su 2 stal\u010diais | \u0105\u017euolo spalvos"},"content":{"rendered":"<p>Kolekcija: VISSO<br \/>\nModelis: VI-04<br \/>\nSpalva: linijinis \u0105\u017euolas<br \/>\n\u00a0<br \/>\nMatmenys: Auk\u0161tis: 85 cm<br \/>\nPlotis: 167 cm<br \/>\nGylis (ilgis): 41 cm<br \/>\nTolerancija: \u00b12%<br \/>\n\u00a0<br \/>\nMed\u017eiaga: Korpusas pagamintas i\u0161 laminuotos med\u017eio dro\u017eli\u0173 plok\u0161t\u0117s<br \/>\nVir\u0161utinis sluoksnis pagamintas i\u0161 laminuotos med\u017eio dro\u017eli\u0173 plok\u0161t\u0117s<br \/>\nGalin\u0117 siena pagaminta i\u0161 HDF plok\u0161t\u0117s<br \/>\nLaminuotos med\u017eio dro\u017eli\u0173 plok\u0161t\u0117s priekin\u0117 dalis<br \/>\nStal\u010diaus dugnas pagamintas i\u0161 HDF plok\u0161t\u0117s<br \/>\nPagaminta Lenkijoje<\/p>","protected":false},"excerpt":{"rendered":"<p>Kolekcija: VISSO Modelis: VI-04 Spalva: Linijinis \u0105\u017euolas Matmenys: Auk\u0161tis: 85 cm Plotis: 167 cm Gylis (ilgis): 41 cm Tolerancija: \u00b12% Med\u017eiaga: Korpusas pagamintas i\u0161 laminuotos med\u017eio dro\u017eli\u0173 plok\u0161t\u0117s Vir\u0161us pagamintas i\u0161 laminuotos med\u017eio dro\u017eli\u0173 plok\u0161t\u0117s Galin\u0117 sienel\u0117 pagaminta i\u0161 HDF plok\u0161t\u0117s Laminuotos med\u017eio dro\u017eli\u0173 plok\u0161t\u0117s priekis Stal\u010diaus dugnas pagamintas i\u0161 HDF plok\u0161t\u0117s Pagaminta Lenkijoje<\/p>","protected":false},"featured_media":250312,"comment_status":"open","ping_status":"open","template":"","meta":[],"product_brand":[],"product_cat":[9264,1173,2454],"product_tag":[],"class_list":{"0":"post-250311","1":"product","2":"type-product","3":"status-publish","4":"has-post-thumbnail","6":"product_cat-furniture-system-visso-lenart","7":"product_cat-chests-of-drawers","8":"product_cat-lenart","10":"first","11":"instock","12":"purchasable","13":"product-type-simple"},"_links":{"self":[{"href":"https:\/\/baldumarket.lt\/lt\/wp-json\/wp\/v2\/product\/250311","targetHints":{"allow":["GET"]}}],"collection":[{"href":"https:\/\/baldumarket.lt\/lt\/wp-json\/wp\/v2\/product"}],"about":[{"href":"https:\/\/baldumarket.lt\/lt\/wp-json\/wp\/v2\/types\/product"}],"replies":[{"embeddable":true,"href":"https:\/\/baldumarket.lt\/lt\/wp-json\/wp\/v2\/comments?post=250311"}],"wp:featuredmedia":[{"embeddable":true,"href":"https:\/\/baldumarket.lt\/lt\/wp-json\/wp\/v2\/media\/250312"}],"wp:attachment":[{"href":"https:\/\/baldumarket.lt\/lt\/wp-json\/wp\/v2\/media?parent=250311"}],"wp:term":[{"taxonomy":"product_brand","embeddable":true,"href":"https:\/\/baldumarket.lt\/lt\/wp-json\/wp\/v2\/product_brand?post=250311"},{"taxonomy":"product_cat","embeddable":true,"href":"https:\/\/baldumarket.lt\/lt\/wp-json\/wp\/v2\/product_cat?post=250311"},{"taxonomy":"product_tag","embeddable":true,"href":"https:\/\/baldumarket.lt\/lt\/wp-json\/wp\/v2\/product_tag?post=250311"}],"curies":[{"name":"wp","href":"https:\/\/api.w.org\/{rel}","templated":true}]}}