{"id":250305,"date":"2026-01-10T18:06:29","date_gmt":"2026-01-10T15:06:29","guid":{"rendered":"https:\/\/baldumarket.lt\/product\/komoda-1d2s-visso-vi-03-dab-linearny\/"},"modified":"2026-02-11T18:32:04","modified_gmt":"2026-02-11T15:32:04","slug":"komoda-1d2s-visso-vi-03-dab-linearny","status":"publish","type":"product","link":"https:\/\/baldumarket.lt\/lt\/product\/komoda-1d2s-visso-vi-03-dab-linearny\/","title":{"rendered":"Komoda 1d2s VISSO VI-03 | Linijinis \u0105\u017euolas"},"content":{"rendered":"<p>Kolekcija: VISSO<br \/>\nModelis: VI-03<br \/>\nSpalva: linijinis \u0105\u017euolas<br \/>\nMatmenys: Auk\u0161tis: 85 cm<br \/>\nPlotis: 127 cm<br \/>\nGylis (ilgis): 41 cm<br \/>\nTolerancija: \u00b12%<br \/>\nMed\u017eiaga: laminuotos med\u017eio dro\u017eli\u0173 plok\u0161t\u0117s korpusas<br \/>\nLaminuotos plok\u0161t\u0117s vir\u0161us<br \/>\nHDF plok\u0161t\u0117s siena<br \/>\nLaminuotos med\u017eio dro\u017eli\u0173 plok\u0161t\u0117s priekis<br \/>\nPagaminta Lenkijoje<\/p>","protected":false},"excerpt":{"rendered":"<p>Kolekcija: VISSO Modelis: VI-03 Spalva: Linijinis \u0105\u017euolas Matmenys: Auk\u0161tis: 85 cm Plotis: 127 cm Gylis (ilgis): 41 cm Tolerancija: \u00b12% Med\u017eiaga: Laminuotos med\u017eio dro\u017eli\u0173 plok\u0161t\u0117s korpusas Laminuotos med\u017eio dro\u017eli\u0173 plok\u0161t\u0117s vir\u0161us HDF plok\u0161t\u0117s sienel\u0117 Laminuotos med\u017eio dro\u017eli\u0173 plok\u0161t\u0117s priekin\u0117 dalis Pagaminta Lenkijoje<\/p>","protected":false},"featured_media":250306,"comment_status":"open","ping_status":"open","template":"","meta":[],"product_brand":[],"product_cat":[9264,1173,2454],"product_tag":[],"class_list":{"0":"post-250305","1":"product","2":"type-product","3":"status-publish","4":"has-post-thumbnail","6":"product_cat-furniture-system-visso-lenart","7":"product_cat-chests-of-drawers","8":"product_cat-lenart","10":"first","11":"instock","12":"purchasable","13":"product-type-simple"},"_links":{"self":[{"href":"https:\/\/baldumarket.lt\/lt\/wp-json\/wp\/v2\/product\/250305","targetHints":{"allow":["GET"]}}],"collection":[{"href":"https:\/\/baldumarket.lt\/lt\/wp-json\/wp\/v2\/product"}],"about":[{"href":"https:\/\/baldumarket.lt\/lt\/wp-json\/wp\/v2\/types\/product"}],"replies":[{"embeddable":true,"href":"https:\/\/baldumarket.lt\/lt\/wp-json\/wp\/v2\/comments?post=250305"}],"wp:featuredmedia":[{"embeddable":true,"href":"https:\/\/baldumarket.lt\/lt\/wp-json\/wp\/v2\/media\/250306"}],"wp:attachment":[{"href":"https:\/\/baldumarket.lt\/lt\/wp-json\/wp\/v2\/media?parent=250305"}],"wp:term":[{"taxonomy":"product_brand","embeddable":true,"href":"https:\/\/baldumarket.lt\/lt\/wp-json\/wp\/v2\/product_brand?post=250305"},{"taxonomy":"product_cat","embeddable":true,"href":"https:\/\/baldumarket.lt\/lt\/wp-json\/wp\/v2\/product_cat?post=250305"},{"taxonomy":"product_tag","embeddable":true,"href":"https:\/\/baldumarket.lt\/lt\/wp-json\/wp\/v2\/product_tag?post=250305"}],"curies":[{"name":"wp","href":"https:\/\/api.w.org\/{rel}","templated":true}]}}