{"id":250289,"date":"2026-01-10T18:06:23","date_gmt":"2026-01-10T15:06:23","guid":{"rendered":"https:\/\/baldumarket.lt\/product\/szafka-nocna-visso-vi-10-dab-linearny\/"},"modified":"2026-02-11T18:32:04","modified_gmt":"2026-02-11T15:32:04","slug":"szafka-nocna-visso-vi-10-dab-linearny","status":"publish","type":"product","link":"https:\/\/baldumarket.lt\/lt\/product\/szafka-nocna-visso-vi-10-dab-linearny\/","title":{"rendered":"VISSO VI-10 naktinis staliukas | Linijinis \u0105\u017euolas"},"content":{"rendered":"<p>Kolekcija: VISSO<br \/>\nModelis: VI-10<br \/>\nSpalva: linijinis \u0105\u017euolas<br \/>\nMatmenys: Auk\u0161tis: 51 cm<br \/>\nPlotis: 62 cm<br \/>\nGylis (ilgis): 41 cm<br \/>\nTolerancija: \u00b12%<br \/>\nMed\u017eiaga: Korpusas pagamintas i\u0161 laminuotos med\u017eio dro\u017eli\u0173 plok\u0161t\u0117s<br \/>\nVir\u0161utinis sluoksnis pagamintas i\u0161 laminuotos med\u017eio dro\u017eli\u0173 plok\u0161t\u0117s<br \/>\nVir\u0161utinis kra\u0161tas apdailintas ABS pl\u0117vele<br \/>\nGalin\u0117 siena pagaminta i\u0161 laminuotos med\u017eio dro\u017eli\u0173 plok\u0161t\u0117s<br \/>\nSpintel\u0117s priekin\u0117 dalis taip pat pagaminta i\u0161 laminuotos med\u017eio dro\u017eli\u0173 plok\u0161t\u0117s<br \/>\nPagaminta Lenkijoje<\/p>","protected":false},"excerpt":{"rendered":"<p>Collection: VISSO Model: VI-10 Color: Linear Oak Dimensions: Height: 51 cm Width: 62 cm Depth (length): 41 cm Tolerance: \u00b12% Material: Body made of laminated particle board Top made of laminated particle board Top edge finished with ABS Back wall made of laminated particle board Cabinet front also made of laminated particle board Made in [&hellip;]<\/p>","protected":false},"featured_media":250290,"comment_status":"open","ping_status":"open","template":"","meta":[],"product_brand":[],"product_cat":[9264,1176,2454],"product_tag":[],"class_list":{"0":"post-250289","1":"product","2":"type-product","3":"status-publish","4":"has-post-thumbnail","6":"product_cat-furniture-system-visso-lenart","7":"product_cat-bedside-tables","8":"product_cat-lenart","10":"first","11":"instock","12":"purchasable","13":"product-type-simple"},"_links":{"self":[{"href":"https:\/\/baldumarket.lt\/lt\/wp-json\/wp\/v2\/product\/250289","targetHints":{"allow":["GET"]}}],"collection":[{"href":"https:\/\/baldumarket.lt\/lt\/wp-json\/wp\/v2\/product"}],"about":[{"href":"https:\/\/baldumarket.lt\/lt\/wp-json\/wp\/v2\/types\/product"}],"replies":[{"embeddable":true,"href":"https:\/\/baldumarket.lt\/lt\/wp-json\/wp\/v2\/comments?post=250289"}],"wp:featuredmedia":[{"embeddable":true,"href":"https:\/\/baldumarket.lt\/lt\/wp-json\/wp\/v2\/media\/250290"}],"wp:attachment":[{"href":"https:\/\/baldumarket.lt\/lt\/wp-json\/wp\/v2\/media?parent=250289"}],"wp:term":[{"taxonomy":"product_brand","embeddable":true,"href":"https:\/\/baldumarket.lt\/lt\/wp-json\/wp\/v2\/product_brand?post=250289"},{"taxonomy":"product_cat","embeddable":true,"href":"https:\/\/baldumarket.lt\/lt\/wp-json\/wp\/v2\/product_cat?post=250289"},{"taxonomy":"product_tag","embeddable":true,"href":"https:\/\/baldumarket.lt\/lt\/wp-json\/wp\/v2\/product_tag?post=250289"}],"curies":[{"name":"wp","href":"https:\/\/api.w.org\/{rel}","templated":true}]}}