{"id":250281,"date":"2026-01-10T18:06:20","date_gmt":"2026-01-10T15:06:20","guid":{"rendered":"https:\/\/baldumarket.lt\/product\/komoda-z-oswietleniem-2d1w2s-visso-vi-06-dab-linearny\/"},"modified":"2026-02-11T18:32:04","modified_gmt":"2026-02-11T15:32:04","slug":"komoda-z-oswietleniem-2d1w2s-visso-vi-06-dab-linearny","status":"publish","type":"product","link":"https:\/\/baldumarket.lt\/lt\/product\/komoda-z-oswietleniem-2d1w2s-visso-vi-06-dab-linearny\/","title":{"rendered":"Komoda su ap\u0161vietimu 2d1w2s VISSO VI-06 | \u0104\u017euolas linijinis"},"content":{"rendered":"<p>Kolekcija: VISSO<br \/>\nModelis: VI-06<br \/>\nSpalva: linijinis \u0105\u017euolas<br \/>\nMatmenys: Auk\u0161tis: 85 cm<br \/>\nPlotis: 201 cm<br \/>\nGylis (ilgis): 41 cm<br \/>\nTolerancija: \u00b12%<br \/>\nMed\u017eiaga: Korpusas pagamintas i\u0161 laminuotos med\u017eio dro\u017eli\u0173 plok\u0161t\u0117s<br \/>\nVir\u0161us pagamintas i\u0161 laminuotos med\u017eio dro\u017eli\u0173 plok\u0161t\u0117s<br \/>\nGalin\u0117 siena pagaminta i\u0161 HDF plok\u0161t\u0117s<br \/>\nGalin\u0117s sienos spalva: tiesinis \u0105\u017euolas \/ juoda<br \/>\nLaminuota med\u017eio dro\u017eli\u0173 plok\u0161t\u0117 priekyje<br \/>\nStal\u010diaus dugnas pagamintas i\u0161 3 mm HDF plok\u0161t\u0117s<br \/>\nLED ap\u0161vietimas<br \/>\nPagaminta Lenkijoje<\/p>","protected":false},"excerpt":{"rendered":"<p>Collection: VISSO Model: VI-06 Color: Linear Oak Dimensions: Height: 85 cm Width: 201 cm Depth (length): 41 cm Tolerance: \u00b12% Material: Body made of laminated chipboard Top made of laminated chipboard Back wall made of HDF Back wall color: Linear Oak\/Black Laminated chipboard on the front Drawer bottom made of 3 mm HDF LED lighting [&hellip;]<\/p>","protected":false},"featured_media":250282,"comment_status":"open","ping_status":"open","template":"","meta":[],"product_brand":[],"product_cat":[9264,1173,2454],"product_tag":[],"class_list":{"0":"post-250281","1":"product","2":"type-product","3":"status-publish","4":"has-post-thumbnail","6":"product_cat-furniture-system-visso-lenart","7":"product_cat-chests-of-drawers","8":"product_cat-lenart","10":"first","11":"instock","12":"purchasable","13":"product-type-simple"},"_links":{"self":[{"href":"https:\/\/baldumarket.lt\/lt\/wp-json\/wp\/v2\/product\/250281","targetHints":{"allow":["GET"]}}],"collection":[{"href":"https:\/\/baldumarket.lt\/lt\/wp-json\/wp\/v2\/product"}],"about":[{"href":"https:\/\/baldumarket.lt\/lt\/wp-json\/wp\/v2\/types\/product"}],"replies":[{"embeddable":true,"href":"https:\/\/baldumarket.lt\/lt\/wp-json\/wp\/v2\/comments?post=250281"}],"wp:featuredmedia":[{"embeddable":true,"href":"https:\/\/baldumarket.lt\/lt\/wp-json\/wp\/v2\/media\/250282"}],"wp:attachment":[{"href":"https:\/\/baldumarket.lt\/lt\/wp-json\/wp\/v2\/media?parent=250281"}],"wp:term":[{"taxonomy":"product_brand","embeddable":true,"href":"https:\/\/baldumarket.lt\/lt\/wp-json\/wp\/v2\/product_brand?post=250281"},{"taxonomy":"product_cat","embeddable":true,"href":"https:\/\/baldumarket.lt\/lt\/wp-json\/wp\/v2\/product_cat?post=250281"},{"taxonomy":"product_tag","embeddable":true,"href":"https:\/\/baldumarket.lt\/lt\/wp-json\/wp\/v2\/product_tag?post=250281"}],"curies":[{"name":"wp","href":"https:\/\/api.w.org\/{rel}","templated":true}]}}