{"id":250273,"date":"2026-01-10T18:06:17","date_gmt":"2026-01-10T15:06:17","guid":{"rendered":"https:\/\/baldumarket.lt\/product\/komoda-pok-po-08-grafit-buk-szary-bialy\/"},"modified":"2026-02-11T18:32:04","modified_gmt":"2026-02-11T15:32:04","slug":"komoda-pok-po-08-grafit-buk-szary-bialy","status":"publish","type":"product","link":"https:\/\/baldumarket.lt\/lt\/product\/komoda-pok-po-08-grafit-buk-szary-bialy\/","title":{"rendered":"POK PO-08 komoda grafito\/buko\/pilkos\/baltos spalvos"},"content":{"rendered":"<p>Modelis: PO-08 Spalva: grafito \/ ibseno buko \/ \u0161viesiai pilka \/ balta Matmenys: Plotis: 100 cm Auk\u0161tis: 90 cm Gylis: 40 cm Pagrindin\u0117 informacija: korpuso pavadinimas: PO-08 kolekcijos pavadinimas: POK korpuso indeksas: PO8GBS spalvos: grafito \/ ibseno buko \/ \u0161viesiai pilka \/ balta bald\u0173 tipas: komoda korpuso charakteristikos: 3S plotis: 100 cm auk\u0161tis: 90 cm gylis: 40 cm korpuso svoris: 45 kg surinkimas: reikalingas surinkimas kolekcijos stilius: modernus interjero tipas 1: jaunimo kambarys dur\u0173 skai\u010dius: 3 furnit\u016bra: rankena: plastikin\u0117 stal\u010diaus b\u0117gel\u0117: ritinin\u0117 b\u0117gel\u0117 p\u0117del\u0117 \/ koja: b\u0117gelis su vinimi Med\u017eiaga: korpusas: laminuota med\u017eio dro\u017eli\u0173 plok\u0161t\u0117: 16 mm korpuso kra\u0161to apdaila: A 0,45 mm korpuso spalva: grafito \/ ibseno buko vir\u0161us: laminuota med\u017eio dro\u017eli\u0173 plok\u0161t\u0117; 16 mm vir\u0161utin\u0117s kra\u0161to apdaila: A 0,45 mm faneruot\u0173 vir\u0161utini\u0173 kra\u0161t\u0173 skai\u010dius: 4 vir\u0161utin\u0117s spalvos: grafitas galin\u0117 panel\u0117: HDF plok\u0161t\u0117; 3 mm matomos galin\u0117s plok\u0161t\u0117s apdaila: laminatas nematomos galin\u0117s plok\u0161t\u0117s apdaila: laminatas galin\u0117s plok\u0161t\u0117s tvirtinimas: rie\u0161utas galin\u0117s plok\u0161t\u0117s spalva: grafitas lentyna: laminuota med\u017eio dro\u017eli\u0173 plok\u0161t\u0117; 16 mm priekinio kra\u0161to apdaila: S 1,70 mm priekin\u0117s dalies spalva: \u0161viesiai pilka\/balta stal\u010diaus vidin\u0117 apdaila: balta juostel\u0117 stal\u010diaus dugnas: HDF plok\u0161t\u0117; 3 mm Svarbu: \u0161i komoda gaminama pagal u\u017esakym\u0105. U\u017esakymo at\u0161aukti negalima pra\u0117jus 48 valandoms nuo u\u017esakymo pateikimo. Pra\u0161ome apsipirkti atid\u017eiai.<\/p>","protected":false},"excerpt":{"rendered":"<p>Modelis: PO-08 Spalva: grafito \/ ibseno buko \/ \u0161viesiai pilka \/ balta Matmenys: Plotis: 100 cm Auk\u0161tis: 90 cm Gylis: 40 cm Pagrindin\u0117 informacija: korpuso pavadinimas: PO-08 kolekcijos pavadinimas: POK korpuso indeksas: PO8GBS spalvos: grafito \/ ibseno buko \/ \u0161viesiai pilka \/ balta bald\u0173 tipas: komoda korpuso charakteristikos: 3S plotis: 100 cm [\u2026]<\/p>","protected":false},"featured_media":250274,"comment_status":"open","ping_status":"open","template":"","meta":[],"product_brand":[],"product_cat":[9260,1173,2454],"product_tag":[],"class_list":{"0":"post-250273","1":"product","2":"type-product","3":"status-publish","4":"has-post-thumbnail","6":"product_cat-furniture-system-pok-lenart","7":"product_cat-chests-of-drawers","8":"product_cat-lenart","10":"first","11":"instock","12":"purchasable","13":"product-type-simple"},"_links":{"self":[{"href":"https:\/\/baldumarket.lt\/lt\/wp-json\/wp\/v2\/product\/250273","targetHints":{"allow":["GET"]}}],"collection":[{"href":"https:\/\/baldumarket.lt\/lt\/wp-json\/wp\/v2\/product"}],"about":[{"href":"https:\/\/baldumarket.lt\/lt\/wp-json\/wp\/v2\/types\/product"}],"replies":[{"embeddable":true,"href":"https:\/\/baldumarket.lt\/lt\/wp-json\/wp\/v2\/comments?post=250273"}],"wp:featuredmedia":[{"embeddable":true,"href":"https:\/\/baldumarket.lt\/lt\/wp-json\/wp\/v2\/media\/250274"}],"wp:attachment":[{"href":"https:\/\/baldumarket.lt\/lt\/wp-json\/wp\/v2\/media?parent=250273"}],"wp:term":[{"taxonomy":"product_brand","embeddable":true,"href":"https:\/\/baldumarket.lt\/lt\/wp-json\/wp\/v2\/product_brand?post=250273"},{"taxonomy":"product_cat","embeddable":true,"href":"https:\/\/baldumarket.lt\/lt\/wp-json\/wp\/v2\/product_cat?post=250273"},{"taxonomy":"product_tag","embeddable":true,"href":"https:\/\/baldumarket.lt\/lt\/wp-json\/wp\/v2\/product_tag?post=250273"}],"curies":[{"name":"wp","href":"https:\/\/api.w.org\/{rel}","templated":true}]}}