{"id":250233,"date":"2026-01-10T18:05:58","date_gmt":"2026-01-10T15:05:58","guid":{"rendered":"https:\/\/baldumarket.lt\/product\/szafa-narozna-pok-po-00l-p-grafit-buk-szary-bialy\/"},"modified":"2026-02-11T18:32:05","modified_gmt":"2026-02-11T15:32:05","slug":"szafa-narozna-pok-po-00l-p-grafit-buk-szary-bialy","status":"publish","type":"product","link":"https:\/\/baldumarket.lt\/lt\/product\/szafa-narozna-pok-po-00l-p-grafit-buk-szary-bialy\/","title":{"rendered":"Kampin\u0117 spinta POK PO-00L\/P grafito\/buko\/pilkos\/baltos spalvos"},"content":{"rendered":"<p>Modelis: PO-00 Spalva: grafito \/ ibseno buko \/ \u0161viesiai pilka \/ balta Matmenys: Plotis: 130 cm Auk\u0161tis: 193 cm Gylis: 93 cm Pagrindin\u0117 informacija: korpuso pavadinimas: PO-00 kolekcijos pavadinimas: POK korpuso indeksas: PO00GBS spalvos: grafito \/ ibseno buko \/ \u0161viesiai pilka \/ balta bald\u0173 tipas: spinta korpuso charakteristikos: 2D plotis: 130 cm auk\u0161tis: 193 cm gylis: 93 cm korpuso svoris: 118 kg surinkimas: reikalingas surinkimas kolekcijos stilius: modernus interjero tipas 1: jaunimo kambarys \u012franga: 2x b\u0117geliai, 6x lentynos, 1x ap\u0161vietimas dureli\u0173 skai\u010dius: 2 furnit\u016bra: vyris: pasl\u0117ptas standartin\u0117 rankena: plastikin\u0117 koja: slystantis su vinimis ap\u0161vietimas \u012ftrauktas: yra ap\u0161vietimo tipas: LED energijos klas\u0117: A++ Med\u017eiaga: korpusas: laminuota med\u017eio dro\u017eli\u0173 plok\u0161t\u0117: 16 mm kra\u0161t\u0173 apdaila Korpusas: A 0,45 mm Korpuso spalva: grafito Vir\u0161us: laminuota med\u017eio dro\u017eli\u0173 plok\u0161t\u0117; 16 mm Vir\u0161utin\u0117s briaunos apdaila: A 0,45 mm Vir\u0161utin\u0117s briaunos juost\u0173 skai\u010dius: 4 Vir\u0161utin\u0117 spalva: grafitas Galin\u0117 sienel\u0117: HDF plok\u0161t\u0117; 3 mm Matoma galin\u0117s sienel\u0117s apdaila: laminatas Nematoma galin\u0117s sienel\u0117s apdaila: laminatas Tvirtinimas prie galin\u0117s sienel\u0117s: freza Galin\u0117s sienel\u0117s spalva: grafitas Lentyna: laminuota med\u017eio dro\u017eli\u0173 plok\u0161t\u0117; 16 mm Lentynos kra\u0161to apdaila: A 0,45 mm Lentynos kra\u0161to juost\u0173 skai\u010dius: 2 Leistina lentynos apkrova: 5 kg Lentynos spalva: grafitas Lentyn\u0173 skai\u010dius: 5 Priekis: laminuota med\u017eio dro\u017eli\u0173 plok\u0161t\u0117; 16 mm Priekinio kra\u0161to apdaila: S 1,70 mm Priekin\u0117s spalvos: \u0161viesiai pilka\/balta Svarbu: \u0161i spinta gaminama pagal individual\u0173 kliento u\u017esakym\u0105. U\u017esakymo at\u0161aukti negalima pra\u0117jus 48 valandoms nuo u\u017esakymo pateikimo. Pra\u0161ome apsipirkti atid\u017eiai.<\/p>","protected":false},"excerpt":{"rendered":"<p>Modelis: PO-00 Spalva: grafito \/ ibseno buko \/ \u0161viesiai pilka \/ balta Matmenys: Plotis: 130 cm Auk\u0161tis: 193 cm Gylis: 93 cm Pagrindin\u0117 informacija: korpuso pavadinimas: PO-00 kolekcijos pavadinimas: POK korpuso indeksas: PO00GBS spalvos: grafito \/ ibseno buko \/ \u0161viesiai pilka \/ balta bald\u0173 tipas: spinta korpuso charakteristikos: 2D plotis: 130 cm [\u2026]<\/p>","protected":false},"featured_media":250234,"comment_status":"open","ping_status":"open","template":"","meta":[],"product_brand":[],"product_cat":[9260,2454,1177],"product_tag":[],"class_list":{"0":"post-250233","1":"product","2":"type-product","3":"status-publish","4":"has-post-thumbnail","6":"product_cat-furniture-system-pok-lenart","7":"product_cat-lenart","8":"product_cat-wardrobes","10":"first","11":"instock","12":"purchasable","13":"product-type-simple"},"_links":{"self":[{"href":"https:\/\/baldumarket.lt\/lt\/wp-json\/wp\/v2\/product\/250233","targetHints":{"allow":["GET"]}}],"collection":[{"href":"https:\/\/baldumarket.lt\/lt\/wp-json\/wp\/v2\/product"}],"about":[{"href":"https:\/\/baldumarket.lt\/lt\/wp-json\/wp\/v2\/types\/product"}],"replies":[{"embeddable":true,"href":"https:\/\/baldumarket.lt\/lt\/wp-json\/wp\/v2\/comments?post=250233"}],"wp:featuredmedia":[{"embeddable":true,"href":"https:\/\/baldumarket.lt\/lt\/wp-json\/wp\/v2\/media\/250234"}],"wp:attachment":[{"href":"https:\/\/baldumarket.lt\/lt\/wp-json\/wp\/v2\/media?parent=250233"}],"wp:term":[{"taxonomy":"product_brand","embeddable":true,"href":"https:\/\/baldumarket.lt\/lt\/wp-json\/wp\/v2\/product_brand?post=250233"},{"taxonomy":"product_cat","embeddable":true,"href":"https:\/\/baldumarket.lt\/lt\/wp-json\/wp\/v2\/product_cat?post=250233"},{"taxonomy":"product_tag","embeddable":true,"href":"https:\/\/baldumarket.lt\/lt\/wp-json\/wp\/v2\/product_tag?post=250233"}],"curies":[{"name":"wp","href":"https:\/\/api.w.org\/{rel}","templated":true}]}}