{"id":250218,"date":"2026-01-10T18:05:52","date_gmt":"2026-01-10T15:05:52","guid":{"rendered":"https:\/\/baldumarket.lt\/product\/szafa-przesuwna-dwudrzwiowa-arti-ar-21-czarny-dab-artisan\/"},"modified":"2026-02-11T18:32:05","modified_gmt":"2026-02-11T15:32:05","slug":"szafa-przesuwna-dwudrzwiowa-arti-ar-21-czarny-dab-artisan","status":"publish","type":"product","link":"https:\/\/baldumarket.lt\/lt\/product\/szafa-przesuwna-dwudrzwiowa-arti-ar-21-czarny-dab-artisan\/","title":{"rendered":"ARTI AR-21 dviej\u0173 dur\u0173 stumdoma spinta, juoda\/artisan \u0105\u017euolas"},"content":{"rendered":"<p>Modelis: AR-21 Spalva: Juoda \/ meni\u0161ko \u0105\u017euolo Matmenys: Plotis: 160 cm Auk\u0161tis: 218 cm Gylis: 57 cm Pagrindin\u0117 informacija: korpuso pavadinimas: AR-21 kolekcijos pavadinimas: ARTI korpuso indeksas: AR21DAC spalva: Juoda \/ meni\u0161ko \u0105\u017euolo bald\u0173 tipas: spinta korpuso charakteristikos: 2D plotis: 160 cm auk\u0161tis: 218 cm gylis: 57 cm korpuso svoris: 167 kg surinkimas: reikalingas surinkimas kolekcijos stilius: modernus interjeras 1 tipas: spintos interjeras 2 tipas: miegamojo interjeras 3 tipas: miegamojo \u012franga: 2x b\u0117geliai, 5x lentynos dureli\u0173 skai\u010dius: 2 furnit\u016bra: rankena: metalin\u0117 spintos priekin\u0117 kreipian\u010dioji: aliuminis; apatinis ir vir\u0161utinis surinkimas koja \/ kojel\u0117: b\u0117gelis su vinimi Med\u017eiaga: korpusas: laminuota med\u017eio dro\u017eli\u0173 plok\u0161t\u0117: 16 mm; 32 mm korpuso kra\u0161t\u0173 apdaila: A 0,45 mm; S 1,70 mm korpuso spalva: juoda \/ meni\u0161ko \u0105\u017euolo vir\u0161us: laminuota med\u017eio dro\u017eli\u0173 plok\u0161t\u0117; 16 mm vir\u0161utinio kra\u0161to apdaila: A 0,45 mm klijuot\u0173 vir\u0161utini\u0173 kra\u0161t\u0173 skai\u010dius: 2 vir\u0161utin\u0117 spalva: juoda galin\u0117 sienel\u0117: HDF plok\u0161t\u0117; 3 mm matomos galin\u0117s sienel\u0117s dalies apdaila: laminatas nematomos galin\u0117s sienel\u0117s dalies apdaila: laminatas galin\u0117s sienel\u0117s tvirtinimas: pjaustytuvas galin\u0117s sienel\u0117s spalva: juoda lentyna: laminuota med\u017eio dro\u017eli\u0173 plok\u0161t\u0117; 16 mm lentynos kra\u0161to apdaila: A 0,45 mm klijuot\u0173 lentynos kra\u0161t\u0173 skai\u010dius: 1 leistina lentynos apkrova: 5 kg lentynos spalva: juoda lentyn\u0173 skai\u010dius: 4 priekin\u0117: laminuota med\u017eio dro\u017eli\u0173 plok\u0161t\u0117; 16 mm priekin\u0117s kra\u0161to apdaila: A 0,45 mm priekin\u0117 spalva: \u201eArtisan\u201c \u0105\u017euolas veidrodis: veidrodis; 3 mm veidrod\u017eio spalva: balta Svarbu: Spinta gaminama pagal individual\u0173 kliento u\u017esakym\u0105. At\u0161aukti u\u017esakym\u0105 negalima pra\u0117jus 48 valandoms nuo u\u017esakymo pateikimo. Pra\u0161ome apsipirkti atid\u017eiai.<\/p>","protected":false},"excerpt":{"rendered":"<p>Modelis: AR-21 Spalva: Juoda \/ meni\u0161ko \u0105\u017euolo Matmenys: Plotis: 160 cm Auk\u0161tis: 218 cm Gylis: 57 cm Pagrindin\u0117 informacija: korpuso pavadinimas: AR-21 kolekcijos pavadinimas: ARTI korpuso indeksas: AR21DAC spalva: Juoda \/ meni\u0161ko \u0105\u017euolo bald\u0173 tipas: spinta korpuso charakteristikos: 2D plotis: 160 cm auk\u0161tis: 218 cm gylis: 57 cm korpuso svoris: 167 kg surinkimas: reikalingas surinkimas kolekcijos stilius: modernus [\u2026]<\/p>","protected":false},"featured_media":250219,"comment_status":"open","ping_status":"open","template":"","meta":[],"product_brand":[],"product_cat":[9265,2454,1177],"product_tag":[],"class_list":{"0":"post-250218","1":"product","2":"type-product","3":"status-publish","4":"has-post-thumbnail","6":"product_cat-furniture-system-arti-lenart","7":"product_cat-lenart","8":"product_cat-wardrobes","10":"first","11":"instock","12":"purchasable","13":"product-type-simple"},"_links":{"self":[{"href":"https:\/\/baldumarket.lt\/lt\/wp-json\/wp\/v2\/product\/250218","targetHints":{"allow":["GET"]}}],"collection":[{"href":"https:\/\/baldumarket.lt\/lt\/wp-json\/wp\/v2\/product"}],"about":[{"href":"https:\/\/baldumarket.lt\/lt\/wp-json\/wp\/v2\/types\/product"}],"replies":[{"embeddable":true,"href":"https:\/\/baldumarket.lt\/lt\/wp-json\/wp\/v2\/comments?post=250218"}],"wp:featuredmedia":[{"embeddable":true,"href":"https:\/\/baldumarket.lt\/lt\/wp-json\/wp\/v2\/media\/250219"}],"wp:attachment":[{"href":"https:\/\/baldumarket.lt\/lt\/wp-json\/wp\/v2\/media?parent=250218"}],"wp:term":[{"taxonomy":"product_brand","embeddable":true,"href":"https:\/\/baldumarket.lt\/lt\/wp-json\/wp\/v2\/product_brand?post=250218"},{"taxonomy":"product_cat","embeddable":true,"href":"https:\/\/baldumarket.lt\/lt\/wp-json\/wp\/v2\/product_cat?post=250218"},{"taxonomy":"product_tag","embeddable":true,"href":"https:\/\/baldumarket.lt\/lt\/wp-json\/wp\/v2\/product_tag?post=250218"}],"curies":[{"name":"wp","href":"https:\/\/api.w.org\/{rel}","templated":true}]}}