{"id":250210,"date":"2026-01-10T18:05:48","date_gmt":"2026-01-10T15:05:48","guid":{"rendered":"https:\/\/baldumarket.lt\/product\/szafa-narozna-pok-po-01-grafit-buk-szary-bialy\/"},"modified":"2026-02-11T18:32:05","modified_gmt":"2026-02-11T15:32:05","slug":"szafa-narozna-pok-po-01-grafit-buk-szary-bialy","status":"publish","type":"product","link":"https:\/\/baldumarket.lt\/lt\/product\/szafa-narozna-pok-po-01-grafit-buk-szary-bialy\/","title":{"rendered":"Kampin\u0117 spinta POK PO-01 grafito\/buko\/pilkos\/baltos spalvos"},"content":{"rendered":"<p>Modelis: PO-01 Spalva: grafito \/ ibseno buko \/ \u0161viesiai pilkos \/ baltos spalvos Matmenys: Plotis: 95 cm Auk\u0161tis: 193 cm Gylis: 95 cm Pagrindin\u0117 informacija: korpuso pavadinimas: PO-01 kolekcijos pavadinimas: POK korpuso indeksas: PO01GBS spalvos: grafito \/ ibseno buko \/ \u0161viesiai pilkos \/ baltos spalvos bald\u0173 tipas: spinta korpuso charakteristikos: 2D plotis: 95 cm auk\u0161tis: 193 cm gylis: 95 cm korpuso svoris: 87 kg surinkimas: reikalingas surinkimas kolekcijos stilius: modernus interjero tipas 1: jaunimo kambarys \u012franga: 2x karnizas, 8x lentynos dureli\u0173 skai\u010dius: 2 furnit\u016bra: vyris: pasl\u0117ptas \u012fprastas rankena: plastikin\u0117 koja \/ koja: b\u0117gelis su vinimi Med\u017eiaga: korpusas: laminuota med\u017eio dro\u017eli\u0173 plok\u0161t\u0117: 16 mm korpuso kra\u0161to apdaila: A 0,45 mm korpuso spalva: grafito vir\u0161us: laminuota med\u017eio dro\u017eli\u0173 plok\u0161t\u0117; 16 mm stalvir\u0161io kra\u0161to apdaila: A 0,45 mm Klijuot\u0173 stalvir\u0161io kra\u0161t\u0173 skai\u010dius: 4 Stalvir\u0161io spalva: grafito Galin\u0117 sienel\u0117: HDF plok\u0161t\u0117; 3 mm Matoma galin\u0117s sienel\u0117s apdaila: laminatas Nematoma galin\u0117s sienel\u0117s apdaila: laminatas Tvirtinimas prie galin\u0117s sienel\u0117s: frezavimas Galin\u0117s sienel\u0117s spalva: grafitas Lentyna: laminuota med\u017eio dro\u017eli\u0173 plok\u0161t\u0117; 16 mm Lentynos kra\u0161to apdaila: A 0,45 mm Klijuot\u0173 lentyn\u0173 kra\u0161t\u0173 skai\u010dius: 1 Leistina lentynos apkrova: 5 kg Lentynos spalva: grafitas Lentyn\u0173 skai\u010dius: 8 Priekis: laminuota med\u017eio dro\u017eli\u0173 plok\u0161t\u0117; 16 mm Priekinio kra\u0161to apdaila: S 1,70 mm Priekio spalva: \u0161viesiai pilka\/balta Svarbu: \u0161i spinta gaminama pagal u\u017esakym\u0105. U\u017esakymo at\u0161aukti negalima pra\u0117jus 48 valandoms nuo u\u017esakymo pateikimo. Pra\u0161ome apsipirkti atid\u017eiai.<\/p>","protected":false},"excerpt":{"rendered":"<p>Modelis: PO-01 Spalva: grafito \/ ibseno buko \/ \u0161viesiai pilka \/ balta Matmenys: Plotis: 95 cm Auk\u0161tis: 193 cm Gylis: 95 cm Pagrindin\u0117 informacija: korpuso pavadinimas: PO-01 kolekcijos pavadinimas: POK korpuso indeksas: PO01GBS spalvos: grafito \/ ibseno buko \/ \u0161viesiai pilka \/ balta bald\u0173 tipas: spinta korpuso charakteristikos: 2D plotis: 95 cm auk\u0161tis: 193 [\u2026]<\/p>","protected":false},"featured_media":250211,"comment_status":"open","ping_status":"open","template":"","meta":[],"product_brand":[],"product_cat":[9260,2454,1177],"product_tag":[],"class_list":{"0":"post-250210","1":"product","2":"type-product","3":"status-publish","4":"has-post-thumbnail","6":"product_cat-furniture-system-pok-lenart","7":"product_cat-lenart","8":"product_cat-wardrobes","10":"first","11":"instock","12":"purchasable","13":"product-type-simple"},"_links":{"self":[{"href":"https:\/\/baldumarket.lt\/lt\/wp-json\/wp\/v2\/product\/250210","targetHints":{"allow":["GET"]}}],"collection":[{"href":"https:\/\/baldumarket.lt\/lt\/wp-json\/wp\/v2\/product"}],"about":[{"href":"https:\/\/baldumarket.lt\/lt\/wp-json\/wp\/v2\/types\/product"}],"replies":[{"embeddable":true,"href":"https:\/\/baldumarket.lt\/lt\/wp-json\/wp\/v2\/comments?post=250210"}],"wp:featuredmedia":[{"embeddable":true,"href":"https:\/\/baldumarket.lt\/lt\/wp-json\/wp\/v2\/media\/250211"}],"wp:attachment":[{"href":"https:\/\/baldumarket.lt\/lt\/wp-json\/wp\/v2\/media?parent=250210"}],"wp:term":[{"taxonomy":"product_brand","embeddable":true,"href":"https:\/\/baldumarket.lt\/lt\/wp-json\/wp\/v2\/product_brand?post=250210"},{"taxonomy":"product_cat","embeddable":true,"href":"https:\/\/baldumarket.lt\/lt\/wp-json\/wp\/v2\/product_cat?post=250210"},{"taxonomy":"product_tag","embeddable":true,"href":"https:\/\/baldumarket.lt\/lt\/wp-json\/wp\/v2\/product_tag?post=250210"}],"curies":[{"name":"wp","href":"https:\/\/api.w.org\/{rel}","templated":true}]}}