{"id":250207,"date":"2026-01-10T18:05:47","date_gmt":"2026-01-10T15:05:47","guid":{"rendered":"https:\/\/baldumarket.lt\/product\/szafa-dwudrzwiowa-pok-po-02-grafit-buk-szary-bialy\/"},"modified":"2026-02-11T18:32:05","modified_gmt":"2026-02-11T15:32:05","slug":"szafa-dwudrzwiowa-pok-po-02-grafit-buk-szary-bialy","status":"publish","type":"product","link":"https:\/\/baldumarket.lt\/lt\/product\/szafa-dwudrzwiowa-pok-po-02-grafit-buk-szary-bialy\/","title":{"rendered":"Dviej\u0173 dur\u0173 spinta POK PO-02 grafito\/buko\/pilkos\/baltos spalvos"},"content":{"rendered":"<p>Modelis: PO-02 Spalva: grafito \/ ibseno buko \/ \u0161viesiai pilka \/ balta Matmenys: Plotis: 90 cm Auk\u0161tis: 193 cm Gylis: 50 cm Pagrindin\u0117 informacija: korpuso pavadinimas: PO-02 kolekcijos pavadinimas: POK korpuso indeksas: PO2GBS spalvos: grafito \/ ibseno buko \/ \u0161viesiai pilka \/ balta bald\u0173 tipas: spinta korpuso charakteristikos: 2D1S plotis: 90 cm auk\u0161tis: 193 cm gylis: 50 cm korpuso svoris: 71 kg surinkimas: reikalingas surinkimas kolekcijos stilius: modernus interjero tipas 1: jaunimo kambarys \u012franga: 1x b\u0117gelis, 3x lentyna stal\u010di\u0173 skai\u010dius: 1 dureli\u0173 skai\u010dius: 2 furnit\u016bra: vyris: pasl\u0117ptas standartinis rankena: plastikinis stal\u010diaus b\u0117gelis p\u0117del\u0117 \/ koja: b\u0117gelis su vinimi Med\u017eiaga: korpusas: laminuota med\u017eio dro\u017eli\u0173 plok\u0161t\u0117: 16 mm korpuso kra\u0161to apdaila: A 0,45 mm korpuso spalva: grafito \/ ibseno buko vir\u0161us: laminuota med\u017eio dro\u017eli\u0173 plok\u0161t\u0117; 16 mm vir\u0161utin\u0117s briaunos apdaila: A 0,45 mm klijuot\u0173 vir\u0161utini\u0173 briaun\u0173 skai\u010dius: 4 vir\u0161utin\u0117 spalva: grafitas galin\u0117 sienel\u0117: HDF plok\u0161t\u0117; 3 mm matomos galin\u0117s sienel\u0117s dalies apdaila: laminatas nematomos galin\u0117s sienel\u0117s dalies apdaila: laminatas galin\u0117s sienel\u0117s tvirtinimas: \u201eNuta\u201c galin\u0117s sienel\u0117s spalva: grafitas lentyna: laminuota med\u017eio dro\u017eli\u0173 plok\u0161t\u0117; 16 mm lentynos kra\u0161to apdaila: A 0,45 mm klijuot\u0173 lentynos kra\u0161t\u0173 skai\u010dius: 3 leistina lentynos apkrova: 5 kg lentynos spalva: grafitas \/ ibseno bukas lentyn\u0173 skai\u010dius: 8 priekis: laminuota med\u017eio dro\u017eli\u0173 plok\u0161t\u0117; 16 mm priekin\u0117s briaunos apdaila: S 1,70 mm priekin\u0117s spalvos: \u0161viesiai pilka \/ balta stal\u010diaus vidin\u0117 apdaila: balta juostel\u0117 stal\u010diaus apa\u010dia: HDF plok\u0161t\u0117; 3 mm Svarbu: Spinta gaminama pagal individual\u0173 kliento u\u017esakym\u0105. U\u017esakymo negalima at\u0161aukti pra\u0117jus 48 valandoms nuo u\u017esakymo datos. Pra\u0161ome apsipirkti atid\u017eiai.<\/p>","protected":false},"excerpt":{"rendered":"<p>Modelis: PO-02 Spalva: grafito \/ ibseno buko \/ \u0161viesiai pilka \/ balta Matmenys: Plotis: 90 cm Auk\u0161tis: 193 cm Gylis: 50 cm Pagrindin\u0117 informacija: korpuso pavadinimas: PO-02 kolekcijos pavadinimas: POK korpuso indeksas: PO2GBS spalvos: grafito \/ ibseno buko \/ \u0161viesiai pilka \/ balta bald\u0173 tipas: spinta korpuso charakteristikos: 2D1S plotis: 90 cm auk\u0161tis: 193 [\u2026]<\/p>","protected":false},"featured_media":250208,"comment_status":"open","ping_status":"open","template":"","meta":[],"product_brand":[],"product_cat":[9260,2454,1177],"product_tag":[],"class_list":{"0":"post-250207","1":"product","2":"type-product","3":"status-publish","4":"has-post-thumbnail","6":"product_cat-furniture-system-pok-lenart","7":"product_cat-lenart","8":"product_cat-wardrobes","10":"first","11":"instock","12":"purchasable","13":"product-type-simple"},"_links":{"self":[{"href":"https:\/\/baldumarket.lt\/lt\/wp-json\/wp\/v2\/product\/250207","targetHints":{"allow":["GET"]}}],"collection":[{"href":"https:\/\/baldumarket.lt\/lt\/wp-json\/wp\/v2\/product"}],"about":[{"href":"https:\/\/baldumarket.lt\/lt\/wp-json\/wp\/v2\/types\/product"}],"replies":[{"embeddable":true,"href":"https:\/\/baldumarket.lt\/lt\/wp-json\/wp\/v2\/comments?post=250207"}],"wp:featuredmedia":[{"embeddable":true,"href":"https:\/\/baldumarket.lt\/lt\/wp-json\/wp\/v2\/media\/250208"}],"wp:attachment":[{"href":"https:\/\/baldumarket.lt\/lt\/wp-json\/wp\/v2\/media?parent=250207"}],"wp:term":[{"taxonomy":"product_brand","embeddable":true,"href":"https:\/\/baldumarket.lt\/lt\/wp-json\/wp\/v2\/product_brand?post=250207"},{"taxonomy":"product_cat","embeddable":true,"href":"https:\/\/baldumarket.lt\/lt\/wp-json\/wp\/v2\/product_cat?post=250207"},{"taxonomy":"product_tag","embeddable":true,"href":"https:\/\/baldumarket.lt\/lt\/wp-json\/wp\/v2\/product_tag?post=250207"}],"curies":[{"name":"wp","href":"https:\/\/api.w.org\/{rel}","templated":true}]}}