{"id":250200,"date":"2026-01-10T18:05:44","date_gmt":"2026-01-10T15:05:44","guid":{"rendered":"https:\/\/baldumarket.lt\/product\/szafa-przesuwna-dwudrzwiowa-arti-ar-14-biala\/"},"modified":"2026-02-11T18:32:05","modified_gmt":"2026-02-11T15:32:05","slug":"szafa-przesuwna-dwudrzwiowa-arti-ar-14-biala","status":"publish","type":"product","link":"https:\/\/baldumarket.lt\/lt\/product\/szafa-przesuwna-dwudrzwiowa-arti-ar-14-biala\/","title":{"rendered":"ARTI AR-14 dviej\u0173 dur\u0173 stumdoma spinta, balta"},"content":{"rendered":"<p>Modelis: AR-14 Spalva: Balta Matmenys: Plotis: 220 cm Auk\u0161tis: 215 cm Gylis: 63 cm Pagrindin\u0117 informacija: Korpuso pavadinimas: AR-14 Kolekcijos pavadinimas: ARTI Korpuso indeksas: AR14BI Spalva: Balta Bald\u0173 tipas: Drabu\u017ein\u0117 Korpuso charakteristikos: 2D Plotis: 220 cm Auk\u0161tis: 215 cm Gylis: 63 cm Korpuso svoris: 207 kg Surinkimas: Reikalingas surinkimas Kolekcijos stilius: Modernus interjeras 1 tipas: Svetain\u0117s interjeras 2 tipas: Miegamasis \u012eranga: 2x karnizai, 8x lentynos Dur\u0173 skai\u010dius: 2 Furnit\u016bra: Rankena: Plastikin\u0117 Spintel\u0117s priekin\u0117 kreipian\u010dioji: Aliuminio; Apatinis ir vir\u0161utinis surinkimas P\u0117da\/kojel\u0117: Slydimas su vinimis Ap\u0161vietimas komplekte: Taip Ap\u0161vietimo tipas: LED Energijos klas\u0117: A++<br \/>\nMed\u017eiaga: Korpusas: laminuota med\u017eio dro\u017eli\u0173 plok\u0161t\u0117: 16 mm; 32 mm korpuso kra\u0161to apdaila: A 0,45 mm korpuso spalva: balta vir\u0161us: laminuota med\u017eio dro\u017eli\u0173 plok\u0161t\u0117; 16 mm vir\u0161utin\u0117s kra\u0161to apdaila: A 0,45 mm vir\u0161utin\u0117s kra\u0161to juostos skai\u010dius: 2 vir\u0161utin\u0117 spalva: balta galin\u0117 sienel\u0117: HDF plok\u0161t\u0117; 3 mm matoma galin\u0117s sienel\u0117s apdaila: laminatas nematoma galin\u0117s sienel\u0117s apdaila: laminatas galin\u0117s sienel\u0117s tvirtinimas: freza galin\u0117s sienel\u0117s spalva: balta lentyna: laminuota med\u017eio dro\u017eli\u0173 plok\u0161t\u0117; 16 mm lentynos kra\u0161to apdaila: A 0,45 mm lentynos kra\u0161to juostos skai\u010dius: 1 lentynos keliamoji galia: 5 kg lentynos spalva: balta lentyn\u0173 skai\u010dius: 8 priekin\u0117: laminuota med\u017eio dro\u017eli\u0173 plok\u0161t\u0117; 16 mm priekin\u0117s kra\u0161to apdaila: A 0,45 mm priekin\u0117s spalvos: balta veidrodis: veidrodis; 3 mm veidrod\u017eio spalva: balta Svarbu: \u0161i spinta gaminama pagal u\u017esakym\u0105. U\u017esakymo at\u0161aukti negalima pra\u0117jus 48 valandoms nuo u\u017esakymo pateikimo. Pra\u0161ome apsipirkti atid\u017eiai.<\/p>","protected":false},"excerpt":{"rendered":"<p>Model: AR-14 Color: White Dimensions: Width: 220cm Height: 215cm Depth: 63cm Basic information: body name: AR-14 collection name: ARTI body index: AR14BI color: white furniture type: wardrobe body characteristics: 2D width: 220 cm height: 215 cm depth: 63 cm body weight: 207 kg assembly: assembly required collection style: modern interior type 1: living room interior [&hellip;]<\/p>","protected":false},"featured_media":250201,"comment_status":"open","ping_status":"open","template":"","meta":[],"product_brand":[],"product_cat":[9265,2454,1177],"product_tag":[],"class_list":{"0":"post-250200","1":"product","2":"type-product","3":"status-publish","4":"has-post-thumbnail","6":"product_cat-furniture-system-arti-lenart","7":"product_cat-lenart","8":"product_cat-wardrobes","10":"first","11":"instock","12":"purchasable","13":"product-type-simple"},"_links":{"self":[{"href":"https:\/\/baldumarket.lt\/lt\/wp-json\/wp\/v2\/product\/250200","targetHints":{"allow":["GET"]}}],"collection":[{"href":"https:\/\/baldumarket.lt\/lt\/wp-json\/wp\/v2\/product"}],"about":[{"href":"https:\/\/baldumarket.lt\/lt\/wp-json\/wp\/v2\/types\/product"}],"replies":[{"embeddable":true,"href":"https:\/\/baldumarket.lt\/lt\/wp-json\/wp\/v2\/comments?post=250200"}],"wp:featuredmedia":[{"embeddable":true,"href":"https:\/\/baldumarket.lt\/lt\/wp-json\/wp\/v2\/media\/250201"}],"wp:attachment":[{"href":"https:\/\/baldumarket.lt\/lt\/wp-json\/wp\/v2\/media?parent=250200"}],"wp:term":[{"taxonomy":"product_brand","embeddable":true,"href":"https:\/\/baldumarket.lt\/lt\/wp-json\/wp\/v2\/product_brand?post=250200"},{"taxonomy":"product_cat","embeddable":true,"href":"https:\/\/baldumarket.lt\/lt\/wp-json\/wp\/v2\/product_cat?post=250200"},{"taxonomy":"product_tag","embeddable":true,"href":"https:\/\/baldumarket.lt\/lt\/wp-json\/wp\/v2\/product_tag?post=250200"}],"curies":[{"name":"wp","href":"https:\/\/api.w.org\/{rel}","templated":true}]}}