{"id":250194,"date":"2026-01-10T18:05:42","date_gmt":"2026-01-10T15:05:42","guid":{"rendered":"https:\/\/baldumarket.lt\/product\/szafa-przesuwna-z-oswietleniem-arti-ar-01p-dab-stirling\/"},"modified":"2026-02-11T18:32:05","modified_gmt":"2026-02-11T15:32:05","slug":"szafa-przesuwna-z-oswietleniem-arti-ar-01p-dab-stirling","status":"publish","type":"product","link":"https:\/\/baldumarket.lt\/lt\/product\/szafa-przesuwna-z-oswietleniem-arti-ar-01p-dab-stirling\/","title":{"rendered":"ARTI AR-01P stumdoma spinta su ap\u0161vietimu \u2013 Stirlingo \u0105\u017euolas"},"content":{"rendered":"<p>Modelis: AR-01P Spalva: Stirling \u0105\u017euolas Matmenys: Plotis: 250 cm Auk\u0161tis: 215 cm Gylis: 63 cm Pagrindin\u0117 informacija: korpuso pavadinimas: AR-01 kolekcijos pavadinimas: ARTI korpuso indeksas: AR1DYP spalvos: stirling \u0105\u017euolas bald\u0173 tipas: spinta korpuso charakteristikos: 3D3S plotis: 250 cm auk\u0161tis: 215 cm gylis: 63 cm korpuso svoris: 244,0 kg surinkimas: reikalingas surinkimas kolekcijos stilius: modernus interjero tipas 1: spinta interjero tipas 2: miegamasis \u012franga: 2x b\u0117geliai, 6x lentynos, 1x ap\u0161vietimas stal\u010di\u0173 skai\u010dius: 3 dureli\u0173 skai\u010dius: 3 furnit\u016bra: rankena: plastikin\u0117 stal\u010diaus b\u0117gel\u0117: ritinin\u0117 b\u0117gel\u0117 spintos priekin\u0117 b\u0117gel\u0117: aliumin\u0117; apatinis ir vir\u0161utinis surinkimas koja: slystantis su vinimi ap\u0161vietimas: yra ap\u0161vietimo tipas: LED energijos klas\u0117: A++<br \/>\nMed\u017eiaga: Korpusas: laminuota med\u017eio dro\u017eli\u0173 plok\u0161t\u0117: 16 mm; Korpuso kra\u0161to apdaila: A 0,45 mm; Korpuso spalva: Stirling \u0105\u017euolas; Vir\u0161us: laminuota med\u017eio dro\u017eli\u0173 plok\u0161t\u0117; 16 mm; Vir\u0161utinio kra\u0161to apdaila: A 0,45 mm; Laminuot\u0173 vir\u0161utini\u0173 kra\u0161t\u0173 skai\u010dius: 2; Vir\u0161utin\u0117s spalvos: Stirling \u0105\u017euolas; Galin\u0117 sienel\u0117: HDF plok\u0161t\u0117; 3 mm; Matoma galin\u0117s sienel\u0117s apdaila: laminatas; Nematoma galin\u0117s sienel\u0117s apdaila: neapdorota; Tvirtinimas prie galin\u0117s sienos: Nuta; Galin\u0117s sienel\u0117s spalva: balta; Lentyna: laminuota med\u017eio dro\u017eli\u0173 plok\u0161t\u0117; 16 mm; Lentynos kra\u0161to apdaila: A 0,45 mm; Laminuot\u0173 lentyn\u0173 kra\u0161t\u0173 skai\u010dius: 1; Leistinas lentynos svoris: 5 kg; Lentynos spalva: Stirling \u0105\u017euolas; Lentyn\u0173 skai\u010dius: 6; Priekis: laminuota med\u017eio dro\u017eli\u0173 plok\u0161t\u0117; 16 mm; Priekinio kra\u0161to apdaila: A 0,45 mm; Priekin\u0117 spalva: Stirling \u0105\u017euolas; Veidrodis: veidrodinis; 3 mm; Veidrod\u017eio spalva: balta; Stal\u010diaus vidin\u0117 apdaila: laminuota plok\u0161t\u0117 korpuso spalvos; Stal\u010diaus dugnas: HDF plok\u0161t\u0117; 3 mm<\/p>","protected":false},"excerpt":{"rendered":"<p>Model: AR-01P Color: Stirling oak Dimensions: Width: 250cm Height: 215cm Depth: 63cm Basic information: name of the body: AR-01 name of the collection: ARTI index of the body: AR1DYP colors: stirling oak furniture type: wardrobe body characteristics: 3D3S width: 250 cm height: 215 cm depth: 63 cm body weight: 244.0 kg assembly: assembly required collection [&hellip;]<\/p>","protected":false},"featured_media":250195,"comment_status":"open","ping_status":"open","template":"","meta":[],"product_brand":[],"product_cat":[9265,2454,1177],"product_tag":[],"class_list":{"0":"post-250194","1":"product","2":"type-product","3":"status-publish","4":"has-post-thumbnail","6":"product_cat-furniture-system-arti-lenart","7":"product_cat-lenart","8":"product_cat-wardrobes","10":"first","11":"instock","12":"purchasable","13":"product-type-simple"},"_links":{"self":[{"href":"https:\/\/baldumarket.lt\/lt\/wp-json\/wp\/v2\/product\/250194","targetHints":{"allow":["GET"]}}],"collection":[{"href":"https:\/\/baldumarket.lt\/lt\/wp-json\/wp\/v2\/product"}],"about":[{"href":"https:\/\/baldumarket.lt\/lt\/wp-json\/wp\/v2\/types\/product"}],"replies":[{"embeddable":true,"href":"https:\/\/baldumarket.lt\/lt\/wp-json\/wp\/v2\/comments?post=250194"}],"wp:featuredmedia":[{"embeddable":true,"href":"https:\/\/baldumarket.lt\/lt\/wp-json\/wp\/v2\/media\/250195"}],"wp:attachment":[{"href":"https:\/\/baldumarket.lt\/lt\/wp-json\/wp\/v2\/media?parent=250194"}],"wp:term":[{"taxonomy":"product_brand","embeddable":true,"href":"https:\/\/baldumarket.lt\/lt\/wp-json\/wp\/v2\/product_brand?post=250194"},{"taxonomy":"product_cat","embeddable":true,"href":"https:\/\/baldumarket.lt\/lt\/wp-json\/wp\/v2\/product_cat?post=250194"},{"taxonomy":"product_tag","embeddable":true,"href":"https:\/\/baldumarket.lt\/lt\/wp-json\/wp\/v2\/product_tag?post=250194"}],"curies":[{"name":"wp","href":"https:\/\/api.w.org\/{rel}","templated":true}]}}