{"id":250178,"date":"2026-01-10T18:05:36","date_gmt":"2026-01-10T15:05:36","guid":{"rendered":"https:\/\/baldumarket.lt\/product\/lozko-quant-qs-02-160x200-dab-artisan-czarny\/"},"modified":"2026-02-11T18:32:05","modified_gmt":"2026-02-11T15:32:05","slug":"lozko-quant-qs-02-160x200-dab-artisan-czarny","status":"publish","type":"product","link":"https:\/\/baldumarket.lt\/lt\/product\/lozko-quant-qs-02-160x200-dab-artisan-czarny\/","title":{"rendered":"QUANT QS-02 Lova | 160&#215;200 | Artisan \u0105\u017euolas, juoda"},"content":{"rendered":"<p>Modelis: QS-02 (160)<br \/>\nSpalva: juoda \/ meni\u0161ko \u0105\u017euolo<br \/>\nMatmenys: Plotis: 170 cm<br \/>\nAuk\u0161tis: 95 cm<br \/>\nGylis: 214 cm<br \/>\nPagrindin\u0117 informacija: Modelio pavadinimas: QS-02 (160)<br \/>\nKolekcijos pavadinimas: QUANT<br \/>\nModelio indeksas: QS2160DAC<br \/>\nSpalva: Artisan \u0105\u017euolas \/ juoda<br \/>\nBald\u0173 tipas: lova<br \/>\nPlotis: 170 cm<br \/>\nAuk\u0161tis: 95 cm<br \/>\nGylis: 214 cm<br \/>\nModelio svoris: 114 kg<br \/>\nSurinkimas: Reikalingas surinkimas<br \/>\nKolekcijos stilius: modernus<br \/>\n1 interjero tipas: miegamasis<br \/>\nJungiamosios detal\u0117s: P\u0117da\/koja: slydiklis su vinimi<br \/>\nAp\u0161vietimas \u012ftrauktas: taip<br \/>\nAp\u0161vietimo tipas: LED juostel\u0117<br \/>\nEnergijos klas\u0117: A++<br \/>\nMed\u017eiaga: Korpusas: laminuota med\u017eio dro\u017eli\u0173 plok\u0161t\u0117 16 mm, 22 mm<br \/>\nR\u0117mo kra\u0161to apdaila: A 0,45 mm, W 1,7 mm<br \/>\nR\u0117mo spalva: juoda \/ \u0105\u017euolo spalvos<br \/>\nLovos r\u0117mas: laminuota med\u017eio dro\u017eli\u0173 plok\u0161t\u0117; 16 mm, 22 mm<br \/>\nLovos r\u0117mo kra\u0161to apdaila: A 0,45 mm, W 1,7 mm<br \/>\nLovos galv\u016bgalis: laminuota med\u017eio dro\u017eli\u0173 plok\u0161t\u0117; 16 mm<br \/>\nGalv\u016bgalis; Plotis 1,7 mm<br \/>\nR\u0117mas: metalas<br \/>\nR\u0117mo matmenys: 160x200 cm<br \/>\nR\u0117mo svoris: 32 kg<br \/>\n\u010ciu\u017einio tipas: Bonnell spyruoklinis<br \/>\n\u010ciu\u017einio matmenys: 18x160x200cm<br \/>\n\u010ciu\u017einio svoris: 25 kg<br \/>\n\u010ciu\u017einys \u012fskai\u010diuotas: Ne<br \/>\nPatalyn\u0117 saugykla<br \/>\nSvarbu<br \/>\n\u0160i lova gaminama pagal u\u017esakym\u0105. At\u0161aukti u\u017esakym\u0105 negalima pra\u0117jus 48 valandoms nuo jo pateikimo. Pra\u0161ome apsipirkti atid\u017eiai.<\/p>","protected":false},"excerpt":{"rendered":"<p>Model: QS-02 (160) Color: Black \/ Artisan Oak Dimensions: Width: 170cm Height: 95cm Depth: 214cm Basic information: Model name: QS-02 (160) Collection name: QUANT Model index: QS2160DAC Color: Artisan Oak \/ Black Furniture type: bed Width: 170 cm Height: 95 cm Depth: 214 cm Model weight: 114 kg Assembly: Assembly required Collection style: modern Interior [&hellip;]<\/p>","protected":false},"featured_media":250179,"comment_status":"open","ping_status":"open","template":"","meta":[],"product_brand":[],"product_cat":[9252,505,2454],"product_tag":[],"class_list":{"0":"post-250178","1":"product","2":"type-product","3":"status-publish","4":"has-post-thumbnail","6":"product_cat-furniture-system-quant-lenart","7":"product_cat-bedroom-beds","8":"product_cat-lenart","10":"first","11":"instock","12":"purchasable","13":"product-type-simple"},"_links":{"self":[{"href":"https:\/\/baldumarket.lt\/lt\/wp-json\/wp\/v2\/product\/250178","targetHints":{"allow":["GET"]}}],"collection":[{"href":"https:\/\/baldumarket.lt\/lt\/wp-json\/wp\/v2\/product"}],"about":[{"href":"https:\/\/baldumarket.lt\/lt\/wp-json\/wp\/v2\/types\/product"}],"replies":[{"embeddable":true,"href":"https:\/\/baldumarket.lt\/lt\/wp-json\/wp\/v2\/comments?post=250178"}],"wp:featuredmedia":[{"embeddable":true,"href":"https:\/\/baldumarket.lt\/lt\/wp-json\/wp\/v2\/media\/250179"}],"wp:attachment":[{"href":"https:\/\/baldumarket.lt\/lt\/wp-json\/wp\/v2\/media?parent=250178"}],"wp:term":[{"taxonomy":"product_brand","embeddable":true,"href":"https:\/\/baldumarket.lt\/lt\/wp-json\/wp\/v2\/product_brand?post=250178"},{"taxonomy":"product_cat","embeddable":true,"href":"https:\/\/baldumarket.lt\/lt\/wp-json\/wp\/v2\/product_cat?post=250178"},{"taxonomy":"product_tag","embeddable":true,"href":"https:\/\/baldumarket.lt\/lt\/wp-json\/wp\/v2\/product_tag?post=250178"}],"curies":[{"name":"wp","href":"https:\/\/api.w.org\/{rel}","templated":true}]}}