{"id":250170,"date":"2026-01-10T18:05:33","date_gmt":"2026-01-10T15:05:33","guid":{"rendered":"https:\/\/baldumarket.lt\/product\/lozko-z-pojemnikiem-teen-flex-tf-16-90x200\/"},"modified":"2026-02-11T18:32:05","modified_gmt":"2026-02-11T15:32:05","slug":"lozko-z-pojemnikiem-teen-flex-tf-16-90x200","status":"publish","type":"product","link":"https:\/\/baldumarket.lt\/lt\/product\/lozko-z-pojemnikiem-teen-flex-tf-16-90x200\/","title":{"rendered":"TEEN FLEX TF-16 lova su daiktad\u0117\u017ee | 90&#215;200"},"content":{"rendered":"<p>Modelis: TF-16<br \/>\nSpalva: \u0161ilko pluo\u0161tas \/ nat\u016brali hikorija \/ neapdorotas plienas<br \/>\nMatmenys: Plotis 96 cm<br \/>\nAuk\u0161tis 91 cm<br \/>\nGylis 215 cm<br \/>\nPagrindin\u0117 informacija: Modelio pavadinimas: TF-16<br \/>\nKolekcijos pavadinimas: TEEN FLEX<br \/>\nModelio indeksas: TF16SHF<br \/>\nSpalva: nat\u016brali hikorija \/ \u0161ilko pluo\u0161tas \/ neapdorotas plienas<br \/>\nBald\u0173 tipas: 90 lov\u0173<br \/>\nPlotis: 96 cm<br \/>\nAuk\u0161tis: 91 cm<br \/>\nGylis: 215 cm<br \/>\nModelio svoris: 68,5 kg<br \/>\nSurinkimas: reikalingas surinkimas<br \/>\nKolekcijos stilius: modernus<br \/>\n1 interjero tipas: jaunimo kambarys<br \/>\nJungtys: Rankena: n\u0117ra<br \/>\nStal\u010diaus b\u0117gelis: rutulinis guolis<br \/>\nP\u0117da\/koja: metalin\u0117 koja<br \/>\nAp\u0161vietimas \u012ftrauktas: taip<br \/>\nAp\u0161vietimo tipas: LED<br \/>\nEnergijos klas\u0117: A++<br \/>\nMed\u017eiaga: korpusas: laminuota med\u017eio dro\u017eli\u0173 plok\u0161t\u0117: 16 mm, 22 mm<br \/>\nKorpuso kra\u0161to apdaila: A 0,45 mm, S 1,7 mm<br \/>\nkorpuso spalva: nat\u016brali hikorija \/ neapdorotas plienas \/ \u0161ilko pluo\u0161tas<br \/>\npriekis: laminuota med\u017eio dro\u017eli\u0173 plok\u0161t\u0117; 16 mm<br \/>\nPriekinio kra\u0161to apdaila: S 1,7 mm<br \/>\npriekin\u0117s dalies spalva: neapdorotas plienas<br \/>\nstal\u010diaus vidin\u0117 apdaila: laminuota med\u017eio dro\u017eli\u0173 plok\u0161t\u0117 korpuso spalvos<br \/>\nStal\u010diaus dugnas: HDF plok\u0161t\u0117; 3 mm<br \/>\nLovos r\u0117mas: laminuota med\u017eio dro\u017eli\u0173 plok\u0161t\u0117; 16 mm, 22 mm<br \/>\nLovos r\u0117mo kra\u0161to apdaila: A 0,45 mm, S 1,7 mm<br \/>\nLovos galv\u016bgalis: laminuota med\u017eio dro\u017eli\u0173 plok\u0161t\u0117; 16 mm<br \/>\nLovos galv\u016bgalis: plotis 1,7 mm<br \/>\nR\u0117mas: medinis<br \/>\nR\u0117mo matmenys: 90 \u00d7 200<br \/>\nR\u0117mo svoris: 5 g<br \/>\n\u010ciu\u017einys \u012fskai\u010diuotas: ne<br \/>\nPatalyn\u0117: taip<\/p>","protected":false},"excerpt":{"rendered":"<p>Model: TF-16 Color: silk flou \/ natural hickory \/ raw steel Dimensions: Width 96 cm Height 91 cm Depth 215 cm Basic information: Model name: TF-16 Collection name: TEEN FLEX Model index: TF16SHF Color: natural hickory \/ silk flou \/ raw steel Furniture type: 90 bed Width: 96 cm Height: 91 cm Depth: 215 cm [&hellip;]<\/p>","protected":false},"featured_media":250171,"comment_status":"open","ping_status":"open","template":"","meta":[],"product_brand":[],"product_cat":[9253,505,2454],"product_tag":[],"class_list":{"0":"post-250170","1":"product","2":"type-product","3":"status-publish","4":"has-post-thumbnail","6":"product_cat-furniture-system-teen-flex-lenart","7":"product_cat-bedroom-beds","8":"product_cat-lenart","10":"first","11":"instock","12":"purchasable","13":"product-type-simple"},"_links":{"self":[{"href":"https:\/\/baldumarket.lt\/lt\/wp-json\/wp\/v2\/product\/250170","targetHints":{"allow":["GET"]}}],"collection":[{"href":"https:\/\/baldumarket.lt\/lt\/wp-json\/wp\/v2\/product"}],"about":[{"href":"https:\/\/baldumarket.lt\/lt\/wp-json\/wp\/v2\/types\/product"}],"replies":[{"embeddable":true,"href":"https:\/\/baldumarket.lt\/lt\/wp-json\/wp\/v2\/comments?post=250170"}],"wp:featuredmedia":[{"embeddable":true,"href":"https:\/\/baldumarket.lt\/lt\/wp-json\/wp\/v2\/media\/250171"}],"wp:attachment":[{"href":"https:\/\/baldumarket.lt\/lt\/wp-json\/wp\/v2\/media?parent=250170"}],"wp:term":[{"taxonomy":"product_brand","embeddable":true,"href":"https:\/\/baldumarket.lt\/lt\/wp-json\/wp\/v2\/product_brand?post=250170"},{"taxonomy":"product_cat","embeddable":true,"href":"https:\/\/baldumarket.lt\/lt\/wp-json\/wp\/v2\/product_cat?post=250170"},{"taxonomy":"product_tag","embeddable":true,"href":"https:\/\/baldumarket.lt\/lt\/wp-json\/wp\/v2\/product_tag?post=250170"}],"curies":[{"name":"wp","href":"https:\/\/api.w.org\/{rel}","templated":true}]}}