{"id":250162,"date":"2026-01-10T18:05:30","date_gmt":"2026-01-10T15:05:30","guid":{"rendered":"https:\/\/baldumarket.lt\/product\/lozko-plano-pn-10-dab-nash-mitu-grey-bialy\/"},"modified":"2026-02-11T18:32:05","modified_gmt":"2026-02-11T15:32:05","slug":"lozko-plano-pn-10-dab-nash-mitu-grey-bialy","status":"publish","type":"product","link":"https:\/\/baldumarket.lt\/lt\/product\/lozko-plano-pn-10-dab-nash-mitu-grey-bialy\/","title":{"rendered":"PLANO PN-10 lova | Nash \u0105\u017euolas, Mitu pilka, balta"},"content":{"rendered":"<p>Modelis: PN-10<br \/>\nSpalva: Nash Oak \/ Mitu Gray \/ White<br \/>\nMatmenys: Plotis: 127 cm<br \/>\nAuk\u0161tis: 86 cm<br \/>\nGylis: 211 cm<br \/>\nPagrindin\u0117 informacija: K\u0117bulo pavadinimas: PN-10<br \/>\nKolekcijos pavadinimas: PLANO<br \/>\nK\u0117bulo indeksas: PN10DBB<br \/>\nSpalva: Nash Oak \/ Mitu Gray \/ White<br \/>\nBald\u0173 tipas: Lova<br \/>\nK\u0117bulo charakteristikos: 2S<br \/>\nPlotis: 45 cm<br \/>\nAuk\u0161tis: 50 cm<br \/>\nGylis: 41 cm<br \/>\nK\u016bno svoris: 15 kg<br \/>\nSurinkimas: Reikalingas surinkimas<br \/>\nKolekcijos stilius: Modernus<br \/>\n1 interjero tipas: Paauglio kambarys<br \/>\nStal\u010di\u0173 skai\u010dius: 1<br \/>\nJungtys: Rankena: MDF juostel\u0117<br \/>\nStal\u010diaus b\u0117gelis: Rutulinis guolis<br \/>\nP\u0117da\/koja: Stumkite vinimi<br \/>\nAp\u0161vietimas \u012ftrauktas: n\u0117ra<br \/>\nMed\u017eiaga: korpusas: laminuota med\u017eio dro\u017eli\u0173 plok\u0161t\u0117: 16 mm; 25 mm<br \/>\nKorpuso kra\u0161to apdaila: A 0,45 mm; S 1,70 mm<br \/>\nKorpuso spalva: Nash Oak<br \/>\npriekis: laminuota med\u017eio dro\u017eli\u0173 plok\u0161t\u0117; 16 mm<br \/>\nPriekinio kra\u0161to apdaila: S 1,70 mm<br \/>\npriekin\u0117 spalva: Mitu pilka<br \/>\nstal\u010diaus vidin\u0117 apdaila: laminuota med\u017eio dro\u017eli\u0173 plok\u0161t\u0117 korpuso spalvos<br \/>\nStal\u010diaus dugnas: HDF plok\u0161t\u0117; 3 mm<br \/>\nSvarbu<br \/>\n\u0160i lova gaminama pagal u\u017esakym\u0105. U\u017esakymo at\u0161aukti negalima pra\u0117jus 48 valandoms nuo jo pateikimo. Pra\u0161ome apsipirkti atsargiai.<\/p>","protected":false},"excerpt":{"rendered":"<p>Modelis: PN-10 Spalva: Nash Oak\/Mitu Gray\/White Matmenys: Plotis: 127 cm Auk\u0161tis: 86 cm Gylis: 211 cm Pagrindin\u0117 informacija: Korpuso pavadinimas: PN-10 Kolekcijos pavadinimas: PLANO Korpuso indeksas: PN10DBB Spalva: Nash Oak\/Mitu Gray\/White Bald\u0173 tipas: Lova Korpuso charakteristikos: 2S Plotis: 45 cm Auk\u0161tis: 50 cm Gylis: 41 cm Korpuso svoris: 15 kg Surinkimas: Reikalingas surinkimas Kolekcijos stilius: Modernus Interjero tipas [\u2026]<\/p>","protected":false},"featured_media":250163,"comment_status":"open","ping_status":"open","template":"","meta":[],"product_brand":[],"product_cat":[9259,505,2454],"product_tag":[],"class_list":{"0":"post-250162","1":"product","2":"type-product","3":"status-publish","4":"has-post-thumbnail","6":"product_cat-furniture-system-plano-lenart","7":"product_cat-bedroom-beds","8":"product_cat-lenart","10":"first","11":"instock","12":"purchasable","13":"product-type-simple"},"_links":{"self":[{"href":"https:\/\/baldumarket.lt\/lt\/wp-json\/wp\/v2\/product\/250162","targetHints":{"allow":["GET"]}}],"collection":[{"href":"https:\/\/baldumarket.lt\/lt\/wp-json\/wp\/v2\/product"}],"about":[{"href":"https:\/\/baldumarket.lt\/lt\/wp-json\/wp\/v2\/types\/product"}],"replies":[{"embeddable":true,"href":"https:\/\/baldumarket.lt\/lt\/wp-json\/wp\/v2\/comments?post=250162"}],"wp:featuredmedia":[{"embeddable":true,"href":"https:\/\/baldumarket.lt\/lt\/wp-json\/wp\/v2\/media\/250163"}],"wp:attachment":[{"href":"https:\/\/baldumarket.lt\/lt\/wp-json\/wp\/v2\/media?parent=250162"}],"wp:term":[{"taxonomy":"product_brand","embeddable":true,"href":"https:\/\/baldumarket.lt\/lt\/wp-json\/wp\/v2\/product_brand?post=250162"},{"taxonomy":"product_cat","embeddable":true,"href":"https:\/\/baldumarket.lt\/lt\/wp-json\/wp\/v2\/product_cat?post=250162"},{"taxonomy":"product_tag","embeddable":true,"href":"https:\/\/baldumarket.lt\/lt\/wp-json\/wp\/v2\/product_tag?post=250162"}],"curies":[{"name":"wp","href":"https:\/\/api.w.org\/{rel}","templated":true}]}}