{"id":250146,"date":"2026-01-10T18:05:23","date_gmt":"2026-01-10T15:05:23","guid":{"rendered":"https:\/\/baldumarket.lt\/product\/szafa-trzydrzwiowa-plano-pn-01-dab-nash-mitu-grey-bialy\/"},"modified":"2026-02-11T18:32:06","modified_gmt":"2026-02-11T15:32:06","slug":"szafa-trzydrzwiowa-plano-pn-01-dab-nash-mitu-grey-bialy","status":"publish","type":"product","link":"https:\/\/baldumarket.lt\/lt\/product\/szafa-trzydrzwiowa-plano-pn-01-dab-nash-mitu-grey-bialy\/","title":{"rendered":"PLANO PN-01 trij\u0173 dur\u0173 spinta, \u0105\u017euolo spalvos \u201eNash\u201c \/ pilkos \/ baltos spalvos"},"content":{"rendered":"<p>Modelis: PN-01 Spalva: \u0105\u017euolas \u201eNASH\u201c \/ pilka \/ balta Matmenys: Plotis: 150 cm Auk\u0161tis: 191 cm Gylis: 51 cm Pagrindin\u0117 informacija: korpuso pavadinimas: PN-01 kolekcijos pavadinimas: PLANO korpuso indeksas: PN1DBB spalvos: \u0105\u017euolas \u201eNASH\u201c \/ pilka \/ balta bald\u0173 tipas: spinta korpuso charakteristikos: 3D2S plotis: 150 cm auk\u0161tis: 191 cm gylis: 51 cm korpuso svoris: 112 kg surinkimas: reikalingas surinkimas kolekcijos stilius: modernus interjeras 1 tipas: jaunimo kambarys \u012franga: 1x b\u0117gelis 5x lentyna stal\u010di\u0173 skai\u010dius: 2 dureli\u0173 skai\u010dius: 3 furnit\u016bra: vyris: pasl\u0117pta \u012fprasta rankena: MDF juostel\u0117 stal\u010diaus kreipian\u010dioji: rutulin\u0117 kreipian\u010dioji p\u0117del\u0117 \/ kojel\u0117: b\u0117gelis su vinimis ap\u0161vietimas komplekte: ne I\u0161samus apra\u0161ymas: korpusas: laminuota med\u017eio dro\u017eli\u0173 plok\u0161t\u0117: 16 mm; 25 mm korpuso kra\u0161to apdaila: A 0,45 mm korpuso spalva: \u0105\u017euolas \u201eNASH\u201c vir\u0161us: laminuota med\u017eio dro\u017eli\u0173 plok\u0161t\u0117; 25 mm vir\u0161utinio kra\u0161to apdaila: A 0,45 mm klijuot\u0173 vir\u0161utini\u0173 kra\u0161t\u0173 skai\u010dius: 4 vir\u0161utin\u0117 spalva: \u0105\u017euolas \u201eNASH\u201c galin\u0117 sienel\u0117: HDF plok\u0161t\u0117; 3 mm matomos galin\u0117s sienel\u0117s dalies apdaila: laminatas nematomos galin\u0117s sienel\u0117s dalies apdaila: neapdorota galin\u0117s sienos tvirtinimas: \u201eNuta\u201c galin\u0117s sienel\u0117s spalva: balta lentyna: laminuota med\u017eio dro\u017eli\u0173 plok\u0161t\u0117; 16 mm lentynos kra\u0161to apdaila: A 0,45 mm klijuot\u0173 lentynos kra\u0161t\u0173 skai\u010dius: 1 leistina lentynos apkrova: 5 kg lentynos spalva: \u0105\u017euolas \u201eNASH\u201c lentyn\u0173 skai\u010dius: 2 priekis: MDF plok\u0161t\u0117; 16 mm priekin\u0117 spalva: balta \/ \u201eMitu\u201c pilka stal\u010diaus vidin\u0117 apdaila: balta juostel\u0117 stal\u010diaus apa\u010dia: HDF plok\u0161t\u0117; 3 mm Svarbu: Spinta gaminama pagal individual\u0173 kliento u\u017esakym\u0105. U\u017esakymo at\u0161aukti negalima pra\u0117jus 48 valandoms nuo pateikimo. Pra\u0161ome apsipirkti atid\u017eiai.<\/p>","protected":false},"excerpt":{"rendered":"<p>Model: PN-01 Color: nash oak\/mitu gray\/white Dimensions: Width: 150cm Height: 191cm Depth: 51cm Basic information: body name: PN-01 collection name: PLANO body index: PN1DBB colors: nash oak\/mitu gray\/white furniture type: wardrobe body characteristics: 3D2S width: 150 cm height: 191 cm depth: 51 cm body weight: 112 kg assembly: assembly required collection style: modern interior type [&hellip;]<\/p>","protected":false},"featured_media":250147,"comment_status":"open","ping_status":"open","template":"","meta":[],"product_brand":[],"product_cat":[9259,2454,1177],"product_tag":[],"class_list":{"0":"post-250146","1":"product","2":"type-product","3":"status-publish","4":"has-post-thumbnail","6":"product_cat-furniture-system-plano-lenart","7":"product_cat-lenart","8":"product_cat-wardrobes","10":"first","11":"instock","12":"purchasable","13":"product-type-simple"},"_links":{"self":[{"href":"https:\/\/baldumarket.lt\/lt\/wp-json\/wp\/v2\/product\/250146","targetHints":{"allow":["GET"]}}],"collection":[{"href":"https:\/\/baldumarket.lt\/lt\/wp-json\/wp\/v2\/product"}],"about":[{"href":"https:\/\/baldumarket.lt\/lt\/wp-json\/wp\/v2\/types\/product"}],"replies":[{"embeddable":true,"href":"https:\/\/baldumarket.lt\/lt\/wp-json\/wp\/v2\/comments?post=250146"}],"wp:featuredmedia":[{"embeddable":true,"href":"https:\/\/baldumarket.lt\/lt\/wp-json\/wp\/v2\/media\/250147"}],"wp:attachment":[{"href":"https:\/\/baldumarket.lt\/lt\/wp-json\/wp\/v2\/media?parent=250146"}],"wp:term":[{"taxonomy":"product_brand","embeddable":true,"href":"https:\/\/baldumarket.lt\/lt\/wp-json\/wp\/v2\/product_brand?post=250146"},{"taxonomy":"product_cat","embeddable":true,"href":"https:\/\/baldumarket.lt\/lt\/wp-json\/wp\/v2\/product_cat?post=250146"},{"taxonomy":"product_tag","embeddable":true,"href":"https:\/\/baldumarket.lt\/lt\/wp-json\/wp\/v2\/product_tag?post=250146"}],"curies":[{"name":"wp","href":"https:\/\/api.w.org\/{rel}","templated":true}]}}