{"id":250106,"date":"2026-01-10T18:05:07","date_gmt":"2026-01-10T15:05:07","guid":{"rendered":"https:\/\/baldumarket.lt\/product\/biurko-plano-pn-06-dab-nash-mitu-grey-bialy\/"},"modified":"2026-02-11T18:32:07","modified_gmt":"2026-02-11T15:32:07","slug":"biurko-plano-pn-06-dab-nash-mitu-grey-bialy","status":"publish","type":"product","link":"https:\/\/baldumarket.lt\/lt\/product\/biurko-plano-pn-06-dab-nash-mitu-grey-bialy\/","title":{"rendered":"PLANO PN-06 ra\u0161omasis stalas nash \u0105\u017euolas\/mitu pilka\/balta"},"content":{"rendered":"<p>Modelis: PN-06 Spalva: \u0105\u017euolas \u201eNASH\u201c \/ pilka \/ balta Matmenys: Plotis: 120 cm Auk\u0161tis: 76 cm Gylis: 55 cm Pagrindin\u0117 informacija: korpuso pavadinimas: PN-06 kolekcijos pavadinimas: PLANO korpuso indeksas: PN6DBB spalvos: \u0105\u017euolas \u201eNASH\u201c \/ pilka \/ balta bald\u0173 tipas: ra\u0161omasis stalas korpuso charakteristikos: 1D1S plotis: 120 cm auk\u0161tis: 76 cm gylis: 55 cm korpuso svoris: 39 kg surinkimas: reikalingas surinkimas kolekcijos stilius: modernus interjeras 1 tipas: jaunimo kambarys \u012franga: 2x lentynos stal\u010di\u0173 skai\u010dius: 1 dureli\u0173 skai\u010dius: 1 furnit\u016bra: vyris: pasl\u0117pta \u012fprasta rankena: MDF juostel\u0117 stal\u010diaus b\u0117gelis: rutulinis guolis b\u0117gelis p\u0117del\u0117 \/ koja: b\u0117gelis su vinimis \u012ftrauktas ap\u0161vietimas: n\u0117ra I\u0161formavimas: korpusas: laminuota med\u017eio dro\u017eli\u0173 plok\u0161t\u0117: 16 mm; 25 mm korpuso kra\u0161to apdaila: A 0,45 mm korpuso spalva: \u0105\u017euolas \u201eNASH\u201c vir\u0161us: laminuota med\u017eio dro\u017eli\u0173 plok\u0161t\u0117; 25 mm vir\u0161utin\u0117s briaunos apdaila: A 0,45 mm klijuot\u0173 vir\u0161utini\u0173 briaun\u0173 skai\u010dius: 4 vir\u0161utin\u0117 spalva: \u0105\u017euolas \u201eNASH\u201c galin\u0117 sienel\u0117: laminuota med\u017eio dro\u017eli\u0173 plok\u0161t\u0117; 16 mm matomos galin\u0117s sienel\u0117s dalies apdaila: laminatas nematomos galin\u0117s sienel\u0117s dalies apdaila: neapdorota galin\u0117s sienos tvirtinimas: \u201eNuta\u201c galin\u0117s sienel\u0117s spalva: balta\/\u0105\u017euolas \u201eNASH\u201c lentyna: laminuota med\u017eio dro\u017eli\u0173 plok\u0161t\u0117; 16 mm lentynos kra\u0161to apdaila: A 0,45 mm klijuot\u0173 lentynos kra\u0161t\u0173 skai\u010dius: 1 leistina lentynos apkrova: 5 kg lentynos spalva: \u0105\u017euolas \u201eNASH\u201c lentyn\u0173 skai\u010dius: 1 priekin\u0117 dalis: laminuota med\u017eio dro\u017eli\u0173 plok\u0161t\u0117; 16 mm priekin\u0117s briaunos apdaila: S 1,70 mm priekin\u0117s dalies spalva: balta\/pilka stal\u010diaus vidin\u0117 apdaila: balta juostel\u0117 stal\u010diaus apa\u010dia: HDF plok\u0161t\u0117; 3 mm Svarbu: \u0161is stalas gaminamas pagal u\u017esakym\u0105. U\u017esakymo at\u0161aukti negalima pra\u0117jus 48 valandoms nuo pateikimo. Pra\u0161ome apsipirkti atid\u017eiai.<\/p>","protected":false},"excerpt":{"rendered":"<p>Modelis: PN-06 Spalva: \u0105\u017euolas \u201eNASH\u201c \/ pilka \u201eMITU\u201c \/ balta Matmenys: Plotis: 120 cm Auk\u0161tis: 76 cm Gylis: 55 cm Pagrindin\u0117 informacija: korpuso pavadinimas: PN-06 kolekcijos pavadinimas: PLANO korpuso indeksas: PN6DBB spalvos: \u0105\u017euolas \u201eNASH\u201c \/ pilka \/ balta bald\u0173 tipas: ra\u0161omasis stalas korpuso charakteristikos: 1D1S plotis: 120 cm auk\u0161tis: 76 cm gylis: 55 cm korpuso svoris: 39 kg surinkimas: reikalingas surinkimas kolekcijos stilius: modernus interjero tipas [\u2026]<\/p>","protected":false},"featured_media":250107,"comment_status":"open","ping_status":"open","template":"","meta":[],"product_brand":[],"product_cat":[9259,1312,2454],"product_tag":[],"class_list":{"0":"post-250106","1":"product","2":"type-product","3":"status-publish","4":"has-post-thumbnail","6":"product_cat-furniture-system-plano-lenart","7":"product_cat-desks","8":"product_cat-lenart","10":"first","11":"instock","12":"purchasable","13":"product-type-simple"},"_links":{"self":[{"href":"https:\/\/baldumarket.lt\/lt\/wp-json\/wp\/v2\/product\/250106","targetHints":{"allow":["GET"]}}],"collection":[{"href":"https:\/\/baldumarket.lt\/lt\/wp-json\/wp\/v2\/product"}],"about":[{"href":"https:\/\/baldumarket.lt\/lt\/wp-json\/wp\/v2\/types\/product"}],"replies":[{"embeddable":true,"href":"https:\/\/baldumarket.lt\/lt\/wp-json\/wp\/v2\/comments?post=250106"}],"wp:featuredmedia":[{"embeddable":true,"href":"https:\/\/baldumarket.lt\/lt\/wp-json\/wp\/v2\/media\/250107"}],"wp:attachment":[{"href":"https:\/\/baldumarket.lt\/lt\/wp-json\/wp\/v2\/media?parent=250106"}],"wp:term":[{"taxonomy":"product_brand","embeddable":true,"href":"https:\/\/baldumarket.lt\/lt\/wp-json\/wp\/v2\/product_brand?post=250106"},{"taxonomy":"product_cat","embeddable":true,"href":"https:\/\/baldumarket.lt\/lt\/wp-json\/wp\/v2\/product_cat?post=250106"},{"taxonomy":"product_tag","embeddable":true,"href":"https:\/\/baldumarket.lt\/lt\/wp-json\/wp\/v2\/product_tag?post=250106"}],"curies":[{"name":"wp","href":"https:\/\/api.w.org\/{rel}","templated":true}]}}