{"id":250082,"date":"2026-01-10T18:04:56","date_gmt":"2026-01-10T15:04:56","guid":{"rendered":"https:\/\/baldumarket.lt\/product\/nadstawka-biurka-110-teen-flex-tf-07\/"},"modified":"2026-02-11T18:32:07","modified_gmt":"2026-02-11T15:32:07","slug":"nadstawka-biurka-110-teen-flex-tf-07","status":"publish","type":"product","link":"https:\/\/baldumarket.lt\/lt\/product\/nadstawka-biurka-110-teen-flex-tf-07\/","title":{"rendered":"Stalo prailginimas 110 TEEN FLEX TF-07"},"content":{"rendered":"<p>Modelis: TF-07<br \/>\nSpalva: \u0161ilko pluo\u0161tas \/ nat\u016brali hikorija \/ neapdorotas plienas<br \/>\nMatmenys: Plotis 110 cm<br \/>\nAuk\u0161tis 19 cm<br \/>\nGylis 22 cm<br \/>\nPagrindin\u0117 informacija: R\u0117mo pavadinimas: TF-07<br \/>\nKolekcijos pavadinimas: TEEN FLEX<br \/>\nR\u0117mo indeksas: TF7RS<br \/>\nSpalva: neapdorotas plienas<br \/>\nBaldo tipas: stalo prailginimas 110<br \/>\nPlotis: 110 cm<br \/>\nAuk\u0161tis: 19 cm<br \/>\nGylis: 22 cm<br \/>\nR\u0117mo svoris: 7 kg<br \/>\nSurinkimas: reikalingas surinkimas<br \/>\nKolekcijos stilius: modernus<br \/>\n1 interjero tipas: jaunimo kambarys<br \/>\n\u012eranga: Ap\u0161vietimas \u012ftrauktas: taip<br \/>\nAp\u0161vietimo tipas: LED<br \/>\nEnergijos klas\u0117 A++<br \/>\nMed\u017eiaga: Korpusas: laminuota med\u017eio dro\u017eli\u0173 plok\u0161t\u0117: 16 mm<br \/>\nKorpuso kra\u0161to apdaila: A 0,45 mm<br \/>\nKorpuso spalva: neapdorotas plienas<br \/>\nVir\u0161us: laminuota med\u017eio dro\u017eli\u0173 plok\u0161t\u0117<br \/>\nVir\u0161utinio kra\u0161to apdaila: A 0,45 mm<br \/>\nKra\u0161t\u0173 juost\u0173 skai\u010dius: 4<br \/>\nVir\u0161utin\u0117 spalva: Neapdorotas plienas<\/p>","protected":false},"excerpt":{"rendered":"<p>Modelis: TF-07 Spalva: \u0161ilko pluo\u0161tas \/ nat\u016brali hikorija \/ neapdorotas plienas Matmenys: Plotis 110 cm Auk\u0161tis 19 cm Gylis 22 cm Pagrindin\u0117 informacija: R\u0117mo pavadinimas: TF-07 Kolekcijos pavadinimas: TEEN FLEX R\u0117mo indeksas: TF7RS Spalva: neapdorotas plienas Baldo tipas: stalo prailginimas 110 Plotis: 110 cm Auk\u0161tis: 19 cm Gylis: 22 cm R\u0117mo svoris: 7 kg Surinkimas: [\u2026]<\/p>","protected":false},"featured_media":250083,"comment_status":"open","ping_status":"open","template":"","meta":[],"product_brand":[],"product_cat":[9253,9251,2454],"product_tag":[],"class_list":{"0":"post-250082","1":"product","2":"type-product","3":"status-publish","4":"has-post-thumbnail","6":"product_cat-furniture-system-teen-flex-lenart","7":"product_cat-musor","8":"product_cat-lenart","10":"first","11":"instock","12":"purchasable","13":"product-type-simple"},"_links":{"self":[{"href":"https:\/\/baldumarket.lt\/lt\/wp-json\/wp\/v2\/product\/250082","targetHints":{"allow":["GET"]}}],"collection":[{"href":"https:\/\/baldumarket.lt\/lt\/wp-json\/wp\/v2\/product"}],"about":[{"href":"https:\/\/baldumarket.lt\/lt\/wp-json\/wp\/v2\/types\/product"}],"replies":[{"embeddable":true,"href":"https:\/\/baldumarket.lt\/lt\/wp-json\/wp\/v2\/comments?post=250082"}],"wp:featuredmedia":[{"embeddable":true,"href":"https:\/\/baldumarket.lt\/lt\/wp-json\/wp\/v2\/media\/250083"}],"wp:attachment":[{"href":"https:\/\/baldumarket.lt\/lt\/wp-json\/wp\/v2\/media?parent=250082"}],"wp:term":[{"taxonomy":"product_brand","embeddable":true,"href":"https:\/\/baldumarket.lt\/lt\/wp-json\/wp\/v2\/product_brand?post=250082"},{"taxonomy":"product_cat","embeddable":true,"href":"https:\/\/baldumarket.lt\/lt\/wp-json\/wp\/v2\/product_cat?post=250082"},{"taxonomy":"product_tag","embeddable":true,"href":"https:\/\/baldumarket.lt\/lt\/wp-json\/wp\/v2\/product_tag?post=250082"}],"curies":[{"name":"wp","href":"https:\/\/api.w.org\/{rel}","templated":true}]}}