{"id":250074,"date":"2026-01-10T18:04:53","date_gmt":"2026-01-10T15:04:53","guid":{"rendered":"https:\/\/baldumarket.lt\/product\/szafka-3d-teen-flex-tf-08\/"},"modified":"2026-02-11T18:32:07","modified_gmt":"2026-02-11T15:32:07","slug":"szafka-3d-teen-flex-tf-08","status":"publish","type":"product","link":"https:\/\/baldumarket.lt\/lt\/product\/szafka-3d-teen-flex-tf-08\/","title":{"rendered":"3D spintel\u0117 TEEN FLEX TF-08"},"content":{"rendered":"<p>Modelis: TF-08<br \/>\nSpalva: \u0161ilko pluo\u0161tas \/ nat\u016brali hikorija \/ neapdorotas plienas<br \/>\nMatmenys: Plotis 150 cm<br \/>\nAuk\u0161tis 52 cm<br \/>\nGylis 42 cm<br \/>\nPagrindin\u0117 informacija: Formos pavadinimas: TF-08<br \/>\nKolekcijos pavadinimas: TEEN FLEX<br \/>\nBylos indeksas: TF8SF<br \/>\nSpalva: \u0161ilko spalvos<br \/>\nBald\u0173 tipas: spintel\u0117<br \/>\nKorpuso charakteristikos: 3D<br \/>\nPlotis: 150 cm<br \/>\nAuk\u0161tis: 52 cm<br \/>\nGylis: 42 cm<br \/>\nD\u0117klo svoris: 39 kg<br \/>\nSurinkimas: reikalingas surinkimas<br \/>\nKolekcijos stilius: modernus<br \/>\n1 interjero tipas: jaunimo kambarys<br \/>\n\u012eranga: 6 lentynos<br \/>\nJungtys: Vyris: standartinis pasl\u0117ptas<br \/>\nRankena: n\u0117ra<br \/>\nP\u0117da\/koja: slysti vinimi<br \/>\nMed\u017eiaga: Korpusas: laminuota med\u017eio dro\u017eli\u0173 plok\u0161t\u0117 16 mm<br \/>\nR\u0117mo kra\u0161to apdaila: A 0,45 mm;<br \/>\nR\u0117mo spalva: \u0161ilko floksas<br \/>\nGalin\u0117 siena: HDF plok\u0161t\u0117; 3 mm<br \/>\nMatomos galin\u0117s sienos apdaila: laminatas<br \/>\nNematoma galin\u0117s sienel\u0117s apdaila: neapdorota<br \/>\nTvirtinimas prie galin\u0117s sienos: nuta<br \/>\nGalin\u0117s sienos spalva: balta<br \/>\nLentyna: laminuota med\u017eio dro\u017eli\u0173 plok\u0161t\u0117; 16 mm<br \/>\nLentynos kra\u0161to apdaila: A 0,45 mm<br \/>\nLentyn\u0173 kra\u0161t\u0173 juost\u0173 skai\u010dius: 1<br \/>\nLeistina lentyn\u0173 apkrova: 5 kg<br \/>\nLentynos spalva: \u0161ilko pluo\u0161tas<br \/>\nLentyn\u0173 skai\u010dius: 3<br \/>\nPriekin\u0117 dalis: laminuota med\u017eio dro\u017eli\u0173 plok\u0161t\u0117; 16 mm<br \/>\nPriekinio kra\u0161to apdaila: S 1,7 mm<br \/>\nPriekin\u0117s dalies spalva: \u0161ilkinis floksas<\/p>","protected":false},"excerpt":{"rendered":"<p>Modelis: TF-08 Spalva: \u0161ilko danga \/ nat\u016brali hikorija \/ neapdorotas plienas Matmenys: Plotis 150 cm Auk\u0161tis 52 cm Gylis 42 cm Pagrindin\u0117 informacija: Formos pavadinimas: TF-08 Kolekcijos pavadinimas: TEEN FLEX Korpuso indeksas: TF8SF Spalva: \u0161ilko danga Baldo tipas: spintel\u0117 Korpuso charakteristikos: 3D Plotis: 150 cm Auk\u0161tis: 52 cm Gylis: 42 cm Korpuso svoris: 39 kg [\u2026]<\/p>","protected":false},"featured_media":250075,"comment_status":"open","ping_status":"open","template":"","meta":[],"product_brand":[],"product_cat":[9253,9120,2454],"product_tag":[],"class_list":{"0":"post-250074","1":"product","2":"type-product","3":"status-publish","4":"has-post-thumbnail","6":"product_cat-furniture-system-teen-flex-lenart","7":"product_cat-cabinets","8":"product_cat-lenart","10":"first","11":"instock","12":"purchasable","13":"product-type-simple"},"_links":{"self":[{"href":"https:\/\/baldumarket.lt\/lt\/wp-json\/wp\/v2\/product\/250074","targetHints":{"allow":["GET"]}}],"collection":[{"href":"https:\/\/baldumarket.lt\/lt\/wp-json\/wp\/v2\/product"}],"about":[{"href":"https:\/\/baldumarket.lt\/lt\/wp-json\/wp\/v2\/types\/product"}],"replies":[{"embeddable":true,"href":"https:\/\/baldumarket.lt\/lt\/wp-json\/wp\/v2\/comments?post=250074"}],"wp:featuredmedia":[{"embeddable":true,"href":"https:\/\/baldumarket.lt\/lt\/wp-json\/wp\/v2\/media\/250075"}],"wp:attachment":[{"href":"https:\/\/baldumarket.lt\/lt\/wp-json\/wp\/v2\/media?parent=250074"}],"wp:term":[{"taxonomy":"product_brand","embeddable":true,"href":"https:\/\/baldumarket.lt\/lt\/wp-json\/wp\/v2\/product_brand?post=250074"},{"taxonomy":"product_cat","embeddable":true,"href":"https:\/\/baldumarket.lt\/lt\/wp-json\/wp\/v2\/product_cat?post=250074"},{"taxonomy":"product_tag","embeddable":true,"href":"https:\/\/baldumarket.lt\/lt\/wp-json\/wp\/v2\/product_tag?post=250074"}],"curies":[{"name":"wp","href":"https:\/\/api.w.org\/{rel}","templated":true}]}}