{"id":250050,"date":"2026-01-10T18:04:43","date_gmt":"2026-01-10T15:04:43","guid":{"rendered":"https:\/\/baldumarket.lt\/product\/polka-27-teen-flex-tf-11\/"},"modified":"2026-02-11T18:32:07","modified_gmt":"2026-02-11T15:32:07","slug":"polka-27-teen-flex-tf-11","status":"publish","type":"product","link":"https:\/\/baldumarket.lt\/lt\/product\/polka-27-teen-flex-tf-11\/","title":{"rendered":"Lentyna 27 TEEN FLEX TF-11"},"content":{"rendered":"<p>Modelis: TF-11<br \/>\nSpalva: \u0161ilko pluo\u0161tas \/ nat\u016brali hikorija \/ neapdorotas plienas<br \/>\nMatmenys: Plotis 27 cm<br \/>\nAuk\u0161tis 45 cm<br \/>\nGylis 25 cm<br \/>\nPagrindin\u0117 informacija: K\u016bno pavadinimas: TF-11<br \/>\nKolekcijos pavadinimas: TEEN FLEX<br \/>\nK\u0117bulo indeksas: TF11RS<br \/>\nSpalva: neapdorotas plienas<br \/>\nBald\u0173 tipas: pakabinama lentyna<br \/>\nPlotis: 27 cm<br \/>\nAuk\u0161tis: 45 cm<br \/>\nGylis: 25 cm<br \/>\nK\u016bno svoris: 5 kg<br \/>\nSurinkimas: reikalingas surinkimas<br \/>\nKolekcijos stilius: modernus<br \/>\n1 interjero tipas: jaunimo kambarys<br \/>\nMed\u017eiaga: korpusas: laminuota med\u017eio dro\u017eli\u0173 plok\u0161t\u0117: 16 mm<br \/>\nKorpuso kra\u0161to apdaila: A 0,45 mm;<br \/>\nKorpuso spalva: neapdorotas plienas<br \/>\nStalvir\u0161is: laminuota med\u017eio dro\u017eli\u0173 plok\u0161t\u0117; 16 mm<br \/>\nVir\u0161utin\u0117s plok\u0161t\u0117s kra\u0161to apdaila: A 0,45 mm<br \/>\nKra\u0161t\u0173 juost\u0173 skai\u010dius: 4<br \/>\nVir\u0161utin\u0117s plok\u0161t\u0117s spalva: neapdorotas plienas<br \/>\nGalin\u0117 sienel\u0117: laminuota med\u017eio dro\u017eli\u0173 plok\u0161t\u0117; 16 mm<br \/>\nGalin\u0117s panel\u0117s spalva: neapdorotas plienas<br \/>\nLeistina lentyn\u0173 apkrova: 3 kg<\/p>\n<p>\u0160is baldas gaminamas pagal u\u017esakym\u0105. U\u017esakymo at\u0161aukti negalima pra\u0117jus 48 valandoms nuo jo pateikimo. Pra\u0161ome apsipirkti atsargiai.<\/p>","protected":false},"excerpt":{"rendered":"<p>Modelis: TF-11 Spalva: \u0161ilko pluo\u0161tas \/ nat\u016brali hikorija \/ neapdorotas plienas Matmenys: plotis 27 cm Auk\u0161tis 45 cm Gylis 25 cm Pagrindin\u0117 informacija: Korpuso pavadinimas: TF-11 Kolekcijos pavadinimas: TEEN FLEX Korpuso indeksas: TF11RS Spalva: neapdorotas plienas Baldo tipas: pakabinama lentyna Plotis: 27 cm Auk\u0161tis: 45 cm Gylis: 25 cm Korpuso svoris: 5 kg Surinkimas: surinkimas [\u2026]<\/p>","protected":false},"featured_media":250051,"comment_status":"open","ping_status":"open","template":"","meta":[],"product_brand":[],"product_cat":[9253,1174,2454],"product_tag":[],"class_list":{"0":"post-250050","1":"product","2":"type-product","3":"status-publish","4":"has-post-thumbnail","6":"product_cat-furniture-system-teen-flex-lenart","7":"product_cat-hanging-shelves","8":"product_cat-lenart","10":"first","11":"instock","12":"purchasable","13":"product-type-simple"},"_links":{"self":[{"href":"https:\/\/baldumarket.lt\/lt\/wp-json\/wp\/v2\/product\/250050","targetHints":{"allow":["GET"]}}],"collection":[{"href":"https:\/\/baldumarket.lt\/lt\/wp-json\/wp\/v2\/product"}],"about":[{"href":"https:\/\/baldumarket.lt\/lt\/wp-json\/wp\/v2\/types\/product"}],"replies":[{"embeddable":true,"href":"https:\/\/baldumarket.lt\/lt\/wp-json\/wp\/v2\/comments?post=250050"}],"wp:featuredmedia":[{"embeddable":true,"href":"https:\/\/baldumarket.lt\/lt\/wp-json\/wp\/v2\/media\/250051"}],"wp:attachment":[{"href":"https:\/\/baldumarket.lt\/lt\/wp-json\/wp\/v2\/media?parent=250050"}],"wp:term":[{"taxonomy":"product_brand","embeddable":true,"href":"https:\/\/baldumarket.lt\/lt\/wp-json\/wp\/v2\/product_brand?post=250050"},{"taxonomy":"product_cat","embeddable":true,"href":"https:\/\/baldumarket.lt\/lt\/wp-json\/wp\/v2\/product_cat?post=250050"},{"taxonomy":"product_tag","embeddable":true,"href":"https:\/\/baldumarket.lt\/lt\/wp-json\/wp\/v2\/product_tag?post=250050"}],"curies":[{"name":"wp","href":"https:\/\/api.w.org\/{rel}","templated":true}]}}