{"id":250034,"date":"2026-01-10T18:04:36","date_gmt":"2026-01-10T15:04:36","guid":{"rendered":"https:\/\/baldumarket.lt\/product\/polka-100-teen-flex-tf-13\/"},"modified":"2026-02-11T18:32:07","modified_gmt":"2026-02-11T15:32:07","slug":"polka-100-teen-flex-tf-13","status":"publish","type":"product","link":"https:\/\/baldumarket.lt\/lt\/product\/polka-100-teen-flex-tf-13\/","title":{"rendered":"Lentyna 100 paaugli\u0173 FLEX TF-13"},"content":{"rendered":"<p>Modelis: TF-13<br \/>\nSpalva: \u0161ilko pluo\u0161tas \/ nat\u016brali hikorija \/ neapdorotas plienas<br \/>\nMatmenys: Plotis 102 cm<br \/>\nAuk\u0161tis 19 cm<br \/>\nGylis 27 cm<br \/>\nPagrindin\u0117 informacija: Modelio pavadinimas: TF-13<br \/>\nKolekcijos pavadinimas: TEEN FLEX<br \/>\nModelio indeksas: TF13RS<br \/>\nSpalva: neapdorotas plienas<br \/>\nBald\u0173 tipas: pakabinama lentyna<br \/>\nPlotis: 102 cm<br \/>\nAuk\u0161tis: 19 cm<br \/>\nGylis: 27 cm<br \/>\nModelio svoris: 6,5 kg<br \/>\nSurinkimas: reikalingas surinkimas<br \/>\nKolekcijos stilius: modernus<br \/>\n1 interjero tipas: jaunimo kambarys<br \/>\nMed\u017eiaga: r\u0117mas: laminuota med\u017eio dro\u017eli\u0173 plok\u0161t\u0117: 16 mm<br \/>\nR\u0117mo kra\u0161to apdaila: A 0,45 mm;<br \/>\nR\u0117mo spalva: neapdorotas plienas<br \/>\nLeistina lentyn\u0173 apkrova: 3 kg<\/p>\n<p>\u0160ie baldai gaminami pagal individualius klient\u0173 pageidavimus. U\u017esakymo at\u0161aukti negalima pra\u0117jus 48 valandoms nuo pateikimo. Pra\u0161ome apsipirkti atid\u017eiai.<\/p>","protected":false},"excerpt":{"rendered":"<p>Modelis: TF-13 Spalva: \u0161ilko pluo\u0161tas \/ nat\u016brali hikorija \/ neapdorotas plienas Matmenys: Plotis 102 cm Auk\u0161tis 19 cm Gylis 27 cm Pagrindin\u0117 informacija: Modelio pavadinimas: TF-13 Kolekcijos pavadinimas: TEEN FLEX Modelio indeksas: TF13RS Spalva: neapdorotas plienas Baldo tipas: pakabinama lentyna Plotis: 102 cm Auk\u0161tis: 19 cm Gylis: 27 cm Modelio svoris: 6,5 kg Surinkimas: surinkimas [\u2026]<\/p>","protected":false},"featured_media":250035,"comment_status":"open","ping_status":"open","template":"","meta":[],"product_brand":[],"product_cat":[9253,1174,2454],"product_tag":[],"class_list":{"0":"post-250034","1":"product","2":"type-product","3":"status-publish","4":"has-post-thumbnail","6":"product_cat-furniture-system-teen-flex-lenart","7":"product_cat-hanging-shelves","8":"product_cat-lenart","10":"first","11":"instock","12":"purchasable","13":"product-type-simple"},"_links":{"self":[{"href":"https:\/\/baldumarket.lt\/lt\/wp-json\/wp\/v2\/product\/250034","targetHints":{"allow":["GET"]}}],"collection":[{"href":"https:\/\/baldumarket.lt\/lt\/wp-json\/wp\/v2\/product"}],"about":[{"href":"https:\/\/baldumarket.lt\/lt\/wp-json\/wp\/v2\/types\/product"}],"replies":[{"embeddable":true,"href":"https:\/\/baldumarket.lt\/lt\/wp-json\/wp\/v2\/comments?post=250034"}],"wp:featuredmedia":[{"embeddable":true,"href":"https:\/\/baldumarket.lt\/lt\/wp-json\/wp\/v2\/media\/250035"}],"wp:attachment":[{"href":"https:\/\/baldumarket.lt\/lt\/wp-json\/wp\/v2\/media?parent=250034"}],"wp:term":[{"taxonomy":"product_brand","embeddable":true,"href":"https:\/\/baldumarket.lt\/lt\/wp-json\/wp\/v2\/product_brand?post=250034"},{"taxonomy":"product_cat","embeddable":true,"href":"https:\/\/baldumarket.lt\/lt\/wp-json\/wp\/v2\/product_cat?post=250034"},{"taxonomy":"product_tag","embeddable":true,"href":"https:\/\/baldumarket.lt\/lt\/wp-json\/wp\/v2\/product_tag?post=250034"}],"curies":[{"name":"wp","href":"https:\/\/api.w.org\/{rel}","templated":true}]}}