{"id":250023,"date":"2026-01-10T18:04:30","date_gmt":"2026-01-10T15:04:30","guid":{"rendered":"https:\/\/baldumarket.lt\/product\/stolik-nocny-teen-flex-tf-18\/"},"modified":"2026-02-11T18:32:07","modified_gmt":"2026-02-11T15:32:07","slug":"stolik-nocny-teen-flex-tf-18","status":"publish","type":"product","link":"https:\/\/baldumarket.lt\/lt\/product\/stolik-nocny-teen-flex-tf-18\/","title":{"rendered":"TEEN FLEX TF-18 naktinis staliukas"},"content":{"rendered":"<p>Modelis: TF-18<br \/>\nSpalva: \u0161ilko pluo\u0161tas \/ nat\u016brali hikorija \/ neapdorotas plienas<br \/>\nMatmenys: Plotis 45 cm<br \/>\nAuk\u0161tis 45 cm<br \/>\nGylis 40 cm<br \/>\nPagrindin\u0117 informacija: K\u0117bulo pavadinimas: TF-18<br \/>\nKolekcijos pavadinimas: TEEN FLEX<br \/>\nK\u0117bulo indeksas: TF18H<br \/>\nSpalva: nat\u016brali hikorija<br \/>\nBald\u0173 tipas: naktinis staliukas<br \/>\nK\u0117bulo charakteristikos: 1D1S<br \/>\nPlotis: 45 cm<br \/>\nAuk\u0161tis: 45 cm<br \/>\nGylis: 40 cm<br \/>\nK\u016bno svoris: 12 kg<br \/>\nSurinkimas: reikalingas surinkimas<br \/>\nKolekcijos stilius: modernus<br \/>\n1 interjero tipas: jaunimo kambarys<br \/>\nStal\u010di\u0173 skai\u010dius: 1<br \/>\nDur\u0173 skai\u010dius: 1<br \/>\nJungtys: vyris: standartinis pasl\u0117ptas<br \/>\nStal\u010diaus kreiptuvas: rutulinis guolis<br \/>\nMed\u017eiaga: korpusas: laminuota med\u017eio dro\u017eli\u0173 plok\u0161t\u0117 16 mm<br \/>\nKarkaso kra\u0161to apdaila: A 0,45 mm;<br \/>\nKorpuso spalva: nat\u016brali hikorija<br \/>\nGalin\u0117 sienel\u0117: HDF plok\u0161t\u0117; 3 mm<br \/>\nMatomos galin\u0117s plok\u0161t\u0117s apdaila: laminatas<br \/>\nNematoma galin\u0117s panel\u0117s apdaila: neapdorota<br \/>\nPriekin\u0117 dalis: laminuota med\u017eio dro\u017eli\u0173 plok\u0161t\u0117; 16 mm<br \/>\nPriekinio kra\u0161to apdaila: S 1,7 mm<br \/>\nPriekin\u0117s dalies spalva: nat\u016brali hikorija<br \/>\nStal\u010diaus vidin\u0117 apdaila: balta juostel\u0117<br \/>\nStal\u010diaus dugnas: HDF plok\u0161t\u0117; 3 mm<\/p>","protected":false},"excerpt":{"rendered":"<p>Modelis: TF-18 Spalva: \u0161ilko pluo\u0161tas \/ nat\u016brali hikorija \/ neapdorotas plienas Matmenys: Plotis 45 cm Auk\u0161tis 45 cm Gylis 40 cm Pagrindin\u0117 informacija: Korpuso pavadinimas: TF-18 Kolekcijos pavadinimas: TEEN FLEX Korpuso indeksas: TF18H Spalva: nat\u016brali hikorija Baldo tipas: naktinis staliukas Korpuso charakteristikos: 1D1S Plotis: 45 cm Auk\u0161tis: 45 cm Gylis: 40 cm Korpuso svoris: 12 [\u2026]<\/p>","protected":false},"featured_media":250024,"comment_status":"open","ping_status":"open","template":"","meta":[],"product_brand":[],"product_cat":[9253,1176,2454],"product_tag":[],"class_list":{"0":"post-250023","1":"product","2":"type-product","3":"status-publish","4":"has-post-thumbnail","6":"product_cat-furniture-system-teen-flex-lenart","7":"product_cat-bedside-tables","8":"product_cat-lenart","10":"first","11":"instock","12":"purchasable","13":"product-type-simple"},"_links":{"self":[{"href":"https:\/\/baldumarket.lt\/lt\/wp-json\/wp\/v2\/product\/250023","targetHints":{"allow":["GET"]}}],"collection":[{"href":"https:\/\/baldumarket.lt\/lt\/wp-json\/wp\/v2\/product"}],"about":[{"href":"https:\/\/baldumarket.lt\/lt\/wp-json\/wp\/v2\/types\/product"}],"replies":[{"embeddable":true,"href":"https:\/\/baldumarket.lt\/lt\/wp-json\/wp\/v2\/comments?post=250023"}],"wp:featuredmedia":[{"embeddable":true,"href":"https:\/\/baldumarket.lt\/lt\/wp-json\/wp\/v2\/media\/250024"}],"wp:attachment":[{"href":"https:\/\/baldumarket.lt\/lt\/wp-json\/wp\/v2\/media?parent=250023"}],"wp:term":[{"taxonomy":"product_brand","embeddable":true,"href":"https:\/\/baldumarket.lt\/lt\/wp-json\/wp\/v2\/product_brand?post=250023"},{"taxonomy":"product_cat","embeddable":true,"href":"https:\/\/baldumarket.lt\/lt\/wp-json\/wp\/v2\/product_cat?post=250023"},{"taxonomy":"product_tag","embeddable":true,"href":"https:\/\/baldumarket.lt\/lt\/wp-json\/wp\/v2\/product_tag?post=250023"}],"curies":[{"name":"wp","href":"https:\/\/api.w.org\/{rel}","templated":true}]}}