{"id":250015,"date":"2026-01-10T18:04:26","date_gmt":"2026-01-10T15:04:26","guid":{"rendered":"https:\/\/baldumarket.lt\/product\/regal-45-1d1s-teen-flex-tf-02\/"},"modified":"2026-02-11T18:32:07","modified_gmt":"2026-02-11T15:32:07","slug":"regal-45-1d1s-teen-flex-tf-02","status":"publish","type":"product","link":"https:\/\/baldumarket.lt\/lt\/product\/regal-45-1d1s-teen-flex-tf-02\/","title":{"rendered":"Lentyna 45 1d1s TEEN FLEX TF-02"},"content":{"rendered":"<p>Modelis: TF-02<br \/>\nSpalva: \u0161ilko pluo\u0161tas \/ nat\u016brali hikorija \/ neapdorotas plienas<br \/>\nMatmenys: Plotis 44 cm<br \/>\n\u016agis 218 cm<br \/>\nGylis 40 cm<br \/>\nPagrindin\u0117 informacija: Formos pavadinimas: TF-02<br \/>\nKolekcijos pavadinimas: TEEN FLEX<br \/>\nU\u017euolaidin\u0117s puspriekab\u0117s indeksas: TF2SFH<br \/>\nSpalva: \u0161ilkinis fluksas \/ nat\u016brali hikorija<br \/>\nBald\u0173 tipas: knyg\u0173 lentyna<br \/>\nU\u017euolaidin\u0117s priekabos ypatyb\u0117s: 1D1S<br \/>\nPlotis: 44 cm<br \/>\n\u016agis: 218 cm<br \/>\nGylis: 40 cm<br \/>\nU\u017euolaidin\u0117s puspriekab\u0117s svoris: 44,5 kg<br \/>\nSurinkimas: reikalingas surinkimas<br \/>\nKolekcijos stilius: modernus<br \/>\n1 interjero tipas: jaunimo kambarys<br \/>\n\u012eranga: 4 lentynos<br \/>\nStal\u010di\u0173 skai\u010dius: 1<br \/>\nDur\u0173 skai\u010dius: 1<br \/>\nFurnit\u016bra: vyris: standartinis pasl\u0117ptas<br \/>\nRankena: n\u0117ra<br \/>\nStal\u010diaus b\u0117gelis: Rutulinis guolis<br \/>\nP\u0117da\/koja: slysti vinimi<br \/>\nMed\u017eiaga: Korpusas: laminuota med\u017eio dro\u017eli\u0173 plok\u0161t\u0117: 16 mm<br \/>\nKorpuso kra\u0161to apdaila: A 0,45 mm, 1,7 mm<br \/>\nKorpuso spalva: \u0161ilkinis floksas<br \/>\nGalin\u0117 sienel\u0117: laminuota med\u017eio dro\u017eli\u0173 plok\u0161t\u0117: 16 mm<br \/>\nGalin\u0117s panel\u0117s spalva: nat\u016brali hikorija<br \/>\nLentyna: laminuota med\u017eio dro\u017eli\u0173 plok\u0161t\u0117: 16 mm<br \/>\nLentynos kra\u0161to apdaila: A 0,45 mm<br \/>\nKlijuot\u0173 lentyn\u0173 kra\u0161t\u0173 skai\u010dius: 1<br \/>\nLeistina lentyn\u0173 apkrova: 5 kg<br \/>\nLentynos spalva: nat\u016brali hikorija<br \/>\nLentyn\u0173 skai\u010dius: 1<br \/>\nPriekin\u0117 dalis: laminuota med\u017eio dro\u017eli\u0173 plok\u0161t\u0117: 16 mm<br \/>\nPriekinio kra\u0161to apdaila: S 1,7 mm<br \/>\nPriekin\u0117s dalies spalva: \u0161ilkinis floksas<br \/>\nStal\u010diaus vidin\u0117 apdaila: balta juostel\u0117<br \/>\nStal\u010diaus dugnas: HDF plok\u0161t\u0117: 3 mm<\/p>","protected":false},"excerpt":{"rendered":"<p>Modelis: TF-02 Spalva: \u0161ilko danga \/ nat\u016brali hikorija \/ neapdorotas plienas Matmenys: Plotis 44 cm Auk\u0161tis 218 cm Gylis 40 cm Pagrindin\u0117 informacija: Formos pavadinimas: TF-02 Kolekcijos pavadinimas: TEEN FLEX U\u017euolaidin\u0117s pus\u0117s indeksas: TF2SFH Spalva: \u0161ilko danga \/ nat\u016brali hikorija Baldo tipas: knyg\u0173 lentyna U\u017euolaidin\u0117s pus\u0117s ypatyb\u0117s: 1D1S Plotis: 44 cm Auk\u0161tis: 218 cm Gylis: 40 cm U\u017euolaidin\u0117 pus\u0117 [\u2026]<\/p>","protected":false},"featured_media":250016,"comment_status":"open","ping_status":"open","template":"","meta":[],"product_brand":[],"product_cat":[9253,2454,1987],"product_tag":[],"class_list":{"0":"post-250015","1":"product","2":"type-product","3":"status-publish","4":"has-post-thumbnail","6":"product_cat-furniture-system-teen-flex-lenart","7":"product_cat-lenart","8":"product_cat-shelving-units","10":"first","11":"instock","12":"purchasable","13":"product-type-simple"},"_links":{"self":[{"href":"https:\/\/baldumarket.lt\/lt\/wp-json\/wp\/v2\/product\/250015","targetHints":{"allow":["GET"]}}],"collection":[{"href":"https:\/\/baldumarket.lt\/lt\/wp-json\/wp\/v2\/product"}],"about":[{"href":"https:\/\/baldumarket.lt\/lt\/wp-json\/wp\/v2\/types\/product"}],"replies":[{"embeddable":true,"href":"https:\/\/baldumarket.lt\/lt\/wp-json\/wp\/v2\/comments?post=250015"}],"wp:featuredmedia":[{"embeddable":true,"href":"https:\/\/baldumarket.lt\/lt\/wp-json\/wp\/v2\/media\/250016"}],"wp:attachment":[{"href":"https:\/\/baldumarket.lt\/lt\/wp-json\/wp\/v2\/media?parent=250015"}],"wp:term":[{"taxonomy":"product_brand","embeddable":true,"href":"https:\/\/baldumarket.lt\/lt\/wp-json\/wp\/v2\/product_brand?post=250015"},{"taxonomy":"product_cat","embeddable":true,"href":"https:\/\/baldumarket.lt\/lt\/wp-json\/wp\/v2\/product_cat?post=250015"},{"taxonomy":"product_tag","embeddable":true,"href":"https:\/\/baldumarket.lt\/lt\/wp-json\/wp\/v2\/product_tag?post=250015"}],"curies":[{"name":"wp","href":"https:\/\/api.w.org\/{rel}","templated":true}]}}