{"id":249991,"date":"2026-01-10T18:04:17","date_gmt":"2026-01-10T15:04:17","guid":{"rendered":"https:\/\/baldumarket.lt\/product\/polka-wiszaca-piemonte-04-jesion-portland-czarny\/"},"modified":"2026-02-11T18:32:07","modified_gmt":"2026-02-11T15:32:07","slug":"polka-wiszaca-piemonte-04-jesion-portland-czarny","status":"publish","type":"product","link":"https:\/\/baldumarket.lt\/lt\/product\/polka-wiszaca-piemonte-04-jesion-portland-czarny\/","title":{"rendered":"PIEMONTE 04 pakabinama lentyna, Portlando uosio\/juoda"},"content":{"rendered":"<p>Kolekcija: PIEMONTE<br \/>\nModelis: PE-04<br \/>\nSpalva: Portlando pelen\u0173\/juoda<br \/>\nMatmenys: Plotis: 155 cm<br \/>\nAuk\u0161tis: 19 cm<br \/>\nGylis: 24 cm<br \/>\nPagrindin\u0117 informacija: R\u0117melio indeksas: PE4JCZ<br \/>\nK\u016bno svoris: 8,5 kg<br \/>\nSurinkimas: Reikalingas surinkimas<br \/>\nMed\u017eiaga: R\u0117mas: Laminuota med\u017eio dro\u017eli\u0173 plok\u0161t\u0117; 16 mm, 22 mm<br \/>\nR\u0117mo kra\u0161to apdaila: 1,00 mm<br \/>\nKorpuso spalva: Portlando pelen\u0173 \/ juoda<br \/>\nLentynos apkrova: 3 kg<\/p>","protected":false},"excerpt":{"rendered":"<p>Kolekcija: PIEMONTE Modelis: PE-04 Spalva: Portlando uosio\/juoda Matmenys: Plotis: 155 cm Auk\u0161tis: 19 cm Gylis: 24 cm Pagrindin\u0117 informacija: R\u0117mo indeksas: PE4JCZ Korpuso svoris: 8,5 kg Surinkimas: Reikalingas surinkimas Med\u017eiaga: R\u0117mas: Laminuota med\u017eio dro\u017eli\u0173 plok\u0161t\u0117; 16 mm, 22 mm R\u0117mo kra\u0161to apdaila: 1,00 mm Korpuso spalva: Portlando uosio\/juoda Lentynos keliamoji galia: 3 kg<\/p>","protected":false},"featured_media":249992,"comment_status":"open","ping_status":"open","template":"","meta":[],"product_brand":[],"product_cat":[9274,1174,2454],"product_tag":[],"class_list":{"0":"post-249991","1":"product","2":"type-product","3":"status-publish","4":"has-post-thumbnail","6":"product_cat-furniture-system-piemonte-lenart","7":"product_cat-hanging-shelves","8":"product_cat-lenart","10":"first","11":"instock","12":"purchasable","13":"product-type-simple"},"_links":{"self":[{"href":"https:\/\/baldumarket.lt\/lt\/wp-json\/wp\/v2\/product\/249991","targetHints":{"allow":["GET"]}}],"collection":[{"href":"https:\/\/baldumarket.lt\/lt\/wp-json\/wp\/v2\/product"}],"about":[{"href":"https:\/\/baldumarket.lt\/lt\/wp-json\/wp\/v2\/types\/product"}],"replies":[{"embeddable":true,"href":"https:\/\/baldumarket.lt\/lt\/wp-json\/wp\/v2\/comments?post=249991"}],"wp:featuredmedia":[{"embeddable":true,"href":"https:\/\/baldumarket.lt\/lt\/wp-json\/wp\/v2\/media\/249992"}],"wp:attachment":[{"href":"https:\/\/baldumarket.lt\/lt\/wp-json\/wp\/v2\/media?parent=249991"}],"wp:term":[{"taxonomy":"product_brand","embeddable":true,"href":"https:\/\/baldumarket.lt\/lt\/wp-json\/wp\/v2\/product_brand?post=249991"},{"taxonomy":"product_cat","embeddable":true,"href":"https:\/\/baldumarket.lt\/lt\/wp-json\/wp\/v2\/product_cat?post=249991"},{"taxonomy":"product_tag","embeddable":true,"href":"https:\/\/baldumarket.lt\/lt\/wp-json\/wp\/v2\/product_tag?post=249991"}],"curies":[{"name":"wp","href":"https:\/\/api.w.org\/{rel}","templated":true}]}}