{"id":249983,"date":"2026-01-10T18:04:13","date_gmt":"2026-01-10T15:04:13","guid":{"rendered":"https:\/\/baldumarket.lt\/product\/witryna-z-oswietleniem-piemonte-06-jesion-portland-czarny\/"},"modified":"2026-02-11T18:32:08","modified_gmt":"2026-02-11T15:32:08","slug":"witryna-z-oswietleniem-piemonte-06-jesion-portland-czarny","status":"publish","type":"product","link":"https:\/\/baldumarket.lt\/lt\/product\/witryna-z-oswietleniem-piemonte-06-jesion-portland-czarny\/","title":{"rendered":"Vitrina su ap\u0161vietimu PIEMONTE 06 Portland Ash\/Black"},"content":{"rendered":"<p>Kolekcija: PIEMONTE<br \/>\nModelis: PE-06<br \/>\nSpalva: Portlando pelen\u0173 \/ juoda<br \/>\nMatmenys: Plotis: 92 cm<br \/>\n\u016agis: 144 cm<br \/>\nGylis: 44 cm<br \/>\nPagrindin\u0117 informacija: K\u0117bulo indeksas: PE6JCZ<br \/>\nK\u0117bulo charakteristikos: 1D1W2S<br \/>\nK\u016bno svoris: 68 kg<br \/>\nSurinkimas: Reikalingas surinkimas<br \/>\n\u012eranga: 8 lentynos<br \/>\nStal\u010di\u0173 skai\u010dius: 2<br \/>\nDur\u0173 skai\u010dius: 2<br \/>\n\u012etrauktas LED ap\u0161vietimas<br \/>\nJungtys: Vyris: standartinis pasl\u0117ptas<br \/>\nRankena: MDF juostel\u0117<br \/>\nStal\u010diaus b\u0117gelis: Rutulinis guolis<br \/>\nP\u0117da\/koja: metalin\u0117 koja<br \/>\nMed\u017eiaga: Korpusas: Laminuota med\u017eio dro\u017eli\u0173 plok\u0161t\u0117; 16 mm; 22 mm<br \/>\nKorpuso kra\u0161to apdaila: 0,45 mm; 1,00 mm<br \/>\nKorpuso spalva: Portland Ash\/Black\/Blacksmith<br \/>\nVir\u0161us: laminuota med\u017eio dro\u017eli\u0173 plok\u0161t\u0117; 22 mm<br \/>\nVir\u0161utinio kra\u0161to apdaila: 0,45 mm; 1,00 mm<br \/>\nKlijuot\u0173 vir\u0161utini\u0173 kra\u0161t\u0173 skai\u010dius: 4<br \/>\nVir\u0161utin\u0117 spalva: Portlando pelen\u0173<br \/>\nGalin\u0117 siena: HDF plok\u0161t\u0117; 3 mm<br \/>\nMatomos galin\u0117s sienos apdaila: laminatas<br \/>\nNematoma galin\u0117s sienel\u0117s apdaila: neapdorota<br \/>\nTvirtinimas prie galin\u0117s sienos: Nuta<br \/>\nGalin\u0117s sienos spalva: juoda<br \/>\nLentyna: laminuota med\u017eio dro\u017eli\u0173 plok\u0161t\u0117; 16 mm<br \/>\nLentynos kra\u0161to apdaila: 0,45 mm<br \/>\nKlijuot\u0173 lentyn\u0173 kra\u0161t\u0173 skai\u010dius: 1<br \/>\nLeistina lentyn\u0173 apkrova: 5 kg<br \/>\nLentynos spalva: Portlando uosis<br \/>\nLentyn\u0173 skai\u010dius: 4<br \/>\nStiklin\u0117 lentyna: gr\u016bdintas stiklas; 4 mm<br \/>\nStiklin\u0117s lentynos spalva: Antisol ruda<br \/>\nStiklin\u0117s lentynos apkrova: 3 kg<br \/>\nStiklini\u0173 lentyn\u0173 skai\u010dius: 2<br \/>\nPriekin\u0117 dalis: laminuota med\u017eio dro\u017eli\u0173 plok\u0161t\u0117; 16 mm<br \/>\nPriekinio kra\u0161to apdaila: 1,00 mm<br \/>\nPriekin\u0117s dalies spalva: Portlando uosis<br \/>\nStiklinis priekis: gr\u016bdintas stiklas; 4 mm<br \/>\nStiklo priekin\u0117s dalies spalva: Antisol ruda<br \/>\nStal\u010diaus vidin\u0117 apdaila: juoda juostel\u0117<br \/>\nStal\u010diaus dugnas: HDF plok\u0161t\u0117; 3 mm<\/p>","protected":false},"excerpt":{"rendered":"<p>Kolekcija: PIEMONTE Modelis: PE-06 Spalva: Portlando uosio \/ juoda Matmenys: Plotis: 92 cm Auk\u0161tis: 144 cm Gylis: 44 cm Pagrindin\u0117 informacija: Korpuso indeksas: PE6JCZ Korpuso charakteristikos: 1D1W2S Korpuso svoris: 68 kg Surinkimas: Reikalingas surinkimas \u012eranga: 8 x lentynos Stal\u010di\u0173 skai\u010dius: 2 Dur\u0173 skai\u010dius: 2 \u012eskai\u010diuotas LED ap\u0161vietimas Furnit\u016bra: Vyris: Standartinis pasl\u0117ptas Rankena: MDF [\u2026]<\/p>","protected":false},"featured_media":249984,"comment_status":"open","ping_status":"open","template":"","meta":[],"product_brand":[],"product_cat":[9274,2454,2006],"product_tag":[],"class_list":{"0":"post-249983","1":"product","2":"type-product","3":"status-publish","4":"has-post-thumbnail","6":"product_cat-furniture-system-piemonte-lenart","7":"product_cat-lenart","8":"product_cat-vitrines","10":"first","11":"instock","12":"purchasable","13":"product-type-simple"},"_links":{"self":[{"href":"https:\/\/baldumarket.lt\/lt\/wp-json\/wp\/v2\/product\/249983","targetHints":{"allow":["GET"]}}],"collection":[{"href":"https:\/\/baldumarket.lt\/lt\/wp-json\/wp\/v2\/product"}],"about":[{"href":"https:\/\/baldumarket.lt\/lt\/wp-json\/wp\/v2\/types\/product"}],"replies":[{"embeddable":true,"href":"https:\/\/baldumarket.lt\/lt\/wp-json\/wp\/v2\/comments?post=249983"}],"wp:featuredmedia":[{"embeddable":true,"href":"https:\/\/baldumarket.lt\/lt\/wp-json\/wp\/v2\/media\/249984"}],"wp:attachment":[{"href":"https:\/\/baldumarket.lt\/lt\/wp-json\/wp\/v2\/media?parent=249983"}],"wp:term":[{"taxonomy":"product_brand","embeddable":true,"href":"https:\/\/baldumarket.lt\/lt\/wp-json\/wp\/v2\/product_brand?post=249983"},{"taxonomy":"product_cat","embeddable":true,"href":"https:\/\/baldumarket.lt\/lt\/wp-json\/wp\/v2\/product_cat?post=249983"},{"taxonomy":"product_tag","embeddable":true,"href":"https:\/\/baldumarket.lt\/lt\/wp-json\/wp\/v2\/product_tag?post=249983"}],"curies":[{"name":"wp","href":"https:\/\/api.w.org\/{rel}","templated":true}]}}