{"id":249975,"date":"2026-01-10T18:04:10","date_gmt":"2026-01-10T15:04:10","guid":{"rendered":"https:\/\/baldumarket.lt\/product\/stolik-nocny-plano-pn-09-dab-nash-mitu-grey-bialy\/"},"modified":"2026-02-11T18:32:08","modified_gmt":"2026-02-11T15:32:08","slug":"stolik-nocny-plano-pn-09-dab-nash-mitu-grey-bialy","status":"publish","type":"product","link":"https:\/\/baldumarket.lt\/lt\/product\/stolik-nocny-plano-pn-09-dab-nash-mitu-grey-bialy\/","title":{"rendered":"PLANO PN-09 naktinis staliukas | Nash \u0105\u017euolas, Mitu pilka, balta"},"content":{"rendered":"<p>Modelis: PN-09 Spalva: \u0105\u017euolas \u201eNASH\u201c \/ \u0105\u017euolas \u201eMITU\u201c pilka \/ balta Matmenys: Plotis: 45 cm Auk\u0161tis: 50 cm Gylis: 41 cm Pagrindin\u0117 informacija: korpuso pavadinimas: PN-09 kolekcijos pavadinimas: PLANO korpuso indeksas: PN9DBB spalvos: \u0105\u017euolas \u201eNASH\u201c \/ \u0105\u017euolas \u201eMITU\u201c pilka \/ balta bald\u0173 tipas: stalas korpuso charakteristikos: 1S plotis: 45 cm auk\u0161tis: 50 cm gylis: 41 cm korpuso svoris: 15 kg surinkimas: reikalingas surinkimas kolekcijos stilius: modernus interjero tipas 1: jaunimo kambarys stal\u010di\u0173 skai\u010dius: 1 furnit\u016bra: rankena: MDF juostel\u0117 stal\u010diaus b\u0117gelis: rutulinis guolis b\u0117gelis p\u0117da \/ koja: b\u0117gelis su vinimis ap\u0161vietimas: n\u0117ra; i\u0161pildymas: korpusas: laminuota med\u017eio dro\u017eli\u0173 plok\u0161t\u0117: 16 mm; 25 mm korpuso kra\u0161to apdaila: A 0,45 mm korpuso spalva: \u0105\u017euolas \u201eNASH\u201c stalvir\u0161is: laminuota med\u017eio dro\u017eli\u0173 plok\u0161t\u0117; 25 mm stalvir\u0161io kra\u0161to apdaila: A 0,45 mm faneruot\u0173 stalvir\u0161io kra\u0161t\u0173 skai\u010dius: 4 stalvir\u0161io spalva: \u0105\u017euolas \u201eNASH\u201c galin\u0117 sienel\u0117: HDF plok\u0161t\u0117; 3 mm \/ 16 mm med\u017eio dro\u017eli\u0173 plok\u0161t\u0117; matoma galin\u0117s sienel\u0117s apdaila: laminatas; nematoma galin\u0117s sienel\u0117s apdaila: neapdorota; galin\u0117s sienel\u0117s tvirtinimas: \u201enuta\u201c; galin\u0117s sienel\u0117s spalva: balta \/ \u0105\u017euolo \u201enash\u201c lentyna: laminuota med\u017eio dro\u017eli\u0173 plok\u0161t\u0117; 16 mm; priekinio kra\u0161to apdaila: S 1,70 mm; priekin\u0117s sienel\u0117s spalva: balta \/ pilka stal\u010diaus vidin\u0117 apdaila: balta juostel\u0117; stal\u010diaus dugnas: HDF plok\u0161t\u0117; 3 mm. Svarbu: \u0161is stalas gaminamas pagal u\u017esakym\u0105. U\u017esakymo at\u0161aukti negalima pra\u0117jus 48 valandoms nuo u\u017esakymo pateikimo. Pra\u0161ome apsipirkti atid\u017eiai.<\/p>","protected":false},"excerpt":{"rendered":"<p>Model: PN-09 Color: nash oak\/mitu gray\/white Dimensions: Width: 45cm Height: 50cm Depth: 41cm Basic information: body name: PN-09 collection name: PLANO body index: PN9DBB colors: nash oak\/mitu gray\/white furniture type: table body characteristics: 1S width: 45 cm height: 50 cm depth: 41 cm body weight: 15 kg assembly: assembly required collection style: modern type of [&hellip;]<\/p>","protected":false},"featured_media":249976,"comment_status":"open","ping_status":"open","template":"","meta":[],"product_brand":[],"product_cat":[9259,1176,2454],"product_tag":[],"class_list":{"0":"post-249975","1":"product","2":"type-product","3":"status-publish","4":"has-post-thumbnail","6":"product_cat-furniture-system-plano-lenart","7":"product_cat-bedside-tables","8":"product_cat-lenart","10":"first","11":"instock","12":"purchasable","13":"product-type-simple"},"_links":{"self":[{"href":"https:\/\/baldumarket.lt\/lt\/wp-json\/wp\/v2\/product\/249975","targetHints":{"allow":["GET"]}}],"collection":[{"href":"https:\/\/baldumarket.lt\/lt\/wp-json\/wp\/v2\/product"}],"about":[{"href":"https:\/\/baldumarket.lt\/lt\/wp-json\/wp\/v2\/types\/product"}],"replies":[{"embeddable":true,"href":"https:\/\/baldumarket.lt\/lt\/wp-json\/wp\/v2\/comments?post=249975"}],"wp:featuredmedia":[{"embeddable":true,"href":"https:\/\/baldumarket.lt\/lt\/wp-json\/wp\/v2\/media\/249976"}],"wp:attachment":[{"href":"https:\/\/baldumarket.lt\/lt\/wp-json\/wp\/v2\/media?parent=249975"}],"wp:term":[{"taxonomy":"product_brand","embeddable":true,"href":"https:\/\/baldumarket.lt\/lt\/wp-json\/wp\/v2\/product_brand?post=249975"},{"taxonomy":"product_cat","embeddable":true,"href":"https:\/\/baldumarket.lt\/lt\/wp-json\/wp\/v2\/product_cat?post=249975"},{"taxonomy":"product_tag","embeddable":true,"href":"https:\/\/baldumarket.lt\/lt\/wp-json\/wp\/v2\/product_tag?post=249975"}],"curies":[{"name":"wp","href":"https:\/\/api.w.org\/{rel}","templated":true}]}}