{"id":249967,"date":"2026-01-10T18:04:07","date_gmt":"2026-01-10T15:04:07","guid":{"rendered":"https:\/\/baldumarket.lt\/product\/szafka-rtv-piemonte-03-jesion-portland-czarny\/"},"modified":"2026-02-11T18:32:08","modified_gmt":"2026-02-11T15:32:08","slug":"szafka-rtv-piemonte-03-jesion-portland-czarny","status":"publish","type":"product","link":"https:\/\/baldumarket.lt\/lt\/product\/szafka-rtv-piemonte-03-jesion-portland-czarny\/","title":{"rendered":"TV spintel\u0117 PIEMONTE 03 Portland Ash\/Black"},"content":{"rendered":"<p>Kolekcija: PIEMONTE<br \/>\nModelis: PE-03<br \/>\nSpalva: Portlando pelen\u0173 \/ juoda<br \/>\nMatmenys: Plotis: 165 cm<br \/>\nAuk\u0161tis: 55 cm<br \/>\nGylis: 44 cm<br \/>\nPagrindin\u0117 informacija: K\u0117bulo indeksas: PE3JCZ<br \/>\nK\u0117bulo charakteristikos: 2D1S<br \/>\nK\u016bno svoris: 41 kg<br \/>\nSurinkimas: Reikalingas surinkimas<br \/>\n\u012eranga: 1 lentyna<br \/>\nStal\u010di\u0173 skai\u010dius: 1<br \/>\nDur\u0173 skai\u010dius: 2<br \/>\nJungtys: Vyris: Standartinis pasl\u0117ptas vyris<br \/>\nRankena: MDF juostel\u0117<br \/>\nStal\u010diaus b\u0117gelis: Rutulinis guolis<br \/>\nP\u0117da\/koja: metalin\u0117 koja<br \/>\nMed\u017eiaga: Korpusas: Laminuota med\u017eio dro\u017eli\u0173 plok\u0161t\u0117; 16 mm; 22 mm<br \/>\nKorpuso kra\u0161to apdaila: 0,45 mm; 1,00 mm<br \/>\nKorpuso spalva: Portland Ash \/ Blacksmith<br \/>\nStalvir\u0161is: laminuota med\u017eio dro\u017eli\u0173 plok\u0161t\u0117; 22 mm<br \/>\nVir\u0161utin\u0117s plok\u0161t\u0117s kra\u0161to apdaila: 0,45 mm; 1,00 mm<br \/>\nFaneruot\u0173 vir\u0161utini\u0173 briaun\u0173 skai\u010dius: 4<br \/>\nVir\u0161utin\u0117s lentos spalva: Portland Ash<br \/>\nGalin\u0117 sienel\u0117: HDF plok\u0161t\u0117; 3 mm<br \/>\nMatomos galin\u0117s plok\u0161t\u0117s apdaila: laminatas<br \/>\nNematoma galin\u0117s panel\u0117s apdaila: neapdorota<br \/>\nGalinio skydelio tvirtinimas: Nuta<br \/>\nGalin\u0117s panel\u0117s spalva: juoda<br \/>\nPriekin\u0117 dalis: laminuota med\u017eio dro\u017eli\u0173 plok\u0161t\u0117; 16 mm<br \/>\nPriekinio skydelio kra\u0161to apdaila: 1,00 mm<br \/>\nPriekinio skydelio spalva: Portland Ash<br \/>\nStal\u010diaus vidin\u0117 apdaila: juoda juostel\u0117<br \/>\nStal\u010diaus dugnas: HDF plok\u0161t\u0117; 3 mm<\/p>","protected":false},"excerpt":{"rendered":"<p>Collection: PIEMONTE Model: PE-03 Color: Portland Ash \/ Black Dimensions: Width: 165 cm Height: 55 cm Depth: 44 cm Basic information: Body index: PE3JCZ Body characteristics: 2D1S Body weight: 41 kg Assembly: Assembly required Equipment: 1x shelf Number of drawers: 1 Number of doors: 2 Fittings: Hinge: Standard concealed hinge Handle: MDF strip Drawer runner: [&hellip;]<\/p>","protected":false},"featured_media":249968,"comment_status":"open","ping_status":"open","template":"","meta":[],"product_brand":[],"product_cat":[9274,2454,1175],"product_tag":[],"class_list":{"0":"post-249967","1":"product","2":"type-product","3":"status-publish","4":"has-post-thumbnail","6":"product_cat-furniture-system-piemonte-lenart","7":"product_cat-lenart","8":"product_cat-tv-stands","10":"first","11":"instock","12":"purchasable","13":"product-type-simple"},"_links":{"self":[{"href":"https:\/\/baldumarket.lt\/lt\/wp-json\/wp\/v2\/product\/249967","targetHints":{"allow":["GET"]}}],"collection":[{"href":"https:\/\/baldumarket.lt\/lt\/wp-json\/wp\/v2\/product"}],"about":[{"href":"https:\/\/baldumarket.lt\/lt\/wp-json\/wp\/v2\/types\/product"}],"replies":[{"embeddable":true,"href":"https:\/\/baldumarket.lt\/lt\/wp-json\/wp\/v2\/comments?post=249967"}],"wp:featuredmedia":[{"embeddable":true,"href":"https:\/\/baldumarket.lt\/lt\/wp-json\/wp\/v2\/media\/249968"}],"wp:attachment":[{"href":"https:\/\/baldumarket.lt\/lt\/wp-json\/wp\/v2\/media?parent=249967"}],"wp:term":[{"taxonomy":"product_brand","embeddable":true,"href":"https:\/\/baldumarket.lt\/lt\/wp-json\/wp\/v2\/product_brand?post=249967"},{"taxonomy":"product_cat","embeddable":true,"href":"https:\/\/baldumarket.lt\/lt\/wp-json\/wp\/v2\/product_cat?post=249967"},{"taxonomy":"product_tag","embeddable":true,"href":"https:\/\/baldumarket.lt\/lt\/wp-json\/wp\/v2\/product_tag?post=249967"}],"curies":[{"name":"wp","href":"https:\/\/api.w.org\/{rel}","templated":true}]}}