{"id":249959,"date":"2026-01-10T18:04:03","date_gmt":"2026-01-10T15:04:03","guid":{"rendered":"https:\/\/baldumarket.lt\/product\/komoda-easy-ea-01-z-oswietlaniem-dab-scandi-bialy-polysk\/"},"modified":"2026-02-11T18:32:08","modified_gmt":"2026-02-11T15:32:08","slug":"komoda-easy-ea-01-z-oswietlaniem-dab-scandi-bialy-polysk","status":"publish","type":"product","link":"https:\/\/baldumarket.lt\/lt\/product\/komoda-easy-ea-01-z-oswietlaniem-dab-scandi-bialy-polysk\/","title":{"rendered":"EASY EA-01 komoda su ap\u0161vietimu, skandinavi\u0161ko \u0105\u017euolo spalva \/ blizgi balta spalva"},"content":{"rendered":"<p>Modelis: EA-01<br \/>\nSpalva: Skandinavi\u0161ko \u0105\u017euolo \/ blizgios baltos spalvos<br \/>\nMatmenys: Plotis: 156 cm<br \/>\nAuk\u0161tis: 95 cm<br \/>\nGylis: 40 cm<br \/>\nPagrindin\u0117 informacija: \u012fstaigos pavadinimas; EA-01<br \/>\nKolekcijos pavadinimas; LENGVA<br \/>\nSpalva: Skandinavi\u0161ko \u0105\u017euolo \/ blizgios baltos spalvos<br \/>\nBaldo tipas: Komoda<br \/>\nK\u0117bulo ypatyb\u0117s: 5D<br \/>\nKolekcijos stilius: Modernus<br \/>\nInterjero tipas: Svetain\u0117<br \/>\n\u012eranga: 9 x lentynos, 1 x ap\u0161vietimas<br \/>\nDur\u0173 skai\u010dius: 5<br \/>\nJungtys: pasl\u0117pti vyriai; \u0161velnus u\u017edarymas<br \/>\nSlystanti p\u0117da\/koja<br \/>\nAp\u0161vietimas \u012ftrauktas: Taip<br \/>\nAp\u0161vietimo tipas: LED<br \/>\nEnergijos klas\u0117: A++<br \/>\nMed\u017eiaga: laminuotos med\u017eio dro\u017eli\u0173 plok\u0161t\u0117s korpusas; 16 mm, 32 mm<br \/>\nKorpuso spalva: Skandinavi\u0161ko \u0105\u017euolo \/ blizgios baltos spalvos<br \/>\nStalvir\u0161is: blizgi MDF 16 mm<br \/>\nStalvir\u0161io kra\u0161to apdaila; PVC folija<br \/>\nKlijuot\u0173 stalvir\u0161io kra\u0161t\u0173 skai\u010dius: 4<br \/>\nStalvir\u0161io spalva: blizgi balta<br \/>\nGalin\u0117 sienel\u0117: HDF plok\u0161t\u0117; 3 mm<br \/>\nMatomos galin\u0117s plok\u0161t\u0117s apdaila: laminatas<br \/>\nNematoma galin\u0117s panel\u0117s apdaila: neapdorota<br \/>\nGalinio skydelio tvirtinimas: muzikin\u0117 nata<br \/>\nGalin\u0117s panel\u0117s spalva: juoda<br \/>\nLentyna: laminuota med\u017eio dro\u017eli\u0173 plok\u0161t\u0117; 16 mm<br \/>\nLentynos kra\u0161to apdaila: ABS; 0,45 mm<br \/>\nKlijuot\u0173 lentyn\u0173 kra\u0161t\u0173 skai\u010dius: 1<br \/>\nLeistina lentyn\u0173 apkrova: 5 kg<br \/>\nLentynos spalva: skandinavi\u0161kas \u0105\u017euolas<br \/>\nLentyn\u0173 skai\u010dius: 6<br \/>\nPriekin\u0117 dalis: laminuota med\u017eio dro\u017eli\u0173 plok\u0161t\u0117; 16 mm<br \/>\nPriekinio kra\u0161to apdaila: ABS; 1,70 mm<br \/>\nPriekin\u0117s dalies spalva: skandinavi\u0161kas \u0105\u017euolas<br \/>\nSvarbu<br \/>\n\u0160i spintel\u0117 gaminama pagal individual\u0173 kliento u\u017esakym\u0105. U\u017esakymo at\u0161aukti negalima pra\u0117jus 48 valandoms nuo jo pateikimo. Pra\u0161ome apsipirkti atsargiai.<\/p>","protected":false},"excerpt":{"rendered":"<p>Model: EA-01 Color: Scandi Oak\/White Gloss Dimensions: Width: 156cm Height: 95cm Depth: 40cm Basic information: body name; EA-01 Collection name; EASY Color: Scandi Oak\/White Gloss Furniture type: Chest of drawers Body features: 5D Collection style: Modern Interior type: Living room Fittings: 9 x shelves, 1 x lighting Number of doors: 5 Fittings: Concealed hinge; Soft [&hellip;]<\/p>","protected":false},"featured_media":249960,"comment_status":"open","ping_status":"open","template":"","meta":[],"product_brand":[],"product_cat":[9269,1173,2454],"product_tag":[],"class_list":{"0":"post-249959","1":"product","2":"type-product","3":"status-publish","4":"has-post-thumbnail","6":"product_cat-furniture-system-easy-lenart","7":"product_cat-chests-of-drawers","8":"product_cat-lenart","10":"first","11":"instock","12":"purchasable","13":"product-type-simple"},"_links":{"self":[{"href":"https:\/\/baldumarket.lt\/lt\/wp-json\/wp\/v2\/product\/249959","targetHints":{"allow":["GET"]}}],"collection":[{"href":"https:\/\/baldumarket.lt\/lt\/wp-json\/wp\/v2\/product"}],"about":[{"href":"https:\/\/baldumarket.lt\/lt\/wp-json\/wp\/v2\/types\/product"}],"replies":[{"embeddable":true,"href":"https:\/\/baldumarket.lt\/lt\/wp-json\/wp\/v2\/comments?post=249959"}],"wp:featuredmedia":[{"embeddable":true,"href":"https:\/\/baldumarket.lt\/lt\/wp-json\/wp\/v2\/media\/249960"}],"wp:attachment":[{"href":"https:\/\/baldumarket.lt\/lt\/wp-json\/wp\/v2\/media?parent=249959"}],"wp:term":[{"taxonomy":"product_brand","embeddable":true,"href":"https:\/\/baldumarket.lt\/lt\/wp-json\/wp\/v2\/product_brand?post=249959"},{"taxonomy":"product_cat","embeddable":true,"href":"https:\/\/baldumarket.lt\/lt\/wp-json\/wp\/v2\/product_cat?post=249959"},{"taxonomy":"product_tag","embeddable":true,"href":"https:\/\/baldumarket.lt\/lt\/wp-json\/wp\/v2\/product_tag?post=249959"}],"curies":[{"name":"wp","href":"https:\/\/api.w.org\/{rel}","templated":true}]}}