{"id":249951,"date":"2026-01-10T18:04:00","date_gmt":"2026-01-10T15:04:00","guid":{"rendered":"https:\/\/baldumarket.lt\/product\/komoda-easy-ea-01-z-oswietlaniem-bialy-polysk-dab-scandi\/"},"modified":"2026-02-11T18:32:08","modified_gmt":"2026-02-11T15:32:08","slug":"komoda-easy-ea-01-z-oswietlaniem-bialy-polysk-dab-scandi","status":"publish","type":"product","link":"https:\/\/baldumarket.lt\/lt\/product\/komoda-easy-ea-01-z-oswietlaniem-bialy-polysk-dab-scandi\/","title":{"rendered":"EASY EA-01 komoda su ap\u0161vietimu, blizgi balta\/skandinavi\u0161ko \u0105\u017euolo spalvos"},"content":{"rendered":"<p>Modelis: EA-01<br \/>\nSpalva: Blizgi balta \/ Skandinavi\u0161ko \u0105\u017euolo<br \/>\nMatmenys: Plotis: 156 cm<br \/>\nAuk\u0161tis: 95 cm<br \/>\nGylis: 40 cm<br \/>\nPagrindin\u0117 informacija: \u012fstaigos pavadinimas; EA-01<br \/>\nKolekcijos pavadinimas; LENGVA<br \/>\nSpalva: Blizgi balta \/ Skandinavi\u0161ko \u0105\u017euolo<br \/>\nBaldo tipas: Komoda<br \/>\nK\u0117bulo ypatyb\u0117s: 5D<br \/>\nKolekcijos stilius: Modernus<br \/>\nInterjero tipas: Svetain\u0117<br \/>\n\u012eranga: 9 x lentynos, 1 x ap\u0161vietimas<br \/>\nDur\u0173 skai\u010dius: 5<br \/>\nJungtys: pasl\u0117pti vyriai; \u0161velnus u\u017edarymas<br \/>\nSlystanti p\u0117da\/koja<br \/>\nAp\u0161vietimas \u012ftrauktas: Taip<br \/>\nAp\u0161vietimo tipas: LED<br \/>\nEnergijos klas\u0117: A++<br \/>\nMed\u017eiaga: laminuotos med\u017eio dro\u017eli\u0173 plok\u0161t\u0117s korpusas; 16 mm, 32 mm<br \/>\nKorpuso spalva: Blizgi balta \/ Skandinavi\u0161ko \u0105\u017euolo<br \/>\nStalvir\u0161is: laminuota med\u017eio dro\u017eli\u0173 plok\u0161t\u0117 16 mm<br \/>\nVir\u0161utin\u0117s plok\u0161t\u0117s kra\u0161to apdaila: ABS; 0,45 mm<br \/>\nKra\u0161t\u0173 juost\u0173 skai\u010dius: 4<br \/>\nVir\u0161utin\u0117s lentos spalva: skandinavi\u0161kas \u0105\u017euolas<br \/>\nGalin\u0117 siena: HDF plok\u0161t\u0117; 3 mm<br \/>\nMatomos galin\u0117s sienos apdaila: laminatas<br \/>\nNematoma galin\u0117s sienel\u0117s apdaila: neapdorota<br \/>\nTvirtinimas prie galin\u0117s sienos: muzikin\u0117 nata<br \/>\nGalin\u0117s sienos spalva: juoda<br \/>\nLentyna: laminuota med\u017eio dro\u017eli\u0173 plok\u0161t\u0117; 16 mm<br \/>\nLentynos kra\u0161to apdaila: ABS; 0,45 mm<br \/>\nKra\u0161t\u0173 juost\u0173 skai\u010dius: 1<br \/>\nLeistina lentyn\u0173 apkrova: 5 kg<br \/>\nLentynos spalva: skandinavi\u0161kas \u0105\u017euolas<br \/>\nLentyn\u0173 skai\u010dius: 6<br \/>\nPriekin\u0117 dalis: blizgi MDF plok\u0161t\u0117; 16 mm<br \/>\nPriekinio kra\u0161to apdaila: PVC folija<br \/>\nPriekin\u0117 spalva: blizgi balta<br \/>\nSvarbu<br \/>\n\u0160i spintel\u0117 gaminama pagal individual\u0173 kliento u\u017esakym\u0105. U\u017esakymo at\u0161aukti negalima pra\u0117jus 48 valandoms nuo jo pateikimo. Pra\u0161ome apsipirkti atsargiai.<\/p>","protected":false},"excerpt":{"rendered":"<p>Modelis: EA-01 Spalva: Blizgi balta \/ Skandi \u0105\u017euolas Matmenys: Plotis: 156 cm Auk\u0161tis: 95 cm Gylis: 40 cm Pagrindin\u0117 informacija: korpuso pavadinimas; EA-01 Kolekcijos pavadinimas; EASY Spalva: Blizgi balta \/ Skandi \u0105\u017euolas Bald\u0173 tipas: Komoda Korpuso ypatyb\u0117s: 5D Kolekcijos stilius: Modernus Interjero tipas: Svetain\u0117 \u012eranga: 9 x lentynos, 1 x \u0161viestuvas Dur\u0173 skai\u010dius: 5 \u012eranga: Pasl\u0117pti vyriai; Mink\u0161tos [\u2026]<\/p>","protected":false},"featured_media":249952,"comment_status":"open","ping_status":"open","template":"","meta":[],"product_brand":[],"product_cat":[9269,1173,2454],"product_tag":[],"class_list":{"0":"post-249951","1":"product","2":"type-product","3":"status-publish","4":"has-post-thumbnail","6":"product_cat-furniture-system-easy-lenart","7":"product_cat-chests-of-drawers","8":"product_cat-lenart","10":"first","11":"instock","12":"purchasable","13":"product-type-simple"},"_links":{"self":[{"href":"https:\/\/baldumarket.lt\/lt\/wp-json\/wp\/v2\/product\/249951","targetHints":{"allow":["GET"]}}],"collection":[{"href":"https:\/\/baldumarket.lt\/lt\/wp-json\/wp\/v2\/product"}],"about":[{"href":"https:\/\/baldumarket.lt\/lt\/wp-json\/wp\/v2\/types\/product"}],"replies":[{"embeddable":true,"href":"https:\/\/baldumarket.lt\/lt\/wp-json\/wp\/v2\/comments?post=249951"}],"wp:featuredmedia":[{"embeddable":true,"href":"https:\/\/baldumarket.lt\/lt\/wp-json\/wp\/v2\/media\/249952"}],"wp:attachment":[{"href":"https:\/\/baldumarket.lt\/lt\/wp-json\/wp\/v2\/media?parent=249951"}],"wp:term":[{"taxonomy":"product_brand","embeddable":true,"href":"https:\/\/baldumarket.lt\/lt\/wp-json\/wp\/v2\/product_brand?post=249951"},{"taxonomy":"product_cat","embeddable":true,"href":"https:\/\/baldumarket.lt\/lt\/wp-json\/wp\/v2\/product_cat?post=249951"},{"taxonomy":"product_tag","embeddable":true,"href":"https:\/\/baldumarket.lt\/lt\/wp-json\/wp\/v2\/product_tag?post=249951"}],"curies":[{"name":"wp","href":"https:\/\/api.w.org\/{rel}","templated":true}]}}