{"id":249935,"date":"2026-01-10T18:03:53","date_gmt":"2026-01-10T15:03:53","guid":{"rendered":"https:\/\/baldumarket.lt\/product\/szafa-dwudrzwiowa-teen-flex-tf-01\/"},"modified":"2026-02-11T18:32:08","modified_gmt":"2026-02-11T15:32:08","slug":"szafa-dwudrzwiowa-teen-flex-tf-01","status":"publish","type":"product","link":"https:\/\/baldumarket.lt\/lt\/product\/szafa-dwudrzwiowa-teen-flex-tf-01\/","title":{"rendered":"TEEN FLEX TF-01 dviej\u0173 dur\u0173 spinta"},"content":{"rendered":"<p>Modelis: TF-01<br \/>\nSpalva: \u0161ilko pluo\u0161tas \/ nat\u016brali hikorija \/ neapdorotas plienas<br \/>\nMatmenys: Plotis 101 cm<br \/>\n\u016agis 218 cm<br \/>\nGylis 55 cm<br \/>\nPagrindin\u0117 informacija: K\u0117bulo pavadinimas: TF-01<br \/>\nKolekcijos pavadinimas: TEEN FLEX<br \/>\nK\u0117bulo indeksas: TF1SF<br \/>\nSpalva: \u0161ilko spalvos<br \/>\nBald\u0173 tipas: spinta<br \/>\nK\u016bno charakteristikos: 2D<br \/>\nPlotis: 101 cm<br \/>\n\u016agis: 218 cm<br \/>\nGylis: 55 cm<br \/>\nK\u016bno svoris: 94 kg<br \/>\nSurinkimas: reikalingas surinkimas<br \/>\nKolekcijos stilius: modernus<br \/>\n1 interjero tipas: jaunimo kambarys<br \/>\n\u012eranga: 1x b\u0117gelis, 3x lentynos<br \/>\nDur\u0173 skai\u010dius: 3<br \/>\nJungtys: Vyris: standartinis pasl\u0117ptas<br \/>\nRankena: n\u0117ra<br \/>\nP\u0117da\/koja: PVC p\u0117da<br \/>\nMed\u017eiaga: Korpusas: plok\u0161t\u0117 Laminuota med\u017eio dro\u017eli\u0173 plok\u0161t\u0117: 16 mm; 22 mm<br \/>\nKarkaso kra\u0161to apdaila: A 0,45 mm; 1,7 mm<br \/>\nKorpuso spalva: \u0161ilko pluo\u0161tas<br \/>\nVir\u0161us: laminuota med\u017eio dro\u017eli\u0173 plok\u0161t\u0117; 22 mm<br \/>\nVir\u0161utin\u0117s plok\u0161t\u0117s kra\u0161to apdaila: S 1,7 mm<br \/>\nKlijuot\u0173 kra\u0161t\u0173 juost\u0173 skai\u010dius: 4<br \/>\nVir\u0161utin\u0117s lentos spalva: \u0161ilko pluo\u0161tas<br \/>\nGalin\u0117 siena: HDF plok\u0161t\u0117; 3 mm<br \/>\nMatomos galin\u0117s sienos apdaila: laminatas<br \/>\nNematoma galin\u0117s sienel\u0117s apdaila: neapdorota<br \/>\nTvirtinimas prie galin\u0117s sienos: Nuta<br \/>\nGalin\u0117s sienos spalva: balta<br \/>\nLentyna: laminuota med\u017eio dro\u017eli\u0173 plok\u0161t\u0117; 16 mm<br \/>\nLentynos kra\u0161to apdaila: A 0,45 mm<br \/>\nKlijuot\u0173 kra\u0161t\u0173 juost\u0173 skai\u010dius: 1<br \/>\nLeistina lentyn\u0173 apkrova: 5 kg<br \/>\nLentynos spalva: \u0161ilko pluo\u0161tas<br \/>\nLentyn\u0173 skai\u010dius: 1<br \/>\nPriekin\u0117 dalis: laminuota med\u017eio dro\u017eli\u0173 plok\u0161t\u0117; 16 mm<br \/>\nPriekinio kra\u0161to apdaila: S 1,7 mm<br \/>\nPriekin\u0117s dalies spalva: \u0161ilkinis floksas<\/p>","protected":false},"excerpt":{"rendered":"<p>Modelis: TF-01 Spalva: \u0161ilko danga \/ nat\u016brali hikorija \/ neapdorotas plienas Matmenys: Plotis 101 cm Auk\u0161tis 218 cm Gylis 55 cm Pagrindin\u0117 informacija: Korpuso pavadinimas: TF-01 Kolekcijos pavadinimas: TEEN FLEX Korpuso indeksas: TF1SF Spalva: \u0161ilko danga Baldo tipas: spinta Korpuso charakteristikos: 2D Plotis: 101 cm Auk\u0161tis: 218 cm Gylis: 55 cm Svoris: 94 kg [\u2026]<\/p>","protected":false},"featured_media":249936,"comment_status":"open","ping_status":"open","template":"","meta":[],"product_brand":[],"product_cat":[9253,2454,1177],"product_tag":[],"class_list":{"0":"post-249935","1":"product","2":"type-product","3":"status-publish","4":"has-post-thumbnail","6":"product_cat-furniture-system-teen-flex-lenart","7":"product_cat-lenart","8":"product_cat-wardrobes","10":"first","11":"instock","12":"purchasable","13":"product-type-simple"},"_links":{"self":[{"href":"https:\/\/baldumarket.lt\/lt\/wp-json\/wp\/v2\/product\/249935","targetHints":{"allow":["GET"]}}],"collection":[{"href":"https:\/\/baldumarket.lt\/lt\/wp-json\/wp\/v2\/product"}],"about":[{"href":"https:\/\/baldumarket.lt\/lt\/wp-json\/wp\/v2\/types\/product"}],"replies":[{"embeddable":true,"href":"https:\/\/baldumarket.lt\/lt\/wp-json\/wp\/v2\/comments?post=249935"}],"wp:featuredmedia":[{"embeddable":true,"href":"https:\/\/baldumarket.lt\/lt\/wp-json\/wp\/v2\/media\/249936"}],"wp:attachment":[{"href":"https:\/\/baldumarket.lt\/lt\/wp-json\/wp\/v2\/media?parent=249935"}],"wp:term":[{"taxonomy":"product_brand","embeddable":true,"href":"https:\/\/baldumarket.lt\/lt\/wp-json\/wp\/v2\/product_brand?post=249935"},{"taxonomy":"product_cat","embeddable":true,"href":"https:\/\/baldumarket.lt\/lt\/wp-json\/wp\/v2\/product_cat?post=249935"},{"taxonomy":"product_tag","embeddable":true,"href":"https:\/\/baldumarket.lt\/lt\/wp-json\/wp\/v2\/product_tag?post=249935"}],"curies":[{"name":"wp","href":"https:\/\/api.w.org\/{rel}","templated":true}]}}