{"id":249919,"date":"2026-01-10T18:03:47","date_gmt":"2026-01-10T15:03:47","guid":{"rendered":"https:\/\/baldumarket.lt\/product\/komoda-z-szufladami-piemonte-07-jesion-portland-czarny\/"},"modified":"2026-02-11T18:32:08","modified_gmt":"2026-02-11T15:32:08","slug":"komoda-z-szufladami-piemonte-07-jesion-portland-czarny","status":"publish","type":"product","link":"https:\/\/baldumarket.lt\/lt\/product\/komoda-z-szufladami-piemonte-07-jesion-portland-czarny\/","title":{"rendered":"Komoda PIEMONTE 07 Portland Ash\/Black"},"content":{"rendered":"<p>Kolekcija: PIEMONTE<br \/>\nModelis: PE-07<br \/>\nSpalva: Portlando pelen\u0173 \/ juoda<br \/>\nMatmenys: Plotis: 165 cm<br \/>\nAuk\u0161tis: 87 cm<br \/>\nGylis: 44 cm<br \/>\nPagrindin\u0117 informacija: K\u0117bulo indeksas: PE7JCZ<br \/>\nK\u0117bulo charakteristikos: 2D4S<br \/>\nK\u016bno svoris: 62 kg<br \/>\nSurinkimas: Reikalingas surinkimas<br \/>\n\u012eranga: 4 lentynos<br \/>\nStal\u010di\u0173 skai\u010dius: 4<br \/>\nDur\u0173 skai\u010dius: 2<br \/>\nJungtys: Vyris: Standartinis pasl\u0117ptas vyris<br \/>\nRankena: MDF juostel\u0117<br \/>\nStal\u010diaus b\u0117gelis: \u0161velnaus u\u017edarymo b\u0117gelis<br \/>\nP\u0117da\/koja: metalin\u0117 koja<br \/>\nMed\u017eiaga: Korpusas: Laminuota med\u017eio dro\u017eli\u0173 plok\u0161t\u0117; 16 mm; 22 mm<br \/>\nKorpuso kra\u0161to apdaila: 0,45 mm; 1,00 mm<br \/>\nKorpuso spalva: Portlando pelen\u0173 \/ juoda<br \/>\nVir\u0161us: laminuota med\u017eio dro\u017eli\u0173 plok\u0161t\u0117; 22 mm<br \/>\nVir\u0161utin\u0117s plok\u0161t\u0117s kra\u0161to apdaila: 0,45 mm, 1,00 mm<br \/>\nFaneruot\u0173 vir\u0161utini\u0173 briaun\u0173 skai\u010dius: 4<br \/>\nVir\u0161utin\u0117s lentos spalva: Portland Ash<br \/>\nGalin\u0117 sienel\u0117: HDF plok\u0161t\u0117; 3 mm<br \/>\nMatomos galin\u0117s plok\u0161t\u0117s apdaila: laminatas<br \/>\nNematoma galin\u0117s panel\u0117s apdaila: neapdorota<br \/>\nGalinio skydelio tvirtinimas: Nuta<br \/>\nGalin\u0117s panel\u0117s spalva: juoda<br \/>\nLentyna: laminuota med\u017eio dro\u017eli\u0173 plok\u0161t\u0117; 16 mm<br \/>\nLentynos kra\u0161to apdaila: 0,45 mm<br \/>\nFaneruot\u0173 lentyn\u0173 kra\u0161t\u0173 skai\u010dius: 1<br \/>\nLeistina lentyn\u0173 apkrova: 5 kg<br \/>\nLentynos spalva: Portlando uosis<br \/>\nLentyn\u0173 skai\u010dius: 4<br \/>\nPriekin\u0117 dalis: laminuota med\u017eio dro\u017eli\u0173 plok\u0161t\u0117; 16 mm<br \/>\nPriekinio kra\u0161to apdaila: 1,00 mm<br \/>\nPriekin\u0117s dalies spalva: Portlando uosis<br \/>\nStal\u010diaus vidin\u0117 apdaila: juoda juostel\u0117<br \/>\nStal\u010diaus dugnas: HDF plok\u0161t\u0117; 3 mm<\/p>","protected":false},"excerpt":{"rendered":"<p>Kolekcija: PIEMONTE Modelis: PE-07 Spalva: Portlando uosio \/ juoda Matmenys: Plotis: 165 cm Auk\u0161tis: 87 cm Gylis: 44 cm Pagrindin\u0117 informacija: Korpuso indeksas: PE7JCZ Korpuso charakteristikos: 2D4S Korpuso svoris: 62 kg Surinkimas: Reikalingas surinkimas \u012eranga: 4 x lentynos Stal\u010di\u0173 skai\u010dius: 4 Dur\u0173 skai\u010dius: 2 Furnit\u016bra: Vyris: Standartinis pasl\u0117ptas vyris Rankena: MDF juostel\u0117 Stal\u010dius [\u2026]<\/p>","protected":false},"featured_media":249920,"comment_status":"open","ping_status":"open","template":"","meta":[],"product_brand":[],"product_cat":[9274,1173,2454],"product_tag":[],"class_list":{"0":"post-249919","1":"product","2":"type-product","3":"status-publish","4":"has-post-thumbnail","6":"product_cat-furniture-system-piemonte-lenart","7":"product_cat-chests-of-drawers","8":"product_cat-lenart","10":"first","11":"instock","12":"purchasable","13":"product-type-simple"},"_links":{"self":[{"href":"https:\/\/baldumarket.lt\/lt\/wp-json\/wp\/v2\/product\/249919","targetHints":{"allow":["GET"]}}],"collection":[{"href":"https:\/\/baldumarket.lt\/lt\/wp-json\/wp\/v2\/product"}],"about":[{"href":"https:\/\/baldumarket.lt\/lt\/wp-json\/wp\/v2\/types\/product"}],"replies":[{"embeddable":true,"href":"https:\/\/baldumarket.lt\/lt\/wp-json\/wp\/v2\/comments?post=249919"}],"wp:featuredmedia":[{"embeddable":true,"href":"https:\/\/baldumarket.lt\/lt\/wp-json\/wp\/v2\/media\/249920"}],"wp:attachment":[{"href":"https:\/\/baldumarket.lt\/lt\/wp-json\/wp\/v2\/media?parent=249919"}],"wp:term":[{"taxonomy":"product_brand","embeddable":true,"href":"https:\/\/baldumarket.lt\/lt\/wp-json\/wp\/v2\/product_brand?post=249919"},{"taxonomy":"product_cat","embeddable":true,"href":"https:\/\/baldumarket.lt\/lt\/wp-json\/wp\/v2\/product_cat?post=249919"},{"taxonomy":"product_tag","embeddable":true,"href":"https:\/\/baldumarket.lt\/lt\/wp-json\/wp\/v2\/product_tag?post=249919"}],"curies":[{"name":"wp","href":"https:\/\/api.w.org\/{rel}","templated":true}]}}