{"id":249911,"date":"2026-01-10T18:03:43","date_gmt":"2026-01-10T15:03:43","guid":{"rendered":"https:\/\/baldumarket.lt\/product\/komoda-easy-ea-03-z-oswietlaniem-bialy-polysk-dab-scandi\/"},"modified":"2026-02-11T18:32:08","modified_gmt":"2026-02-11T15:32:08","slug":"komoda-easy-ea-03-z-oswietlaniem-bialy-polysk-dab-scandi","status":"publish","type":"product","link":"https:\/\/baldumarket.lt\/lt\/product\/komoda-easy-ea-03-z-oswietlaniem-bialy-polysk-dab-scandi\/","title":{"rendered":"EASY EA-03 komoda su ap\u0161vietimu, blizgi balta\/skandinavi\u0161ko \u0105\u017euolo spalvos"},"content":{"rendered":"<p>Modelis: EA-03<br \/>\nSpalva: Blizgi balta \/ Skandinavi\u0161ko \u0105\u017euolo<br \/>\nMatmenys: Plotis: 95 cm<br \/>\nAuk\u0161tis: 95 cm<br \/>\nGylis: 40 cm<br \/>\nPagrindin\u0117 informacija: K\u0117bulo pavadinimas: EA-03<br \/>\nKolekcijos pavadinimas: LENGVA<br \/>\nSpalva: Blizgi balta \/ Skandinavi\u0161ko \u0105\u017euolo<br \/>\nBald\u0173 tipas: Komoda<br \/>\nK\u016bno ypatyb\u0117s: 3D<br \/>\nKolekcijos stilius: Modernus<br \/>\nInterjero tipas: Svetain\u0117<br \/>\n\u012eranga: 6 x lentynos, 1 x ap\u0161vietimas<br \/>\nDur\u0173 skai\u010dius: 3<br \/>\nJungtys: Pasl\u0117pti vyriai: \u0161velnus u\u017edarymas<br \/>\nP\u0117da: slystanti koja<br \/>\nAp\u0161vietimas \u012ftrauktas: Taip<br \/>\nAp\u0161vietimo tipas: LED<br \/>\nEnergijos klas\u0117: A++<br \/>\nMed\u017eiaga: Korpusas: 16 mm, 32 mm laminuota med\u017eio dro\u017eli\u0173 plok\u0161t\u0117<br \/>\nKorpuso spalva: blizgi balta \/ skandinavi\u0161ko \u0105\u017euolo<br \/>\nStalvir\u0161is: laminuota med\u017eio dro\u017eli\u0173 plok\u0161t\u0117 16 mm<br \/>\nVir\u0161utin\u0117s plok\u0161t\u0117s kra\u0161to apdaila: ABS 0,45 mm<br \/>\nKlijuot\u0173 lentyn\u0173 kra\u0161t\u0173 skai\u010dius: 4<br \/>\nVir\u0161utin\u0117s lentos spalva: skandinavi\u0161kas \u0105\u017euolas<br \/>\nGalin\u0117 siena: 3 mm HDF plok\u0161t\u0117<br \/>\nMatomos galin\u0117s sienos apdaila: laminatas<br \/>\nNematoma galin\u0117s sienel\u0117s apdaila: neapdorota<br \/>\nTvirtinimas prie galin\u0117s sienos: nuta<br \/>\nGalin\u0117s sienos spalva: juoda<br \/>\nLentyna: laminuota med\u017eio dro\u017eli\u0173 plok\u0161t\u0117; 16 mm<br \/>\nLentynos kra\u0161to apdaila: ABS; 0,45 mm<br \/>\nKlijuot\u0173 lentyn\u0173 kra\u0161t\u0173 skai\u010dius: 1<br \/>\nLeistina lentyn\u0173 apkrova: 5 kg<br \/>\nLentynos spalva: skandinavi\u0161kas \u0105\u017euolas<br \/>\nLentyn\u0173 skai\u010dius: 4<br \/>\nPriekin\u0117 dalis: blizgi MDF plok\u0161t\u0117; 16 mm<br \/>\nPriekinio kra\u0161to apdaila: PVC folija<br \/>\nPriekin\u0117 spalva: blizgi balta<br \/>\nSvarbu<br \/>\n\u0160i spintel\u0117 gaminama pagal individual\u0173 kliento u\u017esakym\u0105. U\u017esakymo at\u0161aukti negalima pra\u0117jus 48 valandoms nuo jo pateikimo. Pra\u0161ome apsipirkti atsargiai.<\/p>","protected":false},"excerpt":{"rendered":"<p>Modelis: EA-03 Spalva: Blizgi balta \/ Skandinavi\u0161ko \u0105\u017euolo Matmenys: Plotis: 95 cm Auk\u0161tis: 95 cm Gylis: 40 cm Pagrindin\u0117 informacija: Korpuso pavadinimas: EA-03 Kolekcijos pavadinimas: EASY Spalva: Blizgi balta \/ Skandinavi\u0161ko \u0105\u017euolo Baldo tipas: Komoda Korpuso savyb\u0117s: 3D kolekcija Stilius: Modernus Interjero tipas: Svetain\u0117 \u012eranga: 6 x lentynos, 1 x \u0161viestuvas Dur\u0173 skai\u010dius: 3 \u012eranga: [\u2026]<\/p>","protected":false},"featured_media":249912,"comment_status":"open","ping_status":"open","template":"","meta":[],"product_brand":[],"product_cat":[9269,1173,2454],"product_tag":[],"class_list":{"0":"post-249911","1":"product","2":"type-product","3":"status-publish","4":"has-post-thumbnail","6":"product_cat-furniture-system-easy-lenart","7":"product_cat-chests-of-drawers","8":"product_cat-lenart","10":"first","11":"instock","12":"purchasable","13":"product-type-simple"},"_links":{"self":[{"href":"https:\/\/baldumarket.lt\/lt\/wp-json\/wp\/v2\/product\/249911","targetHints":{"allow":["GET"]}}],"collection":[{"href":"https:\/\/baldumarket.lt\/lt\/wp-json\/wp\/v2\/product"}],"about":[{"href":"https:\/\/baldumarket.lt\/lt\/wp-json\/wp\/v2\/types\/product"}],"replies":[{"embeddable":true,"href":"https:\/\/baldumarket.lt\/lt\/wp-json\/wp\/v2\/comments?post=249911"}],"wp:featuredmedia":[{"embeddable":true,"href":"https:\/\/baldumarket.lt\/lt\/wp-json\/wp\/v2\/media\/249912"}],"wp:attachment":[{"href":"https:\/\/baldumarket.lt\/lt\/wp-json\/wp\/v2\/media?parent=249911"}],"wp:term":[{"taxonomy":"product_brand","embeddable":true,"href":"https:\/\/baldumarket.lt\/lt\/wp-json\/wp\/v2\/product_brand?post=249911"},{"taxonomy":"product_cat","embeddable":true,"href":"https:\/\/baldumarket.lt\/lt\/wp-json\/wp\/v2\/product_cat?post=249911"},{"taxonomy":"product_tag","embeddable":true,"href":"https:\/\/baldumarket.lt\/lt\/wp-json\/wp\/v2\/product_tag?post=249911"}],"curies":[{"name":"wp","href":"https:\/\/api.w.org\/{rel}","templated":true}]}}