{"id":249887,"date":"2026-01-10T18:03:32","date_gmt":"2026-01-10T15:03:32","guid":{"rendered":"https:\/\/baldumarket.lt\/product\/szafa-dwudrzwiowa-piemonte-01-jesion-portland-czarny\/"},"modified":"2026-02-11T18:32:08","modified_gmt":"2026-02-11T15:32:08","slug":"szafa-dwudrzwiowa-piemonte-01-jesion-portland-czarny","status":"publish","type":"product","link":"https:\/\/baldumarket.lt\/lt\/product\/szafa-dwudrzwiowa-piemonte-01-jesion-portland-czarny\/","title":{"rendered":"PIEMONTE 01 dviej\u0173 dur\u0173 spinta, Portland Ash\/Black"},"content":{"rendered":"<p>Kolekcija: PIEMONTE<br \/>\nModelis: PE-01<br \/>\nSpalva: Portlando pelen\u0173 \/ juoda<br \/>\nMatmenys: Plotis: 92 cm<br \/>\n\u016agis: 196 cm<br \/>\nGylis: 54 cm<br \/>\nPagrindin\u0117 informacija: K\u0117bulo indeksas: PE1JCZ<br \/>\nK\u016bno charakteristikos: 2D<br \/>\nK\u016bno svoris: 81,5 kg<br \/>\nSurinkimas: Reikalingas surinkimas<br \/>\n\u012eranga: 1x b\u0117gelis, 7x lentynos<br \/>\nDur\u0173 skai\u010dius: 2<br \/>\nJungtys: Vyris: standartinis pasl\u0117ptas<br \/>\nRankena: MDF juostel\u0117<br \/>\nP\u0117da\/koja: metalin\u0117 koja<br \/>\nMed\u017eiaga: Korpusas: Laminuota med\u017eio dro\u017eli\u0173 plok\u0161t\u0117; 16 mm; 22 mm<br \/>\nKorpuso kra\u0161to apdaila: 0,45 mm; 1,00 mm<br \/>\nKorpuso spalva: Portlando pelen\u0173 \/ juoda<br \/>\nStalvir\u0161is: laminuota med\u017eio dro\u017eli\u0173 plok\u0161t\u0117; 22 mm<br \/>\nVir\u0161utin\u0117s plok\u0161t\u0117s kra\u0161to apdaila: 0,45 mm, 1,00 mm<br \/>\nKlijuot\u0173 kra\u0161t\u0173 skai\u010dius: 4<br \/>\nVir\u0161utin\u0117s lentos spalva: Portland Ash<br \/>\nGalin\u0117 siena: HDF plok\u0161t\u0117; 3 mm<br \/>\nMatomos galin\u0117s sienos apdaila: laminatas<br \/>\nNematoma galin\u0117s sienel\u0117s apdaila: neapdorota<br \/>\nTvirtinimas prie galin\u0117s sienos: Nuta<br \/>\nGalin\u0117s sienos spalva: juoda<br \/>\nLentyna: laminuota med\u017eio dro\u017eli\u0173 plok\u0161t\u0117; 16 mm<br \/>\nLentynos kra\u0161to apdaila: 0,45 mm<br \/>\nKlijuot\u0173 kra\u0161t\u0173 skai\u010dius: 1<br \/>\nLeistina lentyn\u0173 apkrova: 5 kg<br \/>\nLentynos spalva: Portlando uosis<br \/>\nLentyn\u0173 skai\u010dius: 3<br \/>\nPriekin\u0117 dalis: laminuota med\u017eio dro\u017eli\u0173 plok\u0161t\u0117; 16 mm<br \/>\nPriekinio kra\u0161to apdaila: 1,00 mm<br \/>\nPriekin\u0117s dalies spalva: Portlando uosis<\/p>","protected":false},"excerpt":{"rendered":"<p>Kolekcija: PIEMONTE Modelis: PE-01 Spalva: Portlando uosio \/ juoda Matmenys: Plotis: 92 cm Auk\u0161tis: 196 cm Gylis: 54 cm Pagrindin\u0117 informacija: Korpuso indeksas: PE1JCZ Korpuso charakteristikos: 2D Korpuso svoris: 81,5 kg Surinkimas: Reikalingas surinkimas \u012eranga: 1x b\u0117gelis, 7x lentynos Dur\u0173 skai\u010dius: 2 Furnit\u016bra: Vyris: Standartinis pasl\u0117ptas Rankena: MDF juostel\u0117 Kojel\u0117\/koja: Metalin\u0117 koja Med\u017eiaga: Korpusas: [\u2026]<\/p>","protected":false},"featured_media":249888,"comment_status":"open","ping_status":"open","template":"","meta":[],"product_brand":[],"product_cat":[9274,2454,1177],"product_tag":[],"class_list":{"0":"post-249887","1":"product","2":"type-product","3":"status-publish","4":"has-post-thumbnail","6":"product_cat-furniture-system-piemonte-lenart","7":"product_cat-lenart","8":"product_cat-wardrobes","10":"first","11":"instock","12":"purchasable","13":"product-type-simple"},"_links":{"self":[{"href":"https:\/\/baldumarket.lt\/lt\/wp-json\/wp\/v2\/product\/249887","targetHints":{"allow":["GET"]}}],"collection":[{"href":"https:\/\/baldumarket.lt\/lt\/wp-json\/wp\/v2\/product"}],"about":[{"href":"https:\/\/baldumarket.lt\/lt\/wp-json\/wp\/v2\/types\/product"}],"replies":[{"embeddable":true,"href":"https:\/\/baldumarket.lt\/lt\/wp-json\/wp\/v2\/comments?post=249887"}],"wp:featuredmedia":[{"embeddable":true,"href":"https:\/\/baldumarket.lt\/lt\/wp-json\/wp\/v2\/media\/249888"}],"wp:attachment":[{"href":"https:\/\/baldumarket.lt\/lt\/wp-json\/wp\/v2\/media?parent=249887"}],"wp:term":[{"taxonomy":"product_brand","embeddable":true,"href":"https:\/\/baldumarket.lt\/lt\/wp-json\/wp\/v2\/product_brand?post=249887"},{"taxonomy":"product_cat","embeddable":true,"href":"https:\/\/baldumarket.lt\/lt\/wp-json\/wp\/v2\/product_cat?post=249887"},{"taxonomy":"product_tag","embeddable":true,"href":"https:\/\/baldumarket.lt\/lt\/wp-json\/wp\/v2\/product_tag?post=249887"}],"curies":[{"name":"wp","href":"https:\/\/api.w.org\/{rel}","templated":true}]}}