{"id":249879,"date":"2026-01-10T18:03:29","date_gmt":"2026-01-10T15:03:29","guid":{"rendered":"https:\/\/baldumarket.lt\/product\/szafka-rtv-pok-po-11-grafit-buk-szary-bialy-szybka-wysylka\/"},"modified":"2026-02-11T18:32:09","modified_gmt":"2026-02-11T15:32:09","slug":"szafka-rtv-pok-po-11-grafit-buk-szary-bialy-szybka-wysylka","status":"publish","type":"product","link":"https:\/\/baldumarket.lt\/lt\/product\/szafka-rtv-pok-po-11-grafit-buk-szary-bialy-szybka-wysylka\/","title":{"rendered":"TV spintel\u0117 POK PO-11 grafito\/buko\/pilkos\/baltos spalvos | GREITAS PRISTATYMAS"},"content":{"rendered":"<p>Modelis: PO-11<br \/>\nSpalva: Grafito \/ Ibseno buko \/ \u0160viesiai pilka \/ Balta<br \/>\nMatmenys: Plotis: 100 cm<br \/>\nAuk\u0161tis: 41 cm<br \/>\nGylis: 50 cm<br \/>\nInformacija: Formos pavadinimas: PO-11<br \/>\nKolekcijos pavadinimas: POK<br \/>\nAtvejo indeksas: PO11GBS<br \/>\nSpalva: Grafito \/ Ibseno buko \/ \u0160viesiai pilka \/ Balta<br \/>\nBald\u0173 tipas: TV spintel\u0117<br \/>\nAtvejo apra\u0161ymas: 1D1S<br \/>\nPlotis: 100 cm<br \/>\nAuk\u0161tis: 41 cm<br \/>\nGylis: 50 cm<br \/>\nD\u0117klo svoris: 31 kg<br \/>\nSurinkimas: Reikalingas surinkimas<br \/>\nKolekcijos stilius: Modernus<br \/>\n1 interjero tipas: Paauglio kambarys<br \/>\n\u012eranga: 1x lentyna<br \/>\nStal\u010di\u0173 skai\u010dius: 1<br \/>\nDur\u0173 skai\u010dius: 1<br \/>\nJungtys: Vyris: standartinis pasl\u0117ptas<br \/>\nRankena: plastikas<br \/>\nStal\u010diaus b\u0117gelis: ritininis kreiptuvas<br \/>\nP\u0117da\/koja: slysti vinimi<br \/>\nMed\u017eiaga: Korpusas: laminuota med\u017eio dro\u017eli\u0173 plok\u0161t\u0117: 16 mm<br \/>\nKorpuso kra\u0161to apdaila: A 0,45 mm<br \/>\nKorpuso spalva: grafitas \/ Ibseno bukas<br \/>\nVir\u0161us: laminuota med\u017eio dro\u017eli\u0173 plok\u0161t\u0117; 16 mm<br \/>\nVir\u0161utinio kra\u0161to apdaila: A 0,45 mm<br \/>\nFaneruot\u0173 vir\u0161utini\u0173 briaun\u0173 skai\u010dius: 4<br \/>\nVir\u0161utin\u0117 spalva: grafitas<br \/>\nGalin\u0117 siena: HDF plok\u0161t\u0117; 3 mm<br \/>\nMatomos galin\u0117s sienos apdaila: laminatas<br \/>\nNematoma galin\u0117s sienos apdaila: laminatas<br \/>\nTvirtinimas prie galin\u0117s sienos: Nuta<br \/>\nGalin\u0117s sienel\u0117s spalva: grafitas<br \/>\nLentyna: laminuota med\u017eio dro\u017eli\u0173 plok\u0161t\u0117; 16 mm<br \/>\nLentynos kra\u0161to apdaila A 0,45 mm<br \/>\nKra\u0161t\u0173 juost\u0173 skai\u010dius: 1<br \/>\nLeistina lentyn\u0173 apkrova: 5 kg<br \/>\nLentynos spalva: Ibseno bukas<br \/>\nLentyn\u0173 skai\u010dius: 1<br \/>\nPriekin\u0117 dalis: laminuota med\u017eio dro\u017eli\u0173 plok\u0161t\u0117; 16 mm<br \/>\nPriekinio kra\u0161to apdaila: S 1,70 mm<br \/>\nPriekin\u0117 spalva: \u0161viesiai pilka\/balta<br \/>\nStal\u010diaus vidin\u0117 apdaila: balta juostel\u0117<br \/>\nStal\u010diaus dugnas: HDF plok\u0161t\u0117; 3 mm<\/p>","protected":false},"excerpt":{"rendered":"<p>Modelis: PO-11 Spalva: Grafito \/ Ibseno buko \/ \u0160viesiai pilka \/ Balta Matmenys: Plotis: 100 cm Auk\u0161tis: 41 cm Gylis: 50 cm Informacija: Formos pavadinimas: PO-11 Kolekcijos pavadinimas: POK Korpuso indeksas: PO11GBS Spalva: Grafito \/ Ibseno buko \/ \u0160viesiai pilka \/ Balta Baldo tipas: TV spintel\u0117 Korpuso apra\u0161ymas: 1D1S Plotis: 100 cm Auk\u0161tis: 41 cm Gylis: 50 cm [\u2026]<\/p>","protected":false},"featured_media":249880,"comment_status":"open","ping_status":"open","template":"","meta":[],"product_brand":[],"product_cat":[9260,2454,1175],"product_tag":[],"class_list":{"0":"post-249879","1":"product","2":"type-product","3":"status-publish","4":"has-post-thumbnail","6":"product_cat-furniture-system-pok-lenart","7":"product_cat-lenart","8":"product_cat-tv-stands","10":"first","11":"instock","12":"purchasable","13":"product-type-simple"},"_links":{"self":[{"href":"https:\/\/baldumarket.lt\/lt\/wp-json\/wp\/v2\/product\/249879","targetHints":{"allow":["GET"]}}],"collection":[{"href":"https:\/\/baldumarket.lt\/lt\/wp-json\/wp\/v2\/product"}],"about":[{"href":"https:\/\/baldumarket.lt\/lt\/wp-json\/wp\/v2\/types\/product"}],"replies":[{"embeddable":true,"href":"https:\/\/baldumarket.lt\/lt\/wp-json\/wp\/v2\/comments?post=249879"}],"wp:featuredmedia":[{"embeddable":true,"href":"https:\/\/baldumarket.lt\/lt\/wp-json\/wp\/v2\/media\/249880"}],"wp:attachment":[{"href":"https:\/\/baldumarket.lt\/lt\/wp-json\/wp\/v2\/media?parent=249879"}],"wp:term":[{"taxonomy":"product_brand","embeddable":true,"href":"https:\/\/baldumarket.lt\/lt\/wp-json\/wp\/v2\/product_brand?post=249879"},{"taxonomy":"product_cat","embeddable":true,"href":"https:\/\/baldumarket.lt\/lt\/wp-json\/wp\/v2\/product_cat?post=249879"},{"taxonomy":"product_tag","embeddable":true,"href":"https:\/\/baldumarket.lt\/lt\/wp-json\/wp\/v2\/product_tag?post=249879"}],"curies":[{"name":"wp","href":"https:\/\/api.w.org\/{rel}","templated":true}]}}