{"id":249874,"date":"2026-01-10T18:03:26","date_gmt":"2026-01-10T15:03:26","guid":{"rendered":"https:\/\/baldumarket.lt\/product\/biurko-loftowe-z-szuflada-110-teen-flex-tf-06-tf-15\/"},"modified":"2026-02-11T18:32:09","modified_gmt":"2026-02-11T15:32:09","slug":"biurko-loftowe-z-szuflada-110-teen-flex-tf-06-tf-15","status":"publish","type":"product","link":"https:\/\/baldumarket.lt\/lt\/product\/biurko-loftowe-z-szuflada-110-teen-flex-tf-06-tf-15\/","title":{"rendered":"Lofto stiliaus ra\u0161omasis stalas su stal\u010diumi 110 TEEN FLEX TF-06 + TF-15"},"content":{"rendered":"<p>Modelis: TF-06 + TF-15<br \/>\nSpalva: \u0161ilko pluo\u0161tas \/ nat\u016brali hikorija \/ neapdorotas plienas<br \/>\nMatmenys: Plotis 110 cm<br \/>\nAuk\u0161tis 76 cm<br \/>\nGylis 61 cm<br \/>\nPagrindin\u0117 informacija: Modelio pavadinimas: TF-06<br \/>\nKolekcijos pavadinimas: TEEN FLEX<br \/>\nModelio indeksas: TF6HRS<br \/>\nSpalva: nat\u016brali hikorija \/ neapdorotas plienas<br \/>\nBald\u0173 tipas: stalas<br \/>\nPlotis: 110 cm<br \/>\nAuk\u0161tis: 76 cm<br \/>\nGylis: 61 cm<br \/>\nModelio svoris: 28,5 kg<br \/>\nSurinkimas: reikalingas surinkimas<br \/>\nKolekcijos stilius: modernus<br \/>\n1 interjero tipas: jaunimo kambarys<br \/>\nStal\u010di\u0173 skai\u010dius: 2<br \/>\nJungtys: Rankena: n\u0117ra<br \/>\nStal\u010diaus b\u0117gelis: rutulinis guolis<br \/>\nMed\u017eiaga: Korpusas: 16 mm laminuota med\u017eio dro\u017eli\u0173 plok\u0161t\u0117<br \/>\nKorpuso kra\u0161to apdaila: A 0,45 mm; 1,7 mm<br \/>\nKorpuso spalva: \u0161ilkinis floksas<br \/>\nVir\u0161us: laminuota med\u017eio dro\u017eli\u0173 plok\u0161t\u0117; 22 mm<br \/>\nVir\u0161utinio kra\u0161to apdaila: S 1,7 mm<br \/>\nFaneruot\u0173 vir\u0161utini\u0173 briaun\u0173 skai\u010dius: 4<br \/>\nVir\u0161utin\u0117 spalva: \u0161ilkinis floksas<br \/>\nPriekin\u0117 dalis: laminuota med\u017eio dro\u017eli\u0173 plok\u0161t\u0117; 16 mm<br \/>\nPriekinio kra\u0161to apdaila: S 1,7 mm<br \/>\nPriekin\u0117s dalies spalva: nat\u016brali hikorija<br \/>\nStal\u010diaus vidin\u0117 apdaila: balta juostel\u0117<br \/>\nStal\u010diaus dugnas: HDF plok\u0161t\u0117; 3 mm<\/p>","protected":false},"excerpt":{"rendered":"<p>Model: TF-06 + TF-15 Color: silk flou \/ natural hickory \/ raw steel Dimensions: Width 110 cm Height 76 cm Depth 61 cm Basic information: Model name: TF-06 Collection name: TEEN FLEX Model index: TF6HRS Color: natural hickory \/ raw steel Furniture type: desk Width: 110 cm Height: 76 cm Depth: 61 cm Model weight: [&hellip;]<\/p>","protected":false},"featured_media":249875,"comment_status":"open","ping_status":"open","template":"","meta":[],"product_brand":[],"product_cat":[9253,1312,2454],"product_tag":[],"class_list":{"0":"post-249874","1":"product","2":"type-product","3":"status-publish","4":"has-post-thumbnail","6":"product_cat-furniture-system-teen-flex-lenart","7":"product_cat-desks","8":"product_cat-lenart","10":"first","11":"instock","12":"purchasable","13":"product-type-simple"},"_links":{"self":[{"href":"https:\/\/baldumarket.lt\/lt\/wp-json\/wp\/v2\/product\/249874","targetHints":{"allow":["GET"]}}],"collection":[{"href":"https:\/\/baldumarket.lt\/lt\/wp-json\/wp\/v2\/product"}],"about":[{"href":"https:\/\/baldumarket.lt\/lt\/wp-json\/wp\/v2\/types\/product"}],"replies":[{"embeddable":true,"href":"https:\/\/baldumarket.lt\/lt\/wp-json\/wp\/v2\/comments?post=249874"}],"wp:featuredmedia":[{"embeddable":true,"href":"https:\/\/baldumarket.lt\/lt\/wp-json\/wp\/v2\/media\/249875"}],"wp:attachment":[{"href":"https:\/\/baldumarket.lt\/lt\/wp-json\/wp\/v2\/media?parent=249874"}],"wp:term":[{"taxonomy":"product_brand","embeddable":true,"href":"https:\/\/baldumarket.lt\/lt\/wp-json\/wp\/v2\/product_brand?post=249874"},{"taxonomy":"product_cat","embeddable":true,"href":"https:\/\/baldumarket.lt\/lt\/wp-json\/wp\/v2\/product_cat?post=249874"},{"taxonomy":"product_tag","embeddable":true,"href":"https:\/\/baldumarket.lt\/lt\/wp-json\/wp\/v2\/product_tag?post=249874"}],"curies":[{"name":"wp","href":"https:\/\/api.w.org\/{rel}","templated":true}]}}