{"id":249858,"date":"2026-01-10T18:03:20","date_gmt":"2026-01-10T15:03:20","guid":{"rendered":"https:\/\/baldumarket.lt\/product\/zestaw-mebli-teen-flex-set-02\/"},"modified":"2026-02-11T18:32:09","modified_gmt":"2026-02-11T15:32:09","slug":"zestaw-mebli-teen-flex-set-02","status":"publish","type":"product","link":"https:\/\/baldumarket.lt\/lt\/product\/zestaw-mebli-teen-flex-set-02\/","title":{"rendered":"TEEN FLEX SET-02 bald\u0173 komplektas"},"content":{"rendered":"<p>Modelis: TFS-2<br \/>\nSpalva: \u0161ilko pluo\u0161tas \/ nat\u016brali hikorija \/ neapdorotas plienas<br \/>\nMatmenys: Plotis 239 cm<br \/>\n\u016agis 193 cm<br \/>\nGylis 61 cm<br \/>\nPagrindin\u0117 informacija: K\u0117bulo pavadinimas: TFS-2<br \/>\nKolekcijos pavadinimas: TEEN FLEX<br \/>\nK\u016bno indeksas: TFS2<br \/>\nSpalva: \u0161ilko pluo\u0161tas \/ nat\u016brali hikorija \/ neapdorotas plienas<br \/>\nBald\u0173 tipas: komplektas<br \/>\nK\u016bno charakteristikos: 2S \/ 3D \/ 3D \/ 1D<br \/>\nPlotis: 239 cm<br \/>\n\u016agis: 193 cm<br \/>\nGylis: 61 cm<br \/>\nK\u016bno svoris: 121 kg<br \/>\nSurinkimas: reikalingas surinkimas<br \/>\nKolekcijos stilius: modernus<br \/>\n1 interjero tipas: jaunimo kambarys<br \/>\n\u012eranga: 16 lentyn\u0173, 1 ap\u0161vietimas<br \/>\nStal\u010di\u0173 skai\u010dius: 2<br \/>\nDur\u0173 skai\u010dius: 6<br \/>\nFurnit\u016bra: vyris: pasl\u0117ptas, standartinis<br \/>\nRankena: n\u0117ra<br \/>\nStal\u010diaus b\u0117gelis: rutulinis guolis<br \/>\nP\u0117da\/koja: slysti vinimi\/metaline koja<br \/>\nAp\u0161vietimas \u012ftrauktas: Taip<br \/>\nAp\u0161vietimo tipas: LED<br \/>\nEnergijos klas\u0117: A++<br \/>\nMed\u017eiaga: Korpusas: Laminuota med\u017eio dro\u017eli\u0173 plok\u0161t\u0117: 16 mm; 22 mm<br \/>\nKorpuso kra\u0161to apdaila: A 0,45 mm; 1,7 mm<br \/>\nKorpuso spalva: Nat\u016brali hikorija \/ Neapdorotas plienas \/ \u0160ilko miltai<br \/>\nVir\u0161us: laminuota med\u017eio dro\u017eli\u0173 plok\u0161t\u0117; 16 mm<br \/>\nVir\u0161utinio kra\u0161to apdaila: A 0,45 mm; S 1,7 mm<br \/>\nBriaun\u0173 skai\u010dius: 4<br \/>\nVir\u0161utin\u0117 spalva: Nat\u016brali hikorija \/ Neapdorotas plienas \/ \u0160ilko miltai<br \/>\nNugara: HDF plok\u0161t\u0117; 3 mm<br \/>\nMatomos galin\u0117s plok\u0161t\u0117s apdaila: laminatas<br \/>\nNematoma galin\u0117s panel\u0117s apdaila: neapdorota<br \/>\nGalinio skydelio tvirtinimas: nuta<br \/>\nGalin\u0117s panel\u0117s spalva: balta<br \/>\nLentyna: laminuota med\u017eio dro\u017eli\u0173 plok\u0161t\u0117; 16 mm<br \/>\nLentynos kra\u0161to apdaila: A 0,45 mm<br \/>\nKlijuot\u0173 lentyn\u0173 kra\u0161t\u0173 skai\u010dius: 1<br \/>\nLeistina lentyn\u0173 apkrova: 5 kg<br \/>\nLentynos spalva: nat\u016brali hikorija \/ neapdorotas plienas \/ \u0161ilko pluo\u0161tas<br \/>\nLentyn\u0173 skai\u010dius: 7<br \/>\nPriekin\u0117 dalis: laminuota med\u017eio dro\u017eli\u0173 plok\u0161t\u0117; 16 mm<br \/>\nPriekinio kra\u0161to apdaila: S 1,7 mm<br \/>\nPriekin\u0117s dalies spalva: nat\u016brali hikorija \/ \u0161ilkinis floksas<br \/>\nStal\u010diaus vidin\u0117 apdaila: balta juostel\u0117<br \/>\nStal\u010diaus dugnas: HDF plok\u0161t\u0117; 3 mm<\/p>","protected":false},"excerpt":{"rendered":"<p>Model: TFS-2 Color: silk flou \/ natural hickory \/ raw steel Dimensions: Width 239 cm Height 193 cm Depth 61 cm Basic information: Body name: TFS-2 Collection name: TEEN FLEX Body index: TFS2 Color: silk flou \/ natural hickory \/ raw steel Furniture type: set Body characteristics: 2S \/ 3D \/ 3D \/ 1D Width: [&hellip;]<\/p>","protected":false},"featured_media":249859,"comment_status":"open","ping_status":"open","template":"","meta":[],"product_brand":[],"product_cat":[9253,9134,2454],"product_tag":[],"class_list":{"0":"post-249858","1":"product","2":"type-product","3":"status-publish","4":"has-post-thumbnail","6":"product_cat-furniture-system-teen-flex-lenart","7":"product_cat-bedroom-sets","8":"product_cat-lenart","10":"first","11":"instock","12":"purchasable","13":"product-type-simple"},"_links":{"self":[{"href":"https:\/\/baldumarket.lt\/lt\/wp-json\/wp\/v2\/product\/249858","targetHints":{"allow":["GET"]}}],"collection":[{"href":"https:\/\/baldumarket.lt\/lt\/wp-json\/wp\/v2\/product"}],"about":[{"href":"https:\/\/baldumarket.lt\/lt\/wp-json\/wp\/v2\/types\/product"}],"replies":[{"embeddable":true,"href":"https:\/\/baldumarket.lt\/lt\/wp-json\/wp\/v2\/comments?post=249858"}],"wp:featuredmedia":[{"embeddable":true,"href":"https:\/\/baldumarket.lt\/lt\/wp-json\/wp\/v2\/media\/249859"}],"wp:attachment":[{"href":"https:\/\/baldumarket.lt\/lt\/wp-json\/wp\/v2\/media?parent=249858"}],"wp:term":[{"taxonomy":"product_brand","embeddable":true,"href":"https:\/\/baldumarket.lt\/lt\/wp-json\/wp\/v2\/product_brand?post=249858"},{"taxonomy":"product_cat","embeddable":true,"href":"https:\/\/baldumarket.lt\/lt\/wp-json\/wp\/v2\/product_cat?post=249858"},{"taxonomy":"product_tag","embeddable":true,"href":"https:\/\/baldumarket.lt\/lt\/wp-json\/wp\/v2\/product_tag?post=249858"}],"curies":[{"name":"wp","href":"https:\/\/api.w.org\/{rel}","templated":true}]}}