{"id":249827,"date":"2026-01-10T18:03:07","date_gmt":"2026-01-10T15:03:07","guid":{"rendered":"https:\/\/baldumarket.lt\/product\/witryna-z-oswietleniem-trend-07-bialy-czarne-nogi\/"},"modified":"2026-02-11T18:32:09","modified_gmt":"2026-02-11T15:32:09","slug":"witryna-z-oswietleniem-trend-07-bialy-czarne-nogi","status":"publish","type":"product","link":"https:\/\/baldumarket.lt\/lt\/product\/witryna-z-oswietleniem-trend-07-bialy-czarne-nogi\/","title":{"rendered":"TREND 07 vitrina su ap\u0161vietimu, baltos\/juodos kojel\u0117s"},"content":{"rendered":"<p>Kolekcija: TREND<br \/>\nModelis: TR-07<br \/>\nSpalva: balta \/ juoda<br \/>\nMatmenys: Plotis: 92 cm<br \/>\n\u016agis: 196 cm<br \/>\nGylis: 34 cm<br \/>\nPagrindin\u0117 informacija: Formos indeksas: TR7BIC<br \/>\nFormos charakteristikos: 2D<br \/>\nFormos svoris: 79 kg<br \/>\nSurinkimas: Reikalingas surinkimas<br \/>\n\u012eranga: 12 lentyn\u0173<br \/>\nDur\u0173 skai\u010dius: 2<br \/>\nAp\u0161vietimas: LED juostel\u0117 komplekte<br \/>\nPasirinktinai: papildomas lentyn\u0173 ap\u0161vietimas<br \/>\nJungtys: Vyris: R\u0117mo vyris<br \/>\nP\u0117da\/koja: metalin\u0117 koja<br \/>\nMed\u017eiaga: Korpusas: Laminuota med\u017eio dro\u017eli\u0173 plok\u0161t\u0117; 16 mm<br \/>\nKorpuso kra\u0161to apdaila: 0,45 mm; 1,00 mm<br \/>\nKorpuso spalva: balta\/juoda<br \/>\nStalvir\u0161is: laminuota med\u017eio dro\u017eli\u0173 plok\u0161t\u0117; 16 mm<br \/>\nVir\u0161utin\u0117s plok\u0161t\u0117s kra\u0161to apdaila: 1,00 mm<br \/>\nKlijuot\u0173 kra\u0161t\u0173 skai\u010dius: 4<br \/>\nVir\u0161utin\u0117s plok\u0161t\u0117s spalva: balta<br \/>\nGalin\u0117 siena: 16 mm laminuota med\u017eio dro\u017eli\u0173 plok\u0161t\u0117<br \/>\nMatomos galin\u0117s sienos apdaila: laminatas<br \/>\nNematoma galin\u0117s sienos apdaila: laminatas<br \/>\nGalin\u0117s sienos spalva: Arvadonna ka\u0161tonin\u0117<br \/>\nLentyna: laminuota med\u017eio dro\u017eli\u0173 plok\u0161t\u0117; 16 mm<br \/>\nLentynos kra\u0161to apdaila: 0,45 mm<br \/>\nKlijuot\u0173 kra\u0161t\u0173 skai\u010dius: 1<br \/>\nLeistina lentyn\u0173 apkrova: 5 kg<br \/>\nLentynos spalva: juoda<br \/>\nLentyn\u0173 skai\u010dius: 8<br \/>\nPriekis: pusapvalis frezavimas; MDF; 18 mm<br \/>\nPriekin\u0117 spalva: juodas metalinis r\u0117mas<br \/>\nStiklinis priekis: gr\u016bdintas stiklas; 4 mm<br \/>\nStiklo priekin\u0117s dalies spalva: Antisol grafitas<\/p>","protected":false},"excerpt":{"rendered":"<p>Collection: TREND Model: TR-07 Color: White \/ Black Dimensions: Width: 92 cm Height: 196 cm Depth: 34 cm Basic information: Shape index: TR7BIC Shape characteristics: 2D Shape weight: 79 kg Assembly: Assembly required Equipment: 12 shelves Number of doors: 2 Lighting: LED strip included Optional: Additional shelf lighting Fittings: Hinge: Frame hinge Foot\/leg: Metal leg [&hellip;]<\/p>","protected":false},"featured_media":249828,"comment_status":"open","ping_status":"open","template":"","meta":[],"product_brand":[],"product_cat":[9268,2454,2006],"product_tag":[],"class_list":{"0":"post-249827","1":"product","2":"type-product","3":"status-publish","4":"has-post-thumbnail","6":"product_cat-furniture-system-trend-lenart","7":"product_cat-lenart","8":"product_cat-vitrines","10":"first","11":"instock","12":"purchasable","13":"product-type-simple"},"_links":{"self":[{"href":"https:\/\/baldumarket.lt\/lt\/wp-json\/wp\/v2\/product\/249827","targetHints":{"allow":["GET"]}}],"collection":[{"href":"https:\/\/baldumarket.lt\/lt\/wp-json\/wp\/v2\/product"}],"about":[{"href":"https:\/\/baldumarket.lt\/lt\/wp-json\/wp\/v2\/types\/product"}],"replies":[{"embeddable":true,"href":"https:\/\/baldumarket.lt\/lt\/wp-json\/wp\/v2\/comments?post=249827"}],"wp:featuredmedia":[{"embeddable":true,"href":"https:\/\/baldumarket.lt\/lt\/wp-json\/wp\/v2\/media\/249828"}],"wp:attachment":[{"href":"https:\/\/baldumarket.lt\/lt\/wp-json\/wp\/v2\/media?parent=249827"}],"wp:term":[{"taxonomy":"product_brand","embeddable":true,"href":"https:\/\/baldumarket.lt\/lt\/wp-json\/wp\/v2\/product_brand?post=249827"},{"taxonomy":"product_cat","embeddable":true,"href":"https:\/\/baldumarket.lt\/lt\/wp-json\/wp\/v2\/product_cat?post=249827"},{"taxonomy":"product_tag","embeddable":true,"href":"https:\/\/baldumarket.lt\/lt\/wp-json\/wp\/v2\/product_tag?post=249827"}],"curies":[{"name":"wp","href":"https:\/\/api.w.org\/{rel}","templated":true}]}}