{"id":249768,"date":"2026-01-10T18:02:41","date_gmt":"2026-01-10T15:02:41","guid":{"rendered":"https:\/\/baldumarket.lt\/product\/szafka-rtv-ryflowana-trend-06-bialy-czarne-nogi\/"},"modified":"2026-02-11T18:32:09","modified_gmt":"2026-02-11T15:32:09","slug":"szafka-rtv-ryflowana-trend-06-bialy-czarne-nogi","status":"publish","type":"product","link":"https:\/\/baldumarket.lt\/lt\/product\/szafka-rtv-ryflowana-trend-06-bialy-czarne-nogi\/","title":{"rendered":"TV spintel\u0117 su grioveliais TREND 06, baltos\/juodos kojel\u0117s"},"content":{"rendered":"<p>Kolekcija: TREND<br \/>\nModelis: TR-06<br \/>\nSpalva: balta \/ juoda<br \/>\nMatmenys: Plotis: 193 cm<br \/>\nAuk\u0161tis: 56 cm<br \/>\nGylis: 40 cm<br \/>\nPagrindin\u0117 informacija: K\u016bno indeksas: TR6BIC<br \/>\nK\u016bno charakteristikos: 4D<br \/>\nK\u016bno svoris: 39,5 kg<br \/>\nSurinkimas: Reikalingas surinkimas<br \/>\n\u012eranga: 1 lentyna<br \/>\nDur\u0173 skai\u010dius: 4<br \/>\n\u012etrauktas LED ap\u0161vietimas<br \/>\nJungiamosios detal\u0117s: Vyris: Pasl\u0117ptas spaustukas<br \/>\nRankena: Atidaroma stumiant<br \/>\nP\u0117da\/koja: metalin\u0117 koja<br \/>\nMed\u017eiaga: Korpusas: Laminuota med\u017eio dro\u017eli\u0173 plok\u0161t\u0117; 16 mm<br \/>\nKorpuso kra\u0161to apdaila: 0,45 mm; 1,00 mm<br \/>\nKorpuso spalva: balta\/juoda<br \/>\nStalvir\u0161is: laminuota med\u017eio dro\u017eli\u0173 plok\u0161t\u0117; 16 mm<br \/>\nVir\u0161utinio kra\u0161to apdaila: 1,00 mm<br \/>\nFaneruot\u0173 vir\u0161utini\u0173 briaun\u0173 skai\u010dius: 4<br \/>\nVir\u0161utin\u0117 spalva: balta<br \/>\nGalin\u0117 siena: HDF plok\u0161t\u0117; 3 mm<br \/>\nMatomos galin\u0117s sienos apdaila: laminatas<br \/>\nNematoma galin\u0117s sienel\u0117s apdaila: neapdorota<br \/>\nTvirtinimas prie galin\u0117s sienos: ver\u017el\u0117<br \/>\nGalin\u0117s sienos spalva: juoda<br \/>\nPriekin\u0117 dalis: pusapvalis frezavimas; MDF plok\u0161t\u0117; 18 mm<br \/>\nPriekin\u0117 spalva: balta\/juoda<\/p>","protected":false},"excerpt":{"rendered":"<p>Collection: TREND Model: TR-06 Color: White \/ Black Dimensions: Width: 193 cm Height: 56 cm Depth: 40 cm Basic information: Body index: TR6BIC Body characteristics: 4D Body weight: 39.5 kg Assembly: Assembly required Equipment: 1x shelf Number of doors: 4 LED lighting included Fittings: Hinge: Concealed clip Handle: Push-open Foot\/leg: Metal leg Material: Body: Laminated [&hellip;]<\/p>","protected":false},"featured_media":249769,"comment_status":"open","ping_status":"open","template":"","meta":[],"product_brand":[],"product_cat":[9268,2454,1175],"product_tag":[],"class_list":{"0":"post-249768","1":"product","2":"type-product","3":"status-publish","4":"has-post-thumbnail","6":"product_cat-furniture-system-trend-lenart","7":"product_cat-lenart","8":"product_cat-tv-stands","10":"first","11":"instock","12":"purchasable","13":"product-type-simple"},"_links":{"self":[{"href":"https:\/\/baldumarket.lt\/lt\/wp-json\/wp\/v2\/product\/249768","targetHints":{"allow":["GET"]}}],"collection":[{"href":"https:\/\/baldumarket.lt\/lt\/wp-json\/wp\/v2\/product"}],"about":[{"href":"https:\/\/baldumarket.lt\/lt\/wp-json\/wp\/v2\/types\/product"}],"replies":[{"embeddable":true,"href":"https:\/\/baldumarket.lt\/lt\/wp-json\/wp\/v2\/comments?post=249768"}],"wp:featuredmedia":[{"embeddable":true,"href":"https:\/\/baldumarket.lt\/lt\/wp-json\/wp\/v2\/media\/249769"}],"wp:attachment":[{"href":"https:\/\/baldumarket.lt\/lt\/wp-json\/wp\/v2\/media?parent=249768"}],"wp:term":[{"taxonomy":"product_brand","embeddable":true,"href":"https:\/\/baldumarket.lt\/lt\/wp-json\/wp\/v2\/product_brand?post=249768"},{"taxonomy":"product_cat","embeddable":true,"href":"https:\/\/baldumarket.lt\/lt\/wp-json\/wp\/v2\/product_cat?post=249768"},{"taxonomy":"product_tag","embeddable":true,"href":"https:\/\/baldumarket.lt\/lt\/wp-json\/wp\/v2\/product_tag?post=249768"}],"curies":[{"name":"wp","href":"https:\/\/api.w.org\/{rel}","templated":true}]}}