{"id":249683,"date":"2026-01-10T18:02:08","date_gmt":"2026-01-10T15:02:08","guid":{"rendered":"https:\/\/baldumarket.lt\/product\/komoda-wysoka-trend-03-szary-czarne-nogi\/"},"modified":"2026-02-11T18:32:10","modified_gmt":"2026-02-11T15:32:10","slug":"komoda-wysoka-trend-03-szary-czarne-nogi","status":"publish","type":"product","link":"https:\/\/baldumarket.lt\/lt\/product\/komoda-wysoka-trend-03-szary-czarne-nogi\/","title":{"rendered":"TREND 03 auk\u0161ta komoda, pilkos\/juodos kojel\u0117s"},"content":{"rendered":"<p>Kolekcija: TREND<br \/>\nModelis: TR-03<br \/>\nSpalva: pilka \/ juoda<br \/>\nMatmenys: Plotis: 98 cm<br \/>\nAuk\u0161tis: 140 cm<br \/>\nGylis: 40 cm<br \/>\nPagrindin\u0117 informacija: Formos indeksas: TR3SC<br \/>\nFormos charakteristikos: 4D<br \/>\nFormos svoris: 56 kg<br \/>\nSurinkimas: Reikalingas surinkimas<br \/>\n\u012eranga: 2 lentynos<br \/>\nDur\u0173 skai\u010dius: 4<br \/>\n\u012etrauktas LED ap\u0161vietimas<br \/>\nJungiamosios detal\u0117s: Vyris: Pasl\u0117ptas spaustukas<br \/>\nRankena: Atidaroma stumiant<br \/>\nP\u0117da\/koja: metalin\u0117 koja<br \/>\nMed\u017eiaga: Korpusas: Laminuota med\u017eio dro\u017eli\u0173 plok\u0161t\u0117; 16 mm<br \/>\nKorpuso kra\u0161to apdaila: 0,45 mm; 1,00 mm<br \/>\nKorpuso spalva: pilka \/ juoda<br \/>\nStalvir\u0161is: laminuota med\u017eio dro\u017eli\u0173 plok\u0161t\u0117; 16 mm<br \/>\nVir\u0161utin\u0117s plok\u0161t\u0117s kra\u0161to apdaila: 1,00 mm<br \/>\nKlijuot\u0173 kra\u0161t\u0173 skai\u010dius: 4<br \/>\nVir\u0161utin\u0117s plok\u0161t\u0117s spalva: pilka<br \/>\nGalin\u0117 siena: HDF plok\u0161t\u0117; 3 mm<br \/>\nMatomos galin\u0117s sienos apdaila: laminatas<br \/>\nNematoma galin\u0117s sienel\u0117s apdaila: neapdorota<br \/>\nTvirtinimas prie galin\u0117s sienos: ver\u017el\u0117<br \/>\nGalin\u0117s sienos spalva: juoda<br \/>\nLentyna: laminuota med\u017eio dro\u017eli\u0173 plok\u0161t\u0117; 16 mm<br \/>\nLentynos kra\u0161to apdaila: 0,45 mm<br \/>\nKlijuot\u0173 kra\u0161t\u0173 skai\u010dius: 1<br \/>\nLeistina lentyn\u0173 apkrova: 5 kg<br \/>\nLentynos spalva: juoda<br \/>\nLentyn\u0173 skai\u010dius: 6<br \/>\nPriekin\u0117 dalis: pusapvalis frezavimas; MDF plok\u0161t\u0117; 18 mm<br \/>\nPriekin\u0117 spalva: pilka\/juoda<\/p>","protected":false},"excerpt":{"rendered":"<p>Kolekcija: TREND Modelis: TR-03 Spalva: Pilka \/ Juoda Matmenys: Plotis: 98 cm Auk\u0161tis: 140 cm Gylis: 40 cm Pagrindin\u0117 informacija: Formos indeksas: TR3SC Formos charakteristikos: 4D Formos svoris: 56 kg Surinkimas: Reikalingas surinkimas \u012eranga: 2x lentynos Dur\u0173 skai\u010dius: 4 \u012eskai\u010diuotas LED ap\u0161vietimas Furnit\u016bra: Vyris: Pasl\u0117ptas spaustukas Rankena: Atidaroma spustel\u0117jus Kojel\u0117\/koja: Metalin\u0117 koja Med\u017eiaga: Korpusas: Laminuota [\u2026]<\/p>","protected":false},"featured_media":249684,"comment_status":"open","ping_status":"open","template":"","meta":[],"product_brand":[],"product_cat":[9268,1173,2454],"product_tag":[],"class_list":{"0":"post-249683","1":"product","2":"type-product","3":"status-publish","4":"has-post-thumbnail","6":"product_cat-furniture-system-trend-lenart","7":"product_cat-chests-of-drawers","8":"product_cat-lenart","10":"first","11":"instock","12":"purchasable","13":"product-type-simple"},"_links":{"self":[{"href":"https:\/\/baldumarket.lt\/lt\/wp-json\/wp\/v2\/product\/249683","targetHints":{"allow":["GET"]}}],"collection":[{"href":"https:\/\/baldumarket.lt\/lt\/wp-json\/wp\/v2\/product"}],"about":[{"href":"https:\/\/baldumarket.lt\/lt\/wp-json\/wp\/v2\/types\/product"}],"replies":[{"embeddable":true,"href":"https:\/\/baldumarket.lt\/lt\/wp-json\/wp\/v2\/comments?post=249683"}],"wp:featuredmedia":[{"embeddable":true,"href":"https:\/\/baldumarket.lt\/lt\/wp-json\/wp\/v2\/media\/249684"}],"wp:attachment":[{"href":"https:\/\/baldumarket.lt\/lt\/wp-json\/wp\/v2\/media?parent=249683"}],"wp:term":[{"taxonomy":"product_brand","embeddable":true,"href":"https:\/\/baldumarket.lt\/lt\/wp-json\/wp\/v2\/product_brand?post=249683"},{"taxonomy":"product_cat","embeddable":true,"href":"https:\/\/baldumarket.lt\/lt\/wp-json\/wp\/v2\/product_cat?post=249683"},{"taxonomy":"product_tag","embeddable":true,"href":"https:\/\/baldumarket.lt\/lt\/wp-json\/wp\/v2\/product_tag?post=249683"}],"curies":[{"name":"wp","href":"https:\/\/api.w.org\/{rel}","templated":true}]}}