{"id":249675,"date":"2026-01-10T18:02:05","date_gmt":"2026-01-10T15:02:05","guid":{"rendered":"https:\/\/baldumarket.lt\/product\/regal-27-teen-flex-tf-03-szybka-wysylka\/"},"modified":"2026-02-11T18:32:10","modified_gmt":"2026-02-11T15:32:10","slug":"regal-27-teen-flex-tf-03-szybka-wysylka","status":"publish","type":"product","link":"https:\/\/baldumarket.lt\/lt\/product\/regal-27-teen-flex-tf-03-szybka-wysylka\/","title":{"rendered":"27 \u201eTEEN FLEX TF-03\u201c lentyna | GREITAS PRISTATYMAS"},"content":{"rendered":"<p>Modelis: TF-03<br \/>\nSpalva: \u0161ilko pluo\u0161tas \/ nat\u016brali hikorija \/ neapdorotas plienas<br \/>\nMatmenys: Plotis 27 cm<br \/>\n\u016agis 218 cm<br \/>\nGylis 40 cm<br \/>\nPagrindin\u0117 informacija: Modelio pavadinimas: TF-03<br \/>\nKolekcijos pavadinimas: TEEN FLEX<br \/>\nModelio indeksas: TF3SFH<br \/>\nSpalva: \u0161ilkinis fluksas \/ nat\u016brali hikorija<br \/>\nBald\u0173 tipas: knyg\u0173 lentyna<br \/>\nPlotis: 27 cm<br \/>\n\u016agis: 218 cm<br \/>\nGylis: 40 cm<br \/>\nModelio svoris: 32 kg<br \/>\nSurinkimas: reikalingas surinkimas<br \/>\nKolekcijos stilius: modernus<br \/>\n1 interjero tipas: jaunimo kambarys<br \/>\n\u012eranga: 6 lentynos<br \/>\nJungtys: Rankena: n\u0117ra<br \/>\nP\u0117da\/koja: slysti vinimi<br \/>\nMed\u017eiaga: Korpusas: 16 mm laminuota med\u017eio dro\u017eli\u0173 plok\u0161t\u0117<br \/>\nKorpuso kra\u0161to apdaila: A 0,45 mm; 1,7 mm<br \/>\nR\u0117mo spalva: \u0161ilko floksas<br \/>\nGalin\u0117 siena: laminuota med\u017eio dro\u017eli\u0173 plok\u0161t\u0117; 16 mm<br \/>\nGalin\u0117s sienos spalva: nat\u016brali hikorija<br \/>\nLentyna: laminuota med\u017eio dro\u017eli\u0173 plok\u0161t\u0117; 16 mm<br \/>\nLentynos kra\u0161to apdaila: A 0,45 mm<br \/>\nLentyn\u0173 kra\u0161t\u0173 juost\u0173 skai\u010dius: 1<br \/>\nLeistina lentyn\u0173 apkrova: 5 kg<br \/>\nLentynos spalva: nat\u016brali hikorija<br \/>\nLentyn\u0173 skai\u010dius: 6<\/p>","protected":false},"excerpt":{"rendered":"<p>Modelis: TF-03 Spalva: \u0161ilko danga \/ nat\u016brali hikorija \/ neapdorotas plienas Matmenys: Plotis 27 cm Auk\u0161tis 218 cm Gylis 40 cm Pagrindin\u0117 informacija: Modelio pavadinimas: TF-03 Kolekcijos pavadinimas: TEEN FLEX Modelio indeksas: TF3SFH Spalva: \u0161ilko danga \/ nat\u016brali hikorija Baldo tipas: knyg\u0173 lentyna Plotis: 27 cm Auk\u0161tis: 218 cm Gylis: 40 cm Modelio svoris: 32 kg [\u2026]<\/p>","protected":false},"featured_media":249676,"comment_status":"open","ping_status":"open","template":"","meta":[],"product_brand":[],"product_cat":[9253,2454,1987],"product_tag":[],"class_list":{"0":"post-249675","1":"product","2":"type-product","3":"status-publish","4":"has-post-thumbnail","6":"product_cat-furniture-system-teen-flex-lenart","7":"product_cat-lenart","8":"product_cat-shelving-units","10":"first","11":"instock","12":"purchasable","13":"product-type-simple"},"_links":{"self":[{"href":"https:\/\/baldumarket.lt\/lt\/wp-json\/wp\/v2\/product\/249675","targetHints":{"allow":["GET"]}}],"collection":[{"href":"https:\/\/baldumarket.lt\/lt\/wp-json\/wp\/v2\/product"}],"about":[{"href":"https:\/\/baldumarket.lt\/lt\/wp-json\/wp\/v2\/types\/product"}],"replies":[{"embeddable":true,"href":"https:\/\/baldumarket.lt\/lt\/wp-json\/wp\/v2\/comments?post=249675"}],"wp:featuredmedia":[{"embeddable":true,"href":"https:\/\/baldumarket.lt\/lt\/wp-json\/wp\/v2\/media\/249676"}],"wp:attachment":[{"href":"https:\/\/baldumarket.lt\/lt\/wp-json\/wp\/v2\/media?parent=249675"}],"wp:term":[{"taxonomy":"product_brand","embeddable":true,"href":"https:\/\/baldumarket.lt\/lt\/wp-json\/wp\/v2\/product_brand?post=249675"},{"taxonomy":"product_cat","embeddable":true,"href":"https:\/\/baldumarket.lt\/lt\/wp-json\/wp\/v2\/product_cat?post=249675"},{"taxonomy":"product_tag","embeddable":true,"href":"https:\/\/baldumarket.lt\/lt\/wp-json\/wp\/v2\/product_tag?post=249675"}],"curies":[{"name":"wp","href":"https:\/\/api.w.org\/{rel}","templated":true}]}}