{"id":249588,"date":"2026-01-10T18:01:31","date_gmt":"2026-01-10T15:01:31","guid":{"rendered":"https:\/\/baldumarket.lt\/product\/stolik-kawowy-frezowany-trend-09-czarny-czarne-nogi\/"},"modified":"2026-02-11T18:32:11","modified_gmt":"2026-02-11T15:32:11","slug":"stolik-kawowy-frezowany-trend-09-czarny-czarne-nogi","status":"publish","type":"product","link":"https:\/\/baldumarket.lt\/lt\/product\/stolik-kawowy-frezowany-trend-09-czarny-czarne-nogi\/","title":{"rendered":"TREND 09 frezuotas kavos staliukas, juodas\/juodos kojel\u0117s"},"content":{"rendered":"<p>Kolekcija: TREND<br \/>\nModelis: TR-09<br \/>\nSpalva: juoda<br \/>\nMatmenys: Plotis: 100 cm<br \/>\nAuk\u0161tis: 50 cm<br \/>\nGylis: 70 cm<br \/>\nPagrindin\u0117 informacija: K\u0117bulo indeksas: TR9C<br \/>\nK\u016bno charakteristikos: 1K<br \/>\nK\u016bno svoris: 27,5 kg<br \/>\nSurinkimas: Reikalingas surinkimas<br \/>\nDur\u0173 skai\u010dius: 1<br \/>\nJungiamosios detal\u0117s: Vyris: Puodelio spaustukas<br \/>\nRankena: Atidaroma stumiant<br \/>\nP\u0117da\/koja: metalin\u0117 koja<br \/>\nMed\u017eiaga: Korpusas: Laminuota med\u017eio dro\u017eli\u0173 plok\u0161t\u0117; 16 mm<br \/>\nKorpuso kra\u0161to apdaila: 0,45 mm; 1,00 mm<br \/>\nKorpuso spalva: juoda<br \/>\nVir\u0161us: laminuota med\u017eio dro\u017eli\u0173 plok\u0161t\u0117; 16 mm<br \/>\nVir\u0161utinio kra\u0161to apdaila: 1,00 mm<br \/>\nKlijuot\u0173 vir\u0161utini\u0173 kra\u0161t\u0173 skai\u010dius: 4<br \/>\nVir\u0161utin\u0117 spalva: juoda<br \/>\nPriekis: tiesiai frezuotas; MDF; 18 mm<br \/>\nPriekin\u0117 spalva: juoda<\/p>","protected":false},"excerpt":{"rendered":"<p>Kolekcija: TREND Modelis: TR-09 Spalva: Juoda Matmenys: Plotis: 100 cm Auk\u0161tis: 50 cm Gylis: 70 cm Pagrindin\u0117 informacija: Korpuso indeksas: TR9C Korpuso charakteristikos: 1K Korpuso svoris: 27,5 kg Surinkimas: Reikalingas surinkimas Dur\u0173 skai\u010dius: 1 Furnit\u016bra: Vyris: Kau\u0161elio formos spaustukas Rankena: Atidaroma spustel\u0117jus Kojel\u0117\/koja: Metalin\u0117 Kojel\u0117s med\u017eiaga: Korpusas: Laminuota med\u017eio dro\u017eli\u0173 plok\u0161t\u0117; 16 mm Korpuso kra\u0161to apdaila: 0,45 mm; 1,00 mm Korpuso [\u2026]<\/p>","protected":false},"featured_media":249589,"comment_status":"open","ping_status":"open","template":"","meta":[],"product_brand":[],"product_cat":[9268,866,2454],"product_tag":[],"class_list":{"0":"post-249588","1":"product","2":"type-product","3":"status-publish","4":"has-post-thumbnail","6":"product_cat-furniture-system-trend-lenart","7":"product_cat-coffee-tables","8":"product_cat-lenart","10":"first","11":"instock","12":"purchasable","13":"product-type-simple"},"_links":{"self":[{"href":"https:\/\/baldumarket.lt\/lt\/wp-json\/wp\/v2\/product\/249588","targetHints":{"allow":["GET"]}}],"collection":[{"href":"https:\/\/baldumarket.lt\/lt\/wp-json\/wp\/v2\/product"}],"about":[{"href":"https:\/\/baldumarket.lt\/lt\/wp-json\/wp\/v2\/types\/product"}],"replies":[{"embeddable":true,"href":"https:\/\/baldumarket.lt\/lt\/wp-json\/wp\/v2\/comments?post=249588"}],"wp:featuredmedia":[{"embeddable":true,"href":"https:\/\/baldumarket.lt\/lt\/wp-json\/wp\/v2\/media\/249589"}],"wp:attachment":[{"href":"https:\/\/baldumarket.lt\/lt\/wp-json\/wp\/v2\/media?parent=249588"}],"wp:term":[{"taxonomy":"product_brand","embeddable":true,"href":"https:\/\/baldumarket.lt\/lt\/wp-json\/wp\/v2\/product_brand?post=249588"},{"taxonomy":"product_cat","embeddable":true,"href":"https:\/\/baldumarket.lt\/lt\/wp-json\/wp\/v2\/product_cat?post=249588"},{"taxonomy":"product_tag","embeddable":true,"href":"https:\/\/baldumarket.lt\/lt\/wp-json\/wp\/v2\/product_tag?post=249588"}],"curies":[{"name":"wp","href":"https:\/\/api.w.org\/{rel}","templated":true}]}}