{"id":249556,"date":"2026-01-10T18:01:18","date_gmt":"2026-01-10T15:01:18","guid":{"rendered":"https:\/\/baldumarket.lt\/product\/szafka-nocna-frezowana-trend-10-czarny-czarne-nogi\/"},"modified":"2026-02-11T18:32:11","modified_gmt":"2026-02-11T15:32:11","slug":"szafka-nocna-frezowana-trend-10-czarny-czarne-nogi","status":"publish","type":"product","link":"https:\/\/baldumarket.lt\/lt\/product\/szafka-nocna-frezowana-trend-10-czarny-czarne-nogi\/","title":{"rendered":"TREND 10 frezuot\u0173 naktini\u0173 staliuk\u0173 komplektas | Juoda, juodos kojel\u0117s"},"content":{"rendered":"<p>Kolekcija: TREND<br \/>\nModelis: TR-10<br \/>\nSpalva: juoda<br \/>\nMatmenys: Plotis: 46 cm<br \/>\nAuk\u0161tis: 50 cm<br \/>\nGylis: 40 cm<br \/>\nPagrindin\u0117 informacija: K\u0117bulo indeksas: TR10C<br \/>\nK\u0117bulo charakteristikos: 1S<br \/>\nK\u016bno svoris: 12 kg<br \/>\nSurinkimas: Reikalingas surinkimas<br \/>\nStal\u010di\u0173 skai\u010dius: 1<br \/>\nLED ap\u0161vietimas<br \/>\nFurnit\u016bra: Stal\u010diaus b\u0117gelis: atidaromas stumiant<br \/>\nP\u0117da\/koja: metalin\u0117 koja<br \/>\nMed\u017eiaga: Korpusas: laminuota med\u017eio dro\u017eli\u0173 plok\u0161t\u0117; 16 mm<br \/>\nKorpuso kra\u0161to apdaila: 0,45 mm; 1,00 mm<br \/>\nKorpuso spalva: juoda<br \/>\nVir\u0161us: laminuota med\u017eio dro\u017eli\u0173 plok\u0161t\u0117; 16 mm<br \/>\nVir\u0161utinio kra\u0161to apdaila: 1,00 mm<br \/>\nFaneruot\u0173 vir\u0161utini\u0173 briaun\u0173 skai\u010dius: 4<br \/>\nVir\u0161utin\u0117 spalva: juoda<br \/>\nGalin\u0117 siena: HDF plok\u0161t\u0117; 3 mm<br \/>\nMatomos galin\u0117s plok\u0161t\u0117s apdaila: laminatas<br \/>\nNematoma galin\u0117s panel\u0117s apdaila: neapdorota<br \/>\nGalinio skydelio tvirtinimas: ver\u017el\u0117<br \/>\nGalin\u0117s panel\u0117s spalva: juoda<br \/>\nPriekin\u0117 panel\u0117: tiesiai frezuota; MDF; 18 mm<br \/>\nPriekinio skydelio spalva: juoda<\/p>","protected":false},"excerpt":{"rendered":"<p>Collection: TREND Model: TR-10 Color: Black Dimensions: Width: 46 cm Height: 50 cm Depth: 40 cm Basic information: Body index: TR10C Body characteristics: 1S Body weight: 12 kg Assembly: Assembly required Number of drawers: 1 LED lighting Fittings: Drawer runner: push-open Foot\/leg: metal leg Material: Body: laminated chipboard; 16 mm Body edge finish: 0.45 mm; [&hellip;]<\/p>","protected":false},"featured_media":249557,"comment_status":"open","ping_status":"open","template":"","meta":[],"product_brand":[],"product_cat":[9268,1176,2454],"product_tag":[],"class_list":{"0":"post-249556","1":"product","2":"type-product","3":"status-publish","4":"has-post-thumbnail","6":"product_cat-furniture-system-trend-lenart","7":"product_cat-bedside-tables","8":"product_cat-lenart","10":"first","11":"instock","12":"purchasable","13":"product-type-simple"},"_links":{"self":[{"href":"https:\/\/baldumarket.lt\/lt\/wp-json\/wp\/v2\/product\/249556","targetHints":{"allow":["GET"]}}],"collection":[{"href":"https:\/\/baldumarket.lt\/lt\/wp-json\/wp\/v2\/product"}],"about":[{"href":"https:\/\/baldumarket.lt\/lt\/wp-json\/wp\/v2\/types\/product"}],"replies":[{"embeddable":true,"href":"https:\/\/baldumarket.lt\/lt\/wp-json\/wp\/v2\/comments?post=249556"}],"wp:featuredmedia":[{"embeddable":true,"href":"https:\/\/baldumarket.lt\/lt\/wp-json\/wp\/v2\/media\/249557"}],"wp:attachment":[{"href":"https:\/\/baldumarket.lt\/lt\/wp-json\/wp\/v2\/media?parent=249556"}],"wp:term":[{"taxonomy":"product_brand","embeddable":true,"href":"https:\/\/baldumarket.lt\/lt\/wp-json\/wp\/v2\/product_brand?post=249556"},{"taxonomy":"product_cat","embeddable":true,"href":"https:\/\/baldumarket.lt\/lt\/wp-json\/wp\/v2\/product_cat?post=249556"},{"taxonomy":"product_tag","embeddable":true,"href":"https:\/\/baldumarket.lt\/lt\/wp-json\/wp\/v2\/product_tag?post=249556"}],"curies":[{"name":"wp","href":"https:\/\/api.w.org\/{rel}","templated":true}]}}