{"id":249532,"date":"2026-01-10T18:01:08","date_gmt":"2026-01-10T15:01:08","guid":{"rendered":"https:\/\/baldumarket.lt\/product\/komoda-ryflowana-trend-01-czarny-czarne-nogi\/"},"modified":"2026-02-11T18:32:11","modified_gmt":"2026-02-11T15:32:11","slug":"komoda-ryflowana-trend-01-czarny-czarne-nogi","status":"publish","type":"product","link":"https:\/\/baldumarket.lt\/lt\/product\/komoda-ryflowana-trend-01-czarny-czarne-nogi\/","title":{"rendered":"TREND 01 komoda su grioveliais, juoda\/juodos kojel\u0117s"},"content":{"rendered":"<p>Kolekcija: TREND<br \/>\nModelis: TR-01<br \/>\nSpalva: Juoda \/ Juoda<br \/>\nMatmenys: Plotis: 166 cm<br \/>\nAuk\u0161tis: 83 cm<br \/>\nGylis: 40 cm<br \/>\nPagrindin\u0117 informacija: K\u0117bulo indeksas: TR1C<br \/>\nK\u0117bulo charakteristikos: 2D3S<br \/>\nK\u016bno svoris: 48 kg<br \/>\nSurinkimas: Reikalingas surinkimas<br \/>\n\u012eranga: 2 lentynos<br \/>\nStal\u010di\u0173 skai\u010dius: 3<br \/>\nDur\u0173 skai\u010dius: 2<br \/>\n\u012etrauktas LED ap\u0161vietimas<br \/>\nJungtys: Vyris: Pasl\u0117ptas u\u017esegimas<br \/>\nRankena: Atidaroma stumiant<br \/>\nStal\u010diaus b\u0117gelis: atidaromas stumiant<br \/>\nP\u0117da\/koja: metalin\u0117 koja<br \/>\nMed\u017eiaga: Korpusas: Laminuota med\u017eio dro\u017eli\u0173 plok\u0161t\u0117; 16 mm<br \/>\nKorpuso kra\u0161to apdaila: 0,45 mm; 1,00 mm<br \/>\nKorpuso spalva: juoda<br \/>\nVir\u0161us: laminuota med\u017eio dro\u017eli\u0173 plok\u0161t\u0117; 16 mm<br \/>\nVir\u0161utin\u0117s plok\u0161t\u0117s kra\u0161to apdaila: 1,00 mm<br \/>\nKlijuot\u0173 kra\u0161t\u0173 skai\u010dius: 4<br \/>\nVir\u0161utin\u0117s plok\u0161t\u0117s spalva: juoda<br \/>\nGalin\u0117 siena: HDF plok\u0161t\u0117; 3 mm<br \/>\nMatomos galin\u0117s sienos apdaila: laminatas<br \/>\nNematoma galin\u0117s sienel\u0117s apdaila: neapdorota<br \/>\nTvirtinimas prie galin\u0117s sienos: nuta<br \/>\nGalin\u0117s sienos spalva: juoda<br \/>\nLentyna: laminuota med\u017eio dro\u017eli\u0173 plok\u0161t\u0117; 16 mm<br \/>\nLentynos kra\u0161to apdaila: 0,45 mm<br \/>\nKlijuot\u0173 kra\u0161t\u0173 skai\u010dius: 1<br \/>\nLeistina lentyn\u0173 apkrova: 5 kg<br \/>\nLentynos spalva: juoda<br \/>\nLentyn\u0173 skai\u010dius: 2<br \/>\nPriekin\u0117 dalis: tiesus frezavimas; MDF plok\u0161t\u0117; 18 mm<br \/>\nPriekin\u0117 spalva: juoda<\/p>","protected":false},"excerpt":{"rendered":"<p>Collection: TREND Model: TR-01 Color: Black \/ Black Dimensions: Width: 166 cm Height: 83 cm Depth: 40 cm Basic information: Body index: TR1C Body characteristics: 2D3S Body weight: 48 kg Assembly: Assembly required Equipment: 2x shelves Number of drawers: 3 Number of doors: 2 LED lighting included Fittings: Hinge: Concealed clip-on Handle: Push-open Drawer runner: [&hellip;]<\/p>","protected":false},"featured_media":249533,"comment_status":"open","ping_status":"open","template":"","meta":[],"product_brand":[],"product_cat":[9268,1173,2454],"product_tag":[],"class_list":{"0":"post-249532","1":"product","2":"type-product","3":"status-publish","4":"has-post-thumbnail","6":"product_cat-furniture-system-trend-lenart","7":"product_cat-chests-of-drawers","8":"product_cat-lenart","10":"first","11":"instock","12":"purchasable","13":"product-type-simple"},"_links":{"self":[{"href":"https:\/\/baldumarket.lt\/lt\/wp-json\/wp\/v2\/product\/249532","targetHints":{"allow":["GET"]}}],"collection":[{"href":"https:\/\/baldumarket.lt\/lt\/wp-json\/wp\/v2\/product"}],"about":[{"href":"https:\/\/baldumarket.lt\/lt\/wp-json\/wp\/v2\/types\/product"}],"replies":[{"embeddable":true,"href":"https:\/\/baldumarket.lt\/lt\/wp-json\/wp\/v2\/comments?post=249532"}],"wp:featuredmedia":[{"embeddable":true,"href":"https:\/\/baldumarket.lt\/lt\/wp-json\/wp\/v2\/media\/249533"}],"wp:attachment":[{"href":"https:\/\/baldumarket.lt\/lt\/wp-json\/wp\/v2\/media?parent=249532"}],"wp:term":[{"taxonomy":"product_brand","embeddable":true,"href":"https:\/\/baldumarket.lt\/lt\/wp-json\/wp\/v2\/product_brand?post=249532"},{"taxonomy":"product_cat","embeddable":true,"href":"https:\/\/baldumarket.lt\/lt\/wp-json\/wp\/v2\/product_cat?post=249532"},{"taxonomy":"product_tag","embeddable":true,"href":"https:\/\/baldumarket.lt\/lt\/wp-json\/wp\/v2\/product_tag?post=249532"}],"curies":[{"name":"wp","href":"https:\/\/api.w.org\/{rel}","templated":true}]}}