{"id":249513,"date":"2026-01-10T18:01:00","date_gmt":"2026-01-10T15:01:00","guid":{"rendered":"https:\/\/baldumarket.lt\/product\/stolik-kawowy-frezowany-trend-09-dab-artisan-czarne-nogi\/"},"modified":"2026-02-11T18:32:12","modified_gmt":"2026-02-11T15:32:12","slug":"stolik-kawowy-frezowany-trend-09-dab-artisan-czarne-nogi","status":"publish","type":"product","link":"https:\/\/baldumarket.lt\/lt\/product\/stolik-kawowy-frezowany-trend-09-dab-artisan-czarne-nogi\/","title":{"rendered":"TREND 09 kavos staliukas, frezuotas, \u0105\u017euolo dirbiniai \/ juodos kojos"},"content":{"rendered":"<p>Kolekcija: TREND<br \/>\nModelis: TR-09<br \/>\nSpalva: Artisan \u0105\u017euolas \/ juoda<br \/>\nMatmenys: Plotis: 100 cm<br \/>\nAuk\u0161tis: 50 cm<br \/>\nGylis: 70 cm<br \/>\nPagrindin\u0117 informacija: K\u0117bulo indeksas: TR9DAC<br \/>\nK\u0117bulo charakteristikos: 1K<br \/>\nK\u016bno svoris: 27,5 kg<br \/>\nSurinkimas: Reikalingas surinkimas<br \/>\nDur\u0173 skai\u010dius: 1<br \/>\nJungtys: Vyris: Pasl\u0117ptas u\u017esegimas<br \/>\nRankena: Atidaroma stumiant<br \/>\nP\u0117da\/koja: metalin\u0117 koja<br \/>\nMed\u017eiaga: Korpusas: Laminuota med\u017eio dro\u017eli\u0173 plok\u0161t\u0117; 16 mm<br \/>\nKorpuso kra\u0161to apdaila: 0,45 mm; 1,00 mm<br \/>\nKorpuso spalva: Artisan Oak \/ Black<br \/>\nStalvir\u0161is: laminuota med\u017eio dro\u017eli\u0173 plok\u0161t\u0117; 16 mm<br \/>\nVir\u0161utinio kra\u0161to apdaila: 1,00 mm<br \/>\nFaneruot\u0173 vir\u0161utini\u0173 briaun\u0173 skai\u010dius: 4<br \/>\nVir\u0161utin\u0117 spalva: Artisan \u0105\u017euolas<br \/>\nPriekis: Tiesiai frezuotas; MDF; 18 mm<br \/>\nPriekin\u0117s dalies spalva: Artisan \u0105\u017euolas \/ juoda<\/p>","protected":false},"excerpt":{"rendered":"<p>Collection: TREND Model: TR-09 Color: Artisan Oak \/ Black Dimensions: Width: 100 cm Height: 50 cm Depth: 70 cm Basic information: Body index: TR9DAC Body characteristics: 1K Body weight: 27.5 kg Assembly: Assembly required Number of doors: 1 Fittings: Hinge: Concealed clip-on Handle: Push-open Foot\/leg: Metal leg Material: Body: Laminated chipboard; 16 mm Body edge [&hellip;]<\/p>","protected":false},"featured_media":249514,"comment_status":"open","ping_status":"open","template":"","meta":[],"product_brand":[],"product_cat":[9268,866,2454],"product_tag":[],"class_list":{"0":"post-249513","1":"product","2":"type-product","3":"status-publish","4":"has-post-thumbnail","6":"product_cat-furniture-system-trend-lenart","7":"product_cat-coffee-tables","8":"product_cat-lenart","10":"first","11":"instock","12":"purchasable","13":"product-type-simple"},"_links":{"self":[{"href":"https:\/\/baldumarket.lt\/lt\/wp-json\/wp\/v2\/product\/249513","targetHints":{"allow":["GET"]}}],"collection":[{"href":"https:\/\/baldumarket.lt\/lt\/wp-json\/wp\/v2\/product"}],"about":[{"href":"https:\/\/baldumarket.lt\/lt\/wp-json\/wp\/v2\/types\/product"}],"replies":[{"embeddable":true,"href":"https:\/\/baldumarket.lt\/lt\/wp-json\/wp\/v2\/comments?post=249513"}],"wp:featuredmedia":[{"embeddable":true,"href":"https:\/\/baldumarket.lt\/lt\/wp-json\/wp\/v2\/media\/249514"}],"wp:attachment":[{"href":"https:\/\/baldumarket.lt\/lt\/wp-json\/wp\/v2\/media?parent=249513"}],"wp:term":[{"taxonomy":"product_brand","embeddable":true,"href":"https:\/\/baldumarket.lt\/lt\/wp-json\/wp\/v2\/product_brand?post=249513"},{"taxonomy":"product_cat","embeddable":true,"href":"https:\/\/baldumarket.lt\/lt\/wp-json\/wp\/v2\/product_cat?post=249513"},{"taxonomy":"product_tag","embeddable":true,"href":"https:\/\/baldumarket.lt\/lt\/wp-json\/wp\/v2\/product_tag?post=249513"}],"curies":[{"name":"wp","href":"https:\/\/api.w.org\/{rel}","templated":true}]}}