{"id":249441,"date":"2026-01-10T18:00:30","date_gmt":"2026-01-10T15:00:30","guid":{"rendered":"https:\/\/baldumarket.lt\/product\/stolik-kawowy-piemonte-08-jesion-portland-czarny\/"},"modified":"2026-02-11T18:32:12","modified_gmt":"2026-02-11T15:32:12","slug":"stolik-kawowy-piemonte-08-jesion-portland-czarny","status":"publish","type":"product","link":"https:\/\/baldumarket.lt\/lt\/product\/stolik-kawowy-piemonte-08-jesion-portland-czarny\/","title":{"rendered":"PIEMONTE 08 Kavos staliukas, Portland, uosio spalvos\/juodas"},"content":{"rendered":"<p>Kolekcija: PIEMONTE<br \/>\nModelis: PE-08<br \/>\nSpalva: Portlando pelen\u0173 \/ juoda<br \/>\nMatmenys: Plotis: 134 cm<br \/>\nAuk\u0161tis: 40 cm<br \/>\nGylis: 60 cm<br \/>\nPagrindin\u0117 informacija: K\u0117bulo indeksas: PE8JCZ<br \/>\nK\u0117bulo charakteristikos: 1S<br \/>\nK\u016bno svoris: 28,5 kg<br \/>\nSurinkimas: Reikalingas surinkimas<br \/>\nStal\u010di\u0173 skai\u010dius: 1<br \/>\nStal\u010diaus b\u0117gelis: \u0160velniai u\u017esidarantis b\u0117gelis<br \/>\nP\u0117da\/koja: metalin\u0117 koja<br \/>\nMed\u017eiaga: Korpusas: Laminuota med\u017eio dro\u017eli\u0173 plok\u0161t\u0117; 16 mm; 22 mm<br \/>\nKorpuso kra\u0161to apdaila: 0,45 mm; 1,00 mm<br \/>\nKorpuso spalva: Portlando pelen\u0173 \/ juoda<br \/>\nVir\u0161us: laminuota med\u017eio dro\u017eli\u0173 plok\u0161t\u0117; 22 mm<br \/>\nVir\u0161utinio kra\u0161to apdaila: 0,45 mm; 1,00 mm<br \/>\nFaneruot\u0173 stalvir\u0161io kra\u0161t\u0173 skai\u010dius: 4<br \/>\nStalvir\u0161io spalva: Portland Ash<br \/>\nPriekin\u0117 dalis: laminuota med\u017eio dro\u017eli\u0173 plok\u0161t\u0117; 16 mm<br \/>\nPriekinio kra\u0161to apdaila: 1,00 mm<br \/>\nPriekin\u0117s dalies spalva: Portlando uosis<br \/>\nStal\u010diaus vidin\u0117 apdaila: juoda juostel\u0117<br \/>\nStal\u010diaus dugnas: HDF plok\u0161t\u0117; 3 mm<\/p>","protected":false},"excerpt":{"rendered":"<p>Kolekcija: PIEMONTE Modelis: PE-08 Spalva: Portlando uosio \/ juoda Matmenys: Plotis: 134 cm Auk\u0161tis: 40 cm Gylis: 60 cm Pagrindin\u0117 informacija: Korpuso indeksas: PE8JCZ Korpuso charakteristikos: 1S Korpuso svoris: 28,5 kg Surinkimas: Reikalingas surinkimas Stal\u010di\u0173 skai\u010dius: 1 Furnit\u016bra: Stal\u010diaus b\u0117gelis: \u0160velniai u\u017esidarantis b\u0117gelis Kojel\u0117\/koja: Metalin\u0117 koja Med\u017eiaga: Korpusas: Laminuota med\u017eio dro\u017eli\u0173 plok\u0161t\u0117; 16 mm; 22 mm Korpuso kra\u0161to apdaila: [\u2026]<\/p>","protected":false},"featured_media":249442,"comment_status":"open","ping_status":"open","template":"","meta":[],"product_brand":[],"product_cat":[9274,866,2454],"product_tag":[],"class_list":{"0":"post-249441","1":"product","2":"type-product","3":"status-publish","4":"has-post-thumbnail","6":"product_cat-furniture-system-piemonte-lenart","7":"product_cat-coffee-tables","8":"product_cat-lenart","10":"first","11":"instock","12":"purchasable","13":"product-type-simple"},"_links":{"self":[{"href":"https:\/\/baldumarket.lt\/lt\/wp-json\/wp\/v2\/product\/249441","targetHints":{"allow":["GET"]}}],"collection":[{"href":"https:\/\/baldumarket.lt\/lt\/wp-json\/wp\/v2\/product"}],"about":[{"href":"https:\/\/baldumarket.lt\/lt\/wp-json\/wp\/v2\/types\/product"}],"replies":[{"embeddable":true,"href":"https:\/\/baldumarket.lt\/lt\/wp-json\/wp\/v2\/comments?post=249441"}],"wp:featuredmedia":[{"embeddable":true,"href":"https:\/\/baldumarket.lt\/lt\/wp-json\/wp\/v2\/media\/249442"}],"wp:attachment":[{"href":"https:\/\/baldumarket.lt\/lt\/wp-json\/wp\/v2\/media?parent=249441"}],"wp:term":[{"taxonomy":"product_brand","embeddable":true,"href":"https:\/\/baldumarket.lt\/lt\/wp-json\/wp\/v2\/product_brand?post=249441"},{"taxonomy":"product_cat","embeddable":true,"href":"https:\/\/baldumarket.lt\/lt\/wp-json\/wp\/v2\/product_cat?post=249441"},{"taxonomy":"product_tag","embeddable":true,"href":"https:\/\/baldumarket.lt\/lt\/wp-json\/wp\/v2\/product_tag?post=249441"}],"curies":[{"name":"wp","href":"https:\/\/api.w.org\/{rel}","templated":true}]}}