{"id":249435,"date":"2026-01-10T18:00:27","date_gmt":"2026-01-10T15:00:27","guid":{"rendered":"https:\/\/baldumarket.lt\/product\/bed-concept-bc-17-zaglowek-tapicerowany-160-do-bc-12-szary-art-82626\/"},"modified":"2026-02-11T18:32:12","modified_gmt":"2026-02-11T15:32:12","slug":"bed-concept-bc-17-zaglowek-tapicerowany-160-do-bc-12-szary-art-82626","status":"publish","type":"product","link":"https:\/\/baldumarket.lt\/lt\/produktas\/bed-concept-bc-17-zaglowek-tapicerowany-160-do-bc-12-szary-art-82626\/","title":{"rendered":"Lovos koncepcija BC-17 \u2013 mink\u0161ta galvos atrama 160, skirta BC-12 \u2013 pilka ART 82626"},"content":{"rendered":"<p>Modelis: BC-17<br \/>\nSpalva: pilka<br \/>\nMatmenys: Kaip parodyta paveiksl\u0117lyje<br \/>\nDizainas: apmu\u0161tas galv\u016bgalis BC-12 sieninei lovai<br \/>\nTinka 160 cm \u010diu\u017einiui<br \/>\nApmu\u0161tas ART-82626 audiniu<br \/>\nKruop\u0161tus siuvimas ir apdaila<br \/>\nMink\u0161tas u\u017epildas komfortui<br \/>\nTvirta konstrukcija ilgalaikiam naudojimui<br \/>\nLenart sukurtos BED CONCEPT sistemos dalis<br \/>\nLengvai pritaikomas prie specialaus lovos modelio<br \/>\nModernus dizainas papildo j\u016bs\u0173 miegamojo interjer\u0105<br \/>\nNaujas produktas, gamykloje supakuotas, skirtas savaranki\u0161kam surinkimui<\/p>\n<p>\u201eLenart BED CONCEPT BC-17\u201c \u2013 tai apmu\u0161tas galv\u016bgalis, skirtas BC-12 sieninei lovai, skirtai 160 cm \u010diu\u017einiui. \u0160is \u201eLenart\u201c gaminys ne tik pagerina lovos komfort\u0105, bet ir suteikia modernumo j\u016bs\u0173 interjerui. D\u0117l ART-82626 audinio BC-17 galv\u016bgalis yra eleganti\u0161kas ir prakti\u0161kas j\u016bs\u0173 miegamojo papildymas. Galvos atrama puikiai tinka tiek kasdieniam naudojimui, tiek atsipalaidavimui, suteikia patogi\u0105 atram\u0105 skaitant ar ilsintis. Ji puikiai papildo \u201eBED CONCEPT\u201c sistem\u0105, sukurdama darni\u0105 visum\u0105 ir sustiprindama baldo charakter\u012f. \u0160is sprendimas derina estetik\u0105 ir funkcionalum\u0105.<\/p>","protected":false},"excerpt":{"rendered":"<p>Modelis: BC-17 Spalva: Pilka Matmenys: Kaip parodyta paveiksl\u0117lyje Dizainas: Apmu\u0161tas galv\u016bgalis BC-12 sieninei lovai Tinka 160 cm \u010diu\u017einiui Apmu\u0161tas ART-82626 audiniu Kruop\u0161tus siuvimas ir apdaila Mink\u0161tas u\u017epildas komfortui Tvirta konstrukcija ilgalaikiam naudojimui Lenart BED CONCEPT sistemos dalis Lengvai pritaikoma konkre\u010diam lovos modeliui Moderni i\u0161vaizda [\u2026]<\/p>","protected":false},"featured_media":249436,"comment_status":"open","ping_status":"open","template":"","meta":[],"product_brand":[],"product_cat":[2454,9196],"product_tag":[],"class_list":{"0":"post-249435","1":"product","2":"type-product","3":"status-publish","4":"has-post-thumbnail","6":"product_cat-lenart","7":"product_cat-furniture-system-bed-concept-lenart","9":"first","10":"instock","11":"purchasable","12":"product-type-simple"},"_links":{"self":[{"href":"https:\/\/baldumarket.lt\/lt\/wp-json\/wp\/v2\/product\/249435","targetHints":{"allow":["GET"]}}],"collection":[{"href":"https:\/\/baldumarket.lt\/lt\/wp-json\/wp\/v2\/product"}],"about":[{"href":"https:\/\/baldumarket.lt\/lt\/wp-json\/wp\/v2\/types\/product"}],"replies":[{"embeddable":true,"href":"https:\/\/baldumarket.lt\/lt\/wp-json\/wp\/v2\/comments?post=249435"}],"wp:featuredmedia":[{"embeddable":true,"href":"https:\/\/baldumarket.lt\/lt\/wp-json\/wp\/v2\/media\/249436"}],"wp:attachment":[{"href":"https:\/\/baldumarket.lt\/lt\/wp-json\/wp\/v2\/media?parent=249435"}],"wp:term":[{"taxonomy":"product_brand","embeddable":true,"href":"https:\/\/baldumarket.lt\/lt\/wp-json\/wp\/v2\/product_brand?post=249435"},{"taxonomy":"product_cat","embeddable":true,"href":"https:\/\/baldumarket.lt\/lt\/wp-json\/wp\/v2\/product_cat?post=249435"},{"taxonomy":"product_tag","embeddable":true,"href":"https:\/\/baldumarket.lt\/lt\/wp-json\/wp\/v2\/product_tag?post=249435"}],"curies":[{"name":"wp","href":"https:\/\/api.w.org\/{rel}","templated":true}]}}